{"id":216240,"date":"2025-03-20T16:39:07","date_gmt":"2025-03-20T16:39:07","guid":{"rendered":"https:\/\/aromasentia.com\/product\/raspberry-bliss-soap-bar-140g\/"},"modified":"2025-12-31T15:40:43","modified_gmt":"2025-12-31T15:40:43","slug":"hallon-bliss-tvalkaka-100g","status":"publish","type":"product","link":"https:\/\/aromasentia.com\/sv\/hallon-bliss-tvalkaka-100g\/","title":{"rendered":"Hallon Bliss Tv\u00e5lkaka &#8211; 100g"},"content":{"rendered":"<p><span style=\u201dcolor: rgb(75, 80, 88);\u201d>Uppt\u00e4ck cool &nbsp;Wild &amp; Natural Hand-Crafted <strong>Raspberry &amp; Vanilla Soap Bar &#8211; 100g<\/strong>. Upplev den s\u00f6ta och syrliga lockelsen av Raspberry &amp; Vanilla tv\u00e5llimpa. Denna tv\u00e5l kombinerar den livfulla aromen av mogna hallon med de lugnande tonerna av vanilj. Det \u00e4r en l\u00e4cker behandling f\u00f6r din hud som g\u00f6r att du k\u00e4nner dig uppfriskad och l\u00e4tt doftande.<\/span><\/p>\n<p><span style=\u201dcolor: rgb(75, 80, 88);\u201d><strong> OBSERVERA:<\/strong> V\u00e5ra tv\u00e5lar tillverkas f\u00f6r hand, s\u00e5 det kan finnas sm\u00e5 variationer i f\u00e4rg eller design j\u00e4mf\u00f6rt med de bilder som tillhandah\u00e5lls.<\/span><\/p>\n","protected":false},"excerpt":{"rendered":"<p>Uppt\u00e4ck cool &nbsp;Wild &amp; Natural Hand-Crafted Raspberry &amp; Vanilla Soap Bar &#8211; 100g. Upplev den s\u00f6ta och syrliga lockelsen av Raspberry &amp; Vanilla tv\u00e5llimpa. Denna tv\u00e5l kombinerar den livfulla aromen av mogna hallon med de lugnande tonerna av vanilj. Det \u00e4r en l\u00e4cker behandling f\u00f6r din hud som g\u00f6r att du k\u00e4nner dig uppfriskad och [&hellip;]<\/p>\n","protected":false},"featured_media":281516,"comment_status":"closed","ping_status":"open","template":"","meta":{"_angie_page":false},"product_brand":[],"product_cat":[12600,12884],"product_tag":[],"class_list":{"0":"post-216240","1":"product","2":"type-product","3":"status-publish","4":"has-post-thumbnail","6":"product_cat-bad-och-dusch","7":"product_cat-naturliga-tvalar","8":"pa_collection-handcrafted-wild-soap-loaves-1-3-kg-slices-100-140g-sv","9":"pa_made-in-storbritannien","10":"pa_size-140g","12":"first","13":"instock","14":"purchasable","15":"product-type-simple"},"supplier_id":null,"supplier_sku":"DSHCS-49","barcode":null,"atum_controlled":true,"out_stock_date":null,"out_stock_threshold":null,"inheritable":false,"inbound_stock":null,"stock_on_hold":0,"sold_today":0,"sales_last_days":0,"reserved_stock":null,"customer_returns":null,"warehouse_damage":null,"lost_in_post":null,"other_logs":null,"out_stock_days":0,"lost_sales":0,"has_location":null,"update_date":"2026-05-04T00:02:51","atum_locations":[],"atum_stock_status":"instock","restock_status":false,"low_stock_amount":"","sales_update_date":"2026-01-30T01:24:28","calc_backorders":null,"_links":{"self":[{"href":"https:\/\/aromasentia.com\/sv\/wp-json\/wp\/v2\/product\/216240","targetHints":{"allow":["GET"]}}],"collection":[{"href":"https:\/\/aromasentia.com\/sv\/wp-json\/wp\/v2\/product"}],"about":[{"href":"https:\/\/aromasentia.com\/sv\/wp-json\/wp\/v2\/types\/product"}],"replies":[{"embeddable":true,"href":"https:\/\/aromasentia.com\/sv\/wp-json\/wp\/v2\/comments?post=216240"}],"version-history":[{"count":0,"href":"https:\/\/aromasentia.com\/sv\/wp-json\/wp\/v2\/product\/216240\/revisions"}],"wp:featuredmedia":[{"embeddable":true,"href":"https:\/\/aromasentia.com\/sv\/wp-json\/wp\/v2\/media\/281516"}],"wp:attachment":[{"href":"https:\/\/aromasentia.com\/sv\/wp-json\/wp\/v2\/media?parent=216240"}],"wp:term":[{"taxonomy":"product_brand","embeddable":true,"href":"https:\/\/aromasentia.com\/sv\/wp-json\/wp\/v2\/product_brand?post=216240"},{"taxonomy":"product_cat","embeddable":true,"href":"https:\/\/aromasentia.com\/sv\/wp-json\/wp\/v2\/product_cat?post=216240"},{"taxonomy":"product_tag","embeddable":true,"href":"https:\/\/aromasentia.com\/sv\/wp-json\/wp\/v2\/product_tag?post=216240"}],"curies":[{"name":"wp","href":"https:\/\/api.w.org\/{rel}","templated":true}]}}