{"id":216223,"date":"2025-03-20T16:41:57","date_gmt":"2025-03-20T16:41:57","guid":{"rendered":"https:\/\/aromasentia.com\/product\/apple-pie-custard-bath-bomb-180g\/"},"modified":"2025-12-31T15:40:29","modified_gmt":"2025-12-31T15:40:29","slug":"appelpaj-vaniljsas-badbomber-180g","status":"publish","type":"product","link":"https:\/\/aromasentia.com\/sv\/appelpaj-vaniljsas-badbomber-180g\/","title":{"rendered":"\u00c4ppelpaj &#038; Vaniljs\u00e5s Badbomber &#8211; 180g"},"content":{"rendered":"<p><span style=\u201dcolor: rgb(75, 80, 88);\u201d>Om du letar efter en avkopplande behandling beh\u00f6ver du inte leta l\u00e4ngre. V\u00e5ra <strong>EU<\/strong> Bath Bombs \u00e4r precis vad du beh\u00f6ver f\u00f6r alla som letar efter ett h\u00f6gkvalitativt badtillskott som ser ut och luktar gott.<\/span><\/p>\n<p><span style=\u201dcolor: rgb(75, 80, 88);\u201d>De \u00e4r ocks\u00e5 mycket prisv\u00e4rda. Varje bomb v\u00e4ger in p\u00e5 massiva <strong>180 gram<\/strong> och inneh\u00e5ller sheasm\u00f6r f\u00f6r att g\u00f6ra dem mjukare p\u00e5 din hud.<\/span><\/p>\n<p><span style=\u201dcolor: rgb(75, 80, 88);\u201d>Vi har en rad fantastiska dofter att v\u00e4lja mellan, alla i sin egen distinkta f\u00e4rg. K\u00f6p flera olika dofter f\u00f6r att skapa en i\u00f6gonfallande display i din butik och webbplatsreklam som dina kunder inte kommer att kunna motst\u00e5.<\/span><\/p>\n","protected":false},"excerpt":{"rendered":"<p>Om du letar efter en avkopplande behandling beh\u00f6ver du inte leta l\u00e4ngre. V\u00e5ra EU Bath Bombs \u00e4r precis vad du beh\u00f6ver f\u00f6r alla som letar efter ett h\u00f6gkvalitativt badtillskott som ser ut och luktar gott. De \u00e4r ocks\u00e5 mycket prisv\u00e4rda. Varje bomb v\u00e4ger in p\u00e5 massiva 180 gram och inneh\u00e5ller sheasm\u00f6r f\u00f6r att g\u00f6ra dem [&hellip;]<\/p>\n","protected":false},"featured_media":282153,"comment_status":"closed","ping_status":"open","template":"","meta":{"_angie_page":false},"product_brand":[],"product_cat":[26546,12600,12864,25845,26856],"product_tag":[],"class_list":{"0":"post-216223","1":"product","2":"type-product","3":"status-publish","4":"has-post-thumbnail","6":"product_cat-appelpaj","7":"product_cat-bad-och-dusch","8":"product_cat-badbomber","9":"product_cat-dofter-aromer","10":"product_cat-gourmand","11":"pa_collection-jumbo-bath-bombs-180g-sv","12":"pa_made-in-storbritannien","13":"pa_size-180g","15":"first","16":"outofstock","17":"purchasable","18":"product-type-simple"},"supplier_id":null,"supplier_sku":"DSJBB-15","barcode":null,"atum_controlled":true,"out_stock_date":"2026-04-25 15:14:37","out_stock_threshold":null,"inheritable":false,"inbound_stock":null,"stock_on_hold":0,"sold_today":0,"sales_last_days":0,"reserved_stock":null,"customer_returns":null,"warehouse_damage":null,"lost_in_post":null,"other_logs":null,"out_stock_days":0,"lost_sales":0,"has_location":null,"update_date":"2026-04-27T07:27:51","atum_locations":[],"atum_stock_status":"outofstock","restock_status":false,"low_stock_amount":"","sales_update_date":"2026-01-30T01:24:45","calc_backorders":null,"_links":{"self":[{"href":"https:\/\/aromasentia.com\/sv\/wp-json\/wp\/v2\/product\/216223","targetHints":{"allow":["GET"]}}],"collection":[{"href":"https:\/\/aromasentia.com\/sv\/wp-json\/wp\/v2\/product"}],"about":[{"href":"https:\/\/aromasentia.com\/sv\/wp-json\/wp\/v2\/types\/product"}],"replies":[{"embeddable":true,"href":"https:\/\/aromasentia.com\/sv\/wp-json\/wp\/v2\/comments?post=216223"}],"version-history":[{"count":0,"href":"https:\/\/aromasentia.com\/sv\/wp-json\/wp\/v2\/product\/216223\/revisions"}],"wp:featuredmedia":[{"embeddable":true,"href":"https:\/\/aromasentia.com\/sv\/wp-json\/wp\/v2\/media\/282153"}],"wp:attachment":[{"href":"https:\/\/aromasentia.com\/sv\/wp-json\/wp\/v2\/media?parent=216223"}],"wp:term":[{"taxonomy":"product_brand","embeddable":true,"href":"https:\/\/aromasentia.com\/sv\/wp-json\/wp\/v2\/product_brand?post=216223"},{"taxonomy":"product_cat","embeddable":true,"href":"https:\/\/aromasentia.com\/sv\/wp-json\/wp\/v2\/product_cat?post=216223"},{"taxonomy":"product_tag","embeddable":true,"href":"https:\/\/aromasentia.com\/sv\/wp-json\/wp\/v2\/product_tag?post=216223"}],"curies":[{"name":"wp","href":"https:\/\/api.w.org\/{rel}","templated":true}]}}