{"id":216189,"date":"2025-03-20T16:43:54","date_gmt":"2025-03-20T16:43:54","guid":{"rendered":"https:\/\/aromasentia.com\/product\/1x-lavender-marjoram\/"},"modified":"2025-12-31T15:40:06","modified_gmt":"2025-12-31T15:40:06","slug":"lavendel-mejram-badbomber","status":"publish","type":"product","link":"https:\/\/aromasentia.com\/sv\/lavendel-mejram-badbomber\/","title":{"rendered":"Lavendel &#038; Mejram Badbomber"},"content":{"rendered":"<p style=\"text-align: justify;\">Om du tycker om avkopplande skumbad, ta en titt p\u00e5 v\u00e5ra <strong>Badbomber med Lavendel och Mejram Eteriska Oljor<\/strong>.&nbsp;<\/p>\n<p style=\"text-align: justify;\">De \u00e4r mycket v\u00e4rdefulla. Varje bomb v\u00e4ger 120-140 gram och inneh\u00e5ller eteriska oljeblandningar som s\u00e4kerst\u00e4ller ett h\u00e4rligt avkopplande aromaterapibad.&nbsp;<\/p>\n<p style=\"text-align: justify;\">Denna badbomb inneh\u00e5ller eteriska oljor av lavendel. Forskning har visat att den eteriska oljan av lavendel hj\u00e4lper m\u00e4nniskor att slappna av och kan hj\u00e4lpa till att behandla rastl\u00f6shet, \u00e5ngest och depression. T\u00e4nkt dig d\u00e5 hur terapeutiskt ett bad med en av dessa badbomber skulle vara!<\/p>\n<p style=\"text-align: justify;\">Badprodukter s\u00e4ljs alltid bra &#8211; vem \u00e4lskar inte ett lugnande bad? Med v\u00e5r fantastiska design och dofter kommer kunderna inte att kunna motst\u00e5.&nbsp;<\/p>\n<p style=\"text-align: justify;\"><strong><span style=\"color: rgb(84, 172, 210);\">Best\u00e4ll n\u00e5gra idag och ge dina kunder den avkoppling de f\u00f6rtj\u00e4nar!<\/span><\/strong><\/p>\n","protected":false},"excerpt":{"rendered":"<p>Om du tycker om avkopplande skumbad, ta en titt p\u00e5 v\u00e5ra Badbomber med Lavendel och Mejram Eteriska Oljor.&nbsp; De \u00e4r mycket v\u00e4rdefulla. Varje bomb v\u00e4ger 120-140 gram och inneh\u00e5ller eteriska oljeblandningar som s\u00e4kerst\u00e4ller ett h\u00e4rligt avkopplande aromaterapibad.&nbsp; Denna badbomb inneh\u00e5ller eteriska oljor av lavendel. Forskning har visat att den eteriska oljan av lavendel hj\u00e4lper m\u00e4nniskor [&hellip;]<\/p>\n","protected":false},"featured_media":283057,"comment_status":"closed","ping_status":"open","template":"","meta":[],"product_brand":[],"product_cat":[12600,26836,25845,26032,26864,26039],"product_tag":[],"class_list":{"0":"post-216189","1":"product","2":"type-product","3":"status-publish","4":"has-post-thumbnail","6":"product_cat-bad-och-dusch","7":"product_cat-blommig","8":"product_cat-dofter-aromer","9":"product_cat-lavendel","10":"product_cat-ort-aromatisk","11":"product_cat-spansk-mejram","12":"pa_made-in-storbritannien","14":"first","15":"outofstock","16":"purchasable","17":"product-type-simple"},"supplier_id":null,"supplier_sku":"EBB-01","barcode":null,"atum_controlled":true,"out_stock_date":"2025-10-09 13:11:47","out_stock_threshold":null,"inheritable":false,"inbound_stock":null,"stock_on_hold":0,"sold_today":0,"sales_last_days":0,"reserved_stock":null,"customer_returns":null,"warehouse_damage":null,"lost_in_post":null,"other_logs":null,"out_stock_days":112,"lost_sales":0,"has_location":null,"update_date":"2026-01-30T01:25:21","atum_locations":[],"atum_stock_status":"outofstock","restock_status":false,"low_stock_amount":"","sales_update_date":"2026-01-30T01:25:21","calc_backorders":null,"_links":{"self":[{"href":"https:\/\/aromasentia.com\/sv\/wp-json\/wp\/v2\/product\/216189","targetHints":{"allow":["GET"]}}],"collection":[{"href":"https:\/\/aromasentia.com\/sv\/wp-json\/wp\/v2\/product"}],"about":[{"href":"https:\/\/aromasentia.com\/sv\/wp-json\/wp\/v2\/types\/product"}],"replies":[{"embeddable":true,"href":"https:\/\/aromasentia.com\/sv\/wp-json\/wp\/v2\/comments?post=216189"}],"version-history":[{"count":0,"href":"https:\/\/aromasentia.com\/sv\/wp-json\/wp\/v2\/product\/216189\/revisions"}],"wp:featuredmedia":[{"embeddable":true,"href":"https:\/\/aromasentia.com\/sv\/wp-json\/wp\/v2\/media\/283057"}],"wp:attachment":[{"href":"https:\/\/aromasentia.com\/sv\/wp-json\/wp\/v2\/media?parent=216189"}],"wp:term":[{"taxonomy":"product_brand","embeddable":true,"href":"https:\/\/aromasentia.com\/sv\/wp-json\/wp\/v2\/product_brand?post=216189"},{"taxonomy":"product_cat","embeddable":true,"href":"https:\/\/aromasentia.com\/sv\/wp-json\/wp\/v2\/product_cat?post=216189"},{"taxonomy":"product_tag","embeddable":true,"href":"https:\/\/aromasentia.com\/sv\/wp-json\/wp\/v2\/product_tag?post=216189"}],"curies":[{"name":"wp","href":"https:\/\/api.w.org\/{rel}","templated":true}]}}