{"id":216133,"date":"2025-03-20T16:47:59","date_gmt":"2025-03-20T16:47:59","guid":{"rendered":"https:\/\/aromasentia.com\/product\/ginger-orange-hand-body-wash-300ml\/"},"modified":"2025-12-31T15:39:22","modified_gmt":"2025-12-31T15:39:22","slug":"ingefara-apelsin-hand-duschtval-300ml","status":"publish","type":"product","link":"https:\/\/aromasentia.com\/sv\/ingefara-apelsin-hand-duschtval-300ml\/","title":{"rendered":"Ingef\u00e4ra &#038; Apelsin Hand- &#038; Duschtv\u00e5l 300ml"},"content":{"rendered":"<p style=\"text-align: justify;\"><strong>Ingef\u00e4ra &amp; Apelsin Hand- &amp; Duschtv\u00e5l&nbsp;<\/strong>\u00e4r en uppfriskande produkt designad f\u00f6r att reng\u00f6ra och ge n\u00e4ring \u00e5t huden samtidigt som den ger en energigivande och upplyftande upplevelse.&nbsp;<\/p>\n<p style=\"text-align: justify;\">Ingef\u00e4ran ger en varm och kryddig doft som \u00e4r b\u00e5de energigivande och uppiggande. Det anv\u00e4nds ofta i aromaterapi f\u00f6r att minska stress och fr\u00e4mja k\u00e4nslor av avslappning. Apelsinen har en ljus och citrusaktig doft som \u00e4r b\u00e5de uppfriskande och upplyftande.&nbsp;<\/p>\n<p style=\"text-align: justify;\">Denna hand- och duschtv\u00e5l skummar upp l\u00e4tt och sk\u00f6ljs bort enkelt, vilket g\u00f6r att huden k\u00e4nns mjuk och len. Den \u00e4r perfekt f\u00f6r anv\u00e4ndning i duschen eller badet och kan anv\u00e4ndas dagligen f\u00f6r att h\u00e5lla huden ren, \u00e5terfuktad och fr\u00e4sch.<\/p>\n","protected":false},"excerpt":{"rendered":"<p>Ingef\u00e4ra &amp; Apelsin Hand- &amp; Duschtv\u00e5l&nbsp;\u00e4r en uppfriskande produkt designad f\u00f6r att reng\u00f6ra och ge n\u00e4ring \u00e5t huden samtidigt som den ger en energigivande och upplyftande upplevelse.&nbsp; Ingef\u00e4ran ger en varm och kryddig doft som \u00e4r b\u00e5de energigivande och uppiggande. Det anv\u00e4nds ofta i aromaterapi f\u00f6r att minska stress och fr\u00e4mja k\u00e4nslor av avslappning. Apelsinen [&hellip;]<\/p>\n","protected":false},"featured_media":284225,"comment_status":"closed","ping_status":"open","template":"","meta":{"_angie_page":false},"product_brand":[27069],"product_cat":[26047,12600,26822,25845,26025,12984,26892],"product_tag":[],"class_list":{"0":"post-216133","1":"product","2":"type-product","3":"status-publish","4":"has-post-thumbnail","6":"product_brand-aw-cosmetics","7":"product_cat-apelsin","8":"product_cat-bad-och-dusch","9":"product_cat-citrus","10":"product_cat-dofter-aromer","11":"product_cat-ingefara","12":"product_cat-kroppsvard","13":"product_cat-kryddig","14":"pa_collection-fragranced-hand-body-wash-sv","15":"pa_made-in-storbritannien","16":"pa_size-300ml","18":"first","19":"instock","20":"purchasable","21":"product-type-simple"},"supplier_id":null,"supplier_sku":"FHBW-01","barcode":null,"atum_controlled":true,"out_stock_date":null,"out_stock_threshold":null,"inheritable":false,"inbound_stock":null,"stock_on_hold":0,"sold_today":0,"sales_last_days":0,"reserved_stock":null,"customer_returns":null,"warehouse_damage":null,"lost_in_post":null,"other_logs":null,"out_stock_days":0,"lost_sales":0,"has_location":null,"update_date":"2026-04-27T07:03:21","atum_locations":[],"atum_stock_status":"instock","restock_status":false,"low_stock_amount":"","sales_update_date":"2025-09-05T00:19:10","calc_backorders":null,"_links":{"self":[{"href":"https:\/\/aromasentia.com\/sv\/wp-json\/wp\/v2\/product\/216133","targetHints":{"allow":["GET"]}}],"collection":[{"href":"https:\/\/aromasentia.com\/sv\/wp-json\/wp\/v2\/product"}],"about":[{"href":"https:\/\/aromasentia.com\/sv\/wp-json\/wp\/v2\/types\/product"}],"replies":[{"embeddable":true,"href":"https:\/\/aromasentia.com\/sv\/wp-json\/wp\/v2\/comments?post=216133"}],"version-history":[{"count":0,"href":"https:\/\/aromasentia.com\/sv\/wp-json\/wp\/v2\/product\/216133\/revisions"}],"wp:featuredmedia":[{"embeddable":true,"href":"https:\/\/aromasentia.com\/sv\/wp-json\/wp\/v2\/media\/284225"}],"wp:attachment":[{"href":"https:\/\/aromasentia.com\/sv\/wp-json\/wp\/v2\/media?parent=216133"}],"wp:term":[{"taxonomy":"product_brand","embeddable":true,"href":"https:\/\/aromasentia.com\/sv\/wp-json\/wp\/v2\/product_brand?post=216133"},{"taxonomy":"product_cat","embeddable":true,"href":"https:\/\/aromasentia.com\/sv\/wp-json\/wp\/v2\/product_cat?post=216133"},{"taxonomy":"product_tag","embeddable":true,"href":"https:\/\/aromasentia.com\/sv\/wp-json\/wp\/v2\/product_tag?post=216133"}],"curies":[{"name":"wp","href":"https:\/\/api.w.org\/{rel}","templated":true}]}}