{"id":216132,"date":"2025-03-20T16:47:59","date_gmt":"2025-03-20T16:47:59","guid":{"rendered":"https:\/\/aromasentia.com\/product\/blackberry-almond-hand-body-wash-300ml\/"},"modified":"2025-12-31T15:39:22","modified_gmt":"2025-12-31T15:39:22","slug":"bjornbar-mandel-hand-duschtval-300ml","status":"publish","type":"product","link":"https:\/\/aromasentia.com\/sv\/bjornbar-mandel-hand-duschtval-300ml\/","title":{"rendered":"Bj\u00f6rnb\u00e4r &#038; Mandel Hand- &#038; Duschtv\u00e5l 300ml"},"content":{"rendered":"<p style=\"text-align: justify;\"><strong>Bj\u00f6rnb\u00e4r &amp; Mandel Hand- &amp; Duschtv\u00e5l&nbsp;<\/strong>\u00e4r en lyxig och n\u00e4rande produkt som \u00e4r designad f\u00f6r att reng\u00f6ra och \u00e5terfukta huden samtidigt som den ger en h\u00e4rlig och s\u00f6t doft.<\/p>\n<p style=\"text-align: justify;\">Bj\u00f6rnb\u00e4ret ger en s\u00f6t och fruktig doft som \u00e4r uppfriskande och behaglig. Mandel har samtidigt en varm och n\u00f6tig doft som \u00e4r tr\u00f6stande och \u00f6verseende.<\/p>\n<p style=\"text-align: justify;\">Denna hand- och duschtv\u00e5l skummar upp l\u00e4tt och sk\u00f6ljs bort enkelt, vilket g\u00f6r att huden k\u00e4nns mjuk och len. Den \u00e4r perfekt f\u00f6r anv\u00e4ndning i duschen eller badet och kan anv\u00e4ndas dagligen f\u00f6r att h\u00e5lla huden ren, \u00e5terfuktad och fr\u00e4sch.<\/p>\n","protected":false},"excerpt":{"rendered":"<p>Bj\u00f6rnb\u00e4r &amp; Mandel Hand- &amp; Duschtv\u00e5l&nbsp;\u00e4r en lyxig och n\u00e4rande produkt som \u00e4r designad f\u00f6r att reng\u00f6ra och \u00e5terfukta huden samtidigt som den ger en h\u00e4rlig och s\u00f6t doft. Bj\u00f6rnb\u00e4ret ger en s\u00f6t och fruktig doft som \u00e4r uppfriskande och behaglig. Mandel har samtidigt en varm och n\u00f6tig doft som \u00e4r tr\u00f6stande och \u00f6verseende. Denna [&hellip;]<\/p>\n","protected":false},"featured_media":284216,"comment_status":"closed","ping_status":"open","template":"","meta":{"_angie_page":false},"product_brand":[27069],"product_cat":[12600,26547,25845,26850,26856,12984,26571],"product_tag":[],"class_list":{"0":"post-216132","1":"product","2":"type-product","3":"status-publish","4":"has-post-thumbnail","6":"product_brand-aw-cosmetics","7":"product_cat-bad-och-dusch","8":"product_cat-bjornbar","9":"product_cat-dofter-aromer","10":"product_cat-fruktig","11":"product_cat-gourmand","12":"product_cat-kroppsvard","13":"product_cat-mandel","14":"pa_collection-fragranced-hand-body-wash-sv","15":"pa_made-in-storbritannien","16":"pa_size-300ml","18":"first","19":"instock","20":"purchasable","21":"product-type-simple"},"supplier_id":null,"supplier_sku":"FHBW-02","barcode":null,"atum_controlled":true,"out_stock_date":null,"out_stock_threshold":null,"inheritable":false,"inbound_stock":null,"stock_on_hold":0,"sold_today":0,"sales_last_days":0,"reserved_stock":null,"customer_returns":null,"warehouse_damage":null,"lost_in_post":null,"other_logs":null,"out_stock_days":0,"lost_sales":0,"has_location":null,"update_date":"2026-05-04T00:03:55","atum_locations":[],"atum_stock_status":"instock","restock_status":false,"low_stock_amount":"","sales_update_date":"2026-01-30T01:24:37","calc_backorders":null,"_links":{"self":[{"href":"https:\/\/aromasentia.com\/sv\/wp-json\/wp\/v2\/product\/216132","targetHints":{"allow":["GET"]}}],"collection":[{"href":"https:\/\/aromasentia.com\/sv\/wp-json\/wp\/v2\/product"}],"about":[{"href":"https:\/\/aromasentia.com\/sv\/wp-json\/wp\/v2\/types\/product"}],"replies":[{"embeddable":true,"href":"https:\/\/aromasentia.com\/sv\/wp-json\/wp\/v2\/comments?post=216132"}],"version-history":[{"count":0,"href":"https:\/\/aromasentia.com\/sv\/wp-json\/wp\/v2\/product\/216132\/revisions"}],"wp:featuredmedia":[{"embeddable":true,"href":"https:\/\/aromasentia.com\/sv\/wp-json\/wp\/v2\/media\/284216"}],"wp:attachment":[{"href":"https:\/\/aromasentia.com\/sv\/wp-json\/wp\/v2\/media?parent=216132"}],"wp:term":[{"taxonomy":"product_brand","embeddable":true,"href":"https:\/\/aromasentia.com\/sv\/wp-json\/wp\/v2\/product_brand?post=216132"},{"taxonomy":"product_cat","embeddable":true,"href":"https:\/\/aromasentia.com\/sv\/wp-json\/wp\/v2\/product_cat?post=216132"},{"taxonomy":"product_tag","embeddable":true,"href":"https:\/\/aromasentia.com\/sv\/wp-json\/wp\/v2\/product_tag?post=216132"}],"curies":[{"name":"wp","href":"https:\/\/api.w.org\/{rel}","templated":true}]}}