{"id":216130,"date":"2025-03-20T16:47:59","date_gmt":"2025-03-20T16:47:59","guid":{"rendered":"https:\/\/aromasentia.com\/product\/raspberry-pomegranate-hand-body-wash-300ml\/"},"modified":"2025-12-31T15:39:22","modified_gmt":"2025-12-31T15:39:22","slug":"hallon-granatapple-hand-duschtval-300ml","status":"publish","type":"product","link":"https:\/\/aromasentia.com\/sv\/hallon-granatapple-hand-duschtval-300ml\/","title":{"rendered":"Hallon &#038; Granat\u00e4pple Hand- &#038; Duschtv\u00e5l 300ml"},"content":{"rendered":"<p style=\"text-align: justify;\"><strong>Hallon &amp; Granat\u00e4pple Hand- &amp; Duschtv\u00e5l&nbsp;<\/strong>\u00e4r en lyxig och n\u00e4rande produkt som \u00e4r designad f\u00f6r att reng\u00f6ra och \u00e5terfukta huden samtidigt som den ger en s\u00f6t och fruktig doft.<\/p>\n<p style=\"text-align: justify;\">Hallonet har en s\u00f6t och fruktig doft som \u00e4r uppfriskande och h\u00e4rlig. Granat\u00e4pplet ger en rik och syrlig doft som \u00e4r uppfriskande och \u00f6verseende.<\/p>\n<p style=\"text-align: justify;\">Denna hand- och duschtv\u00e5l skummar upp l\u00e4tt och sk\u00f6ljs bort enkelt, vilket g\u00f6r att huden k\u00e4nns mjuk och len. Den \u00e4r perfekt f\u00f6r anv\u00e4ndning i duschen eller badet och kan anv\u00e4ndas dagligen f\u00f6r att h\u00e5lla huden ren, \u00e5terfuktad och fr\u00e4sch.<\/p>\n","protected":false},"excerpt":{"rendered":"<p>Hallon &amp; Granat\u00e4pple Hand- &amp; Duschtv\u00e5l&nbsp;\u00e4r en lyxig och n\u00e4rande produkt som \u00e4r designad f\u00f6r att reng\u00f6ra och \u00e5terfukta huden samtidigt som den ger en s\u00f6t och fruktig doft. Hallonet har en s\u00f6t och fruktig doft som \u00e4r uppfriskande och h\u00e4rlig. Granat\u00e4pplet ger en rik och syrlig doft som \u00e4r uppfriskande och \u00f6verseende. Denna hand- [&hellip;]<\/p>\n","protected":false},"featured_media":284198,"comment_status":"closed","ping_status":"open","template":"","meta":{"_angie_page":false},"product_brand":[27069],"product_cat":[12600,25845,26850,26506,12984],"product_tag":[],"class_list":{"0":"post-216130","1":"product","2":"type-product","3":"status-publish","4":"has-post-thumbnail","6":"product_brand-aw-cosmetics","7":"product_cat-bad-och-dusch","8":"product_cat-dofter-aromer","9":"product_cat-fruktig","10":"product_cat-granatapple","11":"product_cat-kroppsvard","12":"pa_collection-fragranced-hand-body-wash-sv","13":"pa_made-in-storbritannien","14":"pa_size-300ml","16":"first","17":"instock","18":"purchasable","19":"product-type-simple"},"supplier_id":null,"supplier_sku":"FHBW-04","barcode":null,"atum_controlled":true,"out_stock_date":null,"out_stock_threshold":null,"inheritable":false,"inbound_stock":0,"stock_on_hold":0,"sold_today":0,"sales_last_days":0,"reserved_stock":0,"customer_returns":0,"warehouse_damage":0,"lost_in_post":0,"other_logs":0,"out_stock_days":0,"lost_sales":0,"has_location":false,"update_date":"2026-04-27T07:03:21","atum_locations":[],"atum_stock_status":"instock","restock_status":false,"low_stock_amount":"","sales_update_date":"2026-01-30T01:24:49","calc_backorders":null,"_links":{"self":[{"href":"https:\/\/aromasentia.com\/sv\/wp-json\/wp\/v2\/product\/216130","targetHints":{"allow":["GET"]}}],"collection":[{"href":"https:\/\/aromasentia.com\/sv\/wp-json\/wp\/v2\/product"}],"about":[{"href":"https:\/\/aromasentia.com\/sv\/wp-json\/wp\/v2\/types\/product"}],"replies":[{"embeddable":true,"href":"https:\/\/aromasentia.com\/sv\/wp-json\/wp\/v2\/comments?post=216130"}],"version-history":[{"count":0,"href":"https:\/\/aromasentia.com\/sv\/wp-json\/wp\/v2\/product\/216130\/revisions"}],"wp:featuredmedia":[{"embeddable":true,"href":"https:\/\/aromasentia.com\/sv\/wp-json\/wp\/v2\/media\/284198"}],"wp:attachment":[{"href":"https:\/\/aromasentia.com\/sv\/wp-json\/wp\/v2\/media?parent=216130"}],"wp:term":[{"taxonomy":"product_brand","embeddable":true,"href":"https:\/\/aromasentia.com\/sv\/wp-json\/wp\/v2\/product_brand?post=216130"},{"taxonomy":"product_cat","embeddable":true,"href":"https:\/\/aromasentia.com\/sv\/wp-json\/wp\/v2\/product_cat?post=216130"},{"taxonomy":"product_tag","embeddable":true,"href":"https:\/\/aromasentia.com\/sv\/wp-json\/wp\/v2\/product_tag?post=216130"}],"curies":[{"name":"wp","href":"https:\/\/api.w.org\/{rel}","templated":true}]}}