{"id":216128,"date":"2025-03-20T16:47:59","date_gmt":"2025-03-20T16:47:59","guid":{"rendered":"https:\/\/aromasentia.com\/product\/sandalwood-silk-hand-body-wash-300ml\/"},"modified":"2025-12-31T15:39:22","modified_gmt":"2025-12-31T15:39:22","slug":"sandeltra-silke-hand-duschtval-300ml","status":"publish","type":"product","link":"https:\/\/aromasentia.com\/sv\/sandeltra-silke-hand-duschtval-300ml\/","title":{"rendered":"Sandeltr\u00e4 Silke Hand- &#038; Duschtv\u00e5l 300ml"},"content":{"rendered":"<p style=\"text-align: justify;\"><strong>Sandeltr\u00e4 Silke Hand- &amp; Duschtv\u00e5l<\/strong> \u00e4r en lyxig och \u00f6verseende produkt designad f\u00f6r att reng\u00f6ra och \u00e5terfukta huden samtidigt som den ger en varm och tr\u00e4ig doft.<\/p>\n<p style=\"text-align: justify;\">Doften av sandeltr\u00e4 silke \u00e4r b\u00e5de lugnande och jordande. Denna tv\u00e5l har en mjuk och silkeslen konsistens som \u00e4r b\u00e5de lyxig och n\u00e4rande.<\/p>\n<p style=\"text-align: justify;\">Denna hand- och duschtv\u00e5l skummar upp l\u00e4tt och sk\u00f6ljs bort enkelt, vilket g\u00f6r att huden k\u00e4nns mjuk och len. Den \u00e4r perfekt f\u00f6r anv\u00e4ndning i duschen eller badet och kan anv\u00e4ndas dagligen f\u00f6r att h\u00e5lla huden ren, \u00e5terfuktad och fr\u00e4sch.<\/p>\n","protected":false},"excerpt":{"rendered":"<p>Sandeltr\u00e4 Silke Hand- &amp; Duschtv\u00e5l \u00e4r en lyxig och \u00f6verseende produkt designad f\u00f6r att reng\u00f6ra och \u00e5terfukta huden samtidigt som den ger en varm och tr\u00e4ig doft. Doften av sandeltr\u00e4 silke \u00e4r b\u00e5de lugnande och jordande. Denna tv\u00e5l har en mjuk och silkeslen konsistens som \u00e4r b\u00e5de lyxig och n\u00e4rande. Denna hand- och duschtv\u00e5l skummar [&hellip;]<\/p>\n","protected":false},"featured_media":284180,"comment_status":"closed","ping_status":"open","template":"","meta":{"_angie_page":false},"product_brand":[27069],"product_cat":[12600,25845,12984,26063,26899],"product_tag":[],"class_list":{"0":"post-216128","1":"product","2":"type-product","3":"status-publish","4":"has-post-thumbnail","6":"product_brand-aw-cosmetics","7":"product_cat-bad-och-dusch","8":"product_cat-dofter-aromer","9":"product_cat-kroppsvard","10":"product_cat-sandeltra","11":"product_cat-traig","12":"pa_collection-fragranced-hand-body-wash-sv","13":"pa_made-in-storbritannien","14":"pa_size-300ml","16":"first","17":"instock","18":"purchasable","19":"product-type-simple"},"supplier_id":null,"supplier_sku":"FHBW-06","barcode":null,"atum_controlled":true,"out_stock_date":null,"out_stock_threshold":null,"inheritable":false,"inbound_stock":null,"stock_on_hold":0,"sold_today":0,"sales_last_days":0,"reserved_stock":null,"customer_returns":null,"warehouse_damage":null,"lost_in_post":null,"other_logs":null,"out_stock_days":0,"lost_sales":0,"has_location":null,"update_date":"2026-05-04T00:03:55","atum_locations":[],"atum_stock_status":"instock","restock_status":false,"low_stock_amount":"","sales_update_date":"2025-09-05T00:19:10","calc_backorders":null,"_links":{"self":[{"href":"https:\/\/aromasentia.com\/sv\/wp-json\/wp\/v2\/product\/216128","targetHints":{"allow":["GET"]}}],"collection":[{"href":"https:\/\/aromasentia.com\/sv\/wp-json\/wp\/v2\/product"}],"about":[{"href":"https:\/\/aromasentia.com\/sv\/wp-json\/wp\/v2\/types\/product"}],"replies":[{"embeddable":true,"href":"https:\/\/aromasentia.com\/sv\/wp-json\/wp\/v2\/comments?post=216128"}],"version-history":[{"count":0,"href":"https:\/\/aromasentia.com\/sv\/wp-json\/wp\/v2\/product\/216128\/revisions"}],"wp:featuredmedia":[{"embeddable":true,"href":"https:\/\/aromasentia.com\/sv\/wp-json\/wp\/v2\/media\/284180"}],"wp:attachment":[{"href":"https:\/\/aromasentia.com\/sv\/wp-json\/wp\/v2\/media?parent=216128"}],"wp:term":[{"taxonomy":"product_brand","embeddable":true,"href":"https:\/\/aromasentia.com\/sv\/wp-json\/wp\/v2\/product_brand?post=216128"},{"taxonomy":"product_cat","embeddable":true,"href":"https:\/\/aromasentia.com\/sv\/wp-json\/wp\/v2\/product_cat?post=216128"},{"taxonomy":"product_tag","embeddable":true,"href":"https:\/\/aromasentia.com\/sv\/wp-json\/wp\/v2\/product_tag?post=216128"}],"curies":[{"name":"wp","href":"https:\/\/api.w.org\/{rel}","templated":true}]}}