{"id":216099,"date":"2025-03-20T16:48:36","date_gmt":"2025-03-20T16:48:36","guid":{"rendered":"https:\/\/aromasentia.com\/product\/fragranced-sugar-body-scrub-watermelon-daquiri-300g\/"},"modified":"2025-12-31T15:39:00","modified_gmt":"2025-12-31T15:39:00","slug":"doftande-sockerpeeling-for-kroppen-vattenmelon-daiquiri-300g","status":"publish","type":"product","link":"https:\/\/aromasentia.com\/sv\/doftande-sockerpeeling-for-kroppen-vattenmelon-daiquiri-300g\/","title":{"rendered":"Doftande Sockerpeeling f\u00f6r Kroppen &#8211; Vattenmelon Daiquiri 300g"},"content":{"rendered":"<p style=\"text-align: justify;\">Det \u00e4r helt fantastiskt! Nu kan dina kunder f\u00e5 en lyxig sockerpeeling som p\u00e5minner om deras favoritcocktail &#8211; <strong>Vattenmelon Daiquiri<\/strong>.&nbsp;<\/p>\n<p style=\"text-align: justify;\"><strong>Cocktaildoftande Sockerpeeling<\/strong> \u00e4r en av de b\u00e4sta naturliga sk\u00f6nhetsprodukterna f\u00f6r exfoliering av huden. Med underbara dofter och tillsats av sheasm\u00f6r lyfter den sinnena och lugnar huden. Dina kunder kan anv\u00e4nda den \u00e5ret runt f\u00f6r att f\u00e5 mjuk och lysande hud.&nbsp;<\/p>\n<p style=\"text-align: justify;\">Cocktaildoftande Sockerpeelings med sina kr\u00e4miga konsistenser exfolierar f\u00f6rsiktigt, hj\u00e4lper med cirkulationen och tar bort d\u00f6da hudceller genom att skrubba bort dem. De hj\u00e4lper till att ta bort alla orenheter och f\u00e5r huden att k\u00e4nnas f\u00f6ryngrad och fr\u00e4sch. AW sockerpeelings \u00e4r d\u00e4rf\u00f6r det perfekta s\u00e4ttet att unna sig lite egentid.&nbsp;<\/p>\n<p style=\"text-align: justify;\">S\u00e4ljes i kartong om 3. Glasburken med lock \u00e4r \u00e5teranv\u00e4ndbar.&nbsp;<\/p>\n<p style=\"text-align: justify;\"><strong>Anv\u00e4ndarinstruktioner:<\/strong> H\u00e4ll en gener\u00f6s m\u00e4ngd p\u00e5 huden, v\u00e5t eller torr. Massera in i huden med cirkul\u00e4ra r\u00f6relser. Sk\u00f6lj med varmt vatten, torka av och applicera din favorit fuktighetskr\u00e4m. Anv\u00e4nd en eller tv\u00e5 g\u00e5nger i veckan. F\u00f6rvara den p\u00e5 en sval och torr plats.&nbsp;<\/p>\n<p style=\"text-align: justify;\"><strong>* Veganv\u00e4nlig * Pl\u00e5geri-fri * L\u00e4mplig f\u00f6r alla hudtyper * Handgjord * Tillverkad i Storbritannien *&nbsp;<\/strong><\/p>\n<p style=\"text-align: justify;\"><strong><span style=\"color: rgb(84, 172, 210);\">Best\u00e4ll nu och g\u00f6r dig redo f\u00f6r n\u00e5gra h\u00e4lsosamma vinster!&nbsp;<\/span><\/strong><\/p>\n","protected":false},"excerpt":{"rendered":"<p>Det \u00e4r helt fantastiskt! Nu kan dina kunder f\u00e5 en lyxig sockerpeeling som p\u00e5minner om deras favoritcocktail &#8211; Vattenmelon Daiquiri.&nbsp; Cocktaildoftande Sockerpeeling \u00e4r en av de b\u00e4sta naturliga sk\u00f6nhetsprodukterna f\u00f6r exfoliering av huden. Med underbara dofter och tillsats av sheasm\u00f6r lyfter den sinnena och lugnar huden. Dina kunder kan anv\u00e4nda den \u00e5ret runt f\u00f6r att [&hellip;]<\/p>\n","protected":false},"featured_media":284383,"comment_status":"closed","ping_status":"open","template":"","meta":{"_angie_page":false},"product_brand":[],"product_cat":[12600,25845,26850,12984,26508],"product_tag":[],"class_list":{"0":"post-216099","1":"product","2":"type-product","3":"status-publish","4":"has-post-thumbnail","6":"product_cat-bad-och-dusch","7":"product_cat-dofter-aromer","8":"product_cat-fruktig","9":"product_cat-kroppsvard","10":"product_cat-vattenmelon","11":"pa_collection-fragranced-sugar-body-scrub-sv","12":"pa_made-in-storbritannien","13":"pa_size-300g","15":"first","16":"instock","17":"purchasable","18":"product-type-simple"},"supplier_id":null,"supplier_sku":"FSBS-01","barcode":null,"atum_controlled":true,"out_stock_date":null,"out_stock_threshold":null,"inheritable":false,"inbound_stock":null,"stock_on_hold":0,"sold_today":0,"sales_last_days":0,"reserved_stock":null,"customer_returns":null,"warehouse_damage":null,"lost_in_post":null,"other_logs":null,"out_stock_days":0,"lost_sales":0,"has_location":null,"update_date":"2026-04-28T01:01:01","atum_locations":[],"atum_stock_status":"instock","restock_status":false,"low_stock_amount":"","sales_update_date":"2025-09-05T00:19:11","calc_backorders":null,"_links":{"self":[{"href":"https:\/\/aromasentia.com\/sv\/wp-json\/wp\/v2\/product\/216099","targetHints":{"allow":["GET"]}}],"collection":[{"href":"https:\/\/aromasentia.com\/sv\/wp-json\/wp\/v2\/product"}],"about":[{"href":"https:\/\/aromasentia.com\/sv\/wp-json\/wp\/v2\/types\/product"}],"replies":[{"embeddable":true,"href":"https:\/\/aromasentia.com\/sv\/wp-json\/wp\/v2\/comments?post=216099"}],"version-history":[{"count":0,"href":"https:\/\/aromasentia.com\/sv\/wp-json\/wp\/v2\/product\/216099\/revisions"}],"wp:featuredmedia":[{"embeddable":true,"href":"https:\/\/aromasentia.com\/sv\/wp-json\/wp\/v2\/media\/284383"}],"wp:attachment":[{"href":"https:\/\/aromasentia.com\/sv\/wp-json\/wp\/v2\/media?parent=216099"}],"wp:term":[{"taxonomy":"product_brand","embeddable":true,"href":"https:\/\/aromasentia.com\/sv\/wp-json\/wp\/v2\/product_brand?post=216099"},{"taxonomy":"product_cat","embeddable":true,"href":"https:\/\/aromasentia.com\/sv\/wp-json\/wp\/v2\/product_cat?post=216099"},{"taxonomy":"product_tag","embeddable":true,"href":"https:\/\/aromasentia.com\/sv\/wp-json\/wp\/v2\/product_tag?post=216099"}],"curies":[{"name":"wp","href":"https:\/\/api.w.org\/{rel}","templated":true}]}}