{"id":216089,"date":"2025-03-20T16:49:31","date_gmt":"2025-03-20T16:49:31","guid":{"rendered":"https:\/\/aromasentia.com\/product\/amethyst-gem-bracelet-bath-bomb\/"},"modified":"2025-12-31T15:38:53","modified_gmt":"2025-12-31T15:38:53","slug":"badbomber-med-adelstensarmband-ametist","status":"publish","type":"product","link":"https:\/\/aromasentia.com\/sv\/badbomber-med-adelstensarmband-ametist\/","title":{"rendered":"Badbomber med \u00c4delstensarmband &#8211; Ametist"},"content":{"rendered":"<p style=\"text-align: justify;\"><strong>Badbomb med \u00c4delstensarmband av Ametist &nbsp;&#8211; Lavendel &amp; Tetr\u00e4d med Havssalt&nbsp;<\/strong><\/p>\n<p style=\"text-align: justify;\">F\u00f6rvandla badtiden till en lyxig spaupplevelse med dessa handgjorda badbomber som b\u00e5de ger n\u00e4ring till huden och skapar en avkopplande atmosf\u00e4r, vilket g\u00f6r att din kund k\u00e4nner sig utvilad och f\u00f6ryngrad.&nbsp;<\/p>\n<p style=\"text-align: justify;\">Men detta \u00e4r inte allt! Inuti varje badbomb kommer du att uppt\u00e4cka ett fantastiskt \u00e4delstensarmband som finns i en m\u00e4ngd olika \u00e4delstenar, var och en med sina unika egenskaper och betydelse.&nbsp;<\/p>\n<p style=\"text-align: justify;\">Sl\u00e4pp helt enkelt badbomben i ditt badkar och se hur den brusar och sl\u00e4pper sin himmelska doft. Till\u00e5t dig sj\u00e4lv att koppla av i det lyxiga vattnet medan \u00e4delstensarmbandet flyter upp till ytan. N\u00e4r ditt bad \u00e4r klart, s\u00e4tt p\u00e5 ditt nya armband och k\u00e4nn f\u00f6rdelarna med de naturliga \u00e4delstensegenskaperna.&nbsp;<\/p>\n<p style=\"text-align: justify;\"><strong>Tillverkad i Storbritannien &#8211; Vikt: 140 g<\/strong><\/p>\n","protected":false},"excerpt":{"rendered":"<p>Badbomb med \u00c4delstensarmband av Ametist &nbsp;&#8211; Lavendel &amp; Tetr\u00e4d med Havssalt&nbsp; F\u00f6rvandla badtiden till en lyxig spaupplevelse med dessa handgjorda badbomber som b\u00e5de ger n\u00e4ring till huden och skapar en avkopplande atmosf\u00e4r, vilket g\u00f6r att din kund k\u00e4nner sig utvilad och f\u00f6ryngrad.&nbsp; Men detta \u00e4r inte allt! Inuti varje badbomb kommer du att uppt\u00e4cka ett [&hellip;]<\/p>\n","protected":false},"featured_media":284834,"comment_status":"closed","ping_status":"open","template":"","meta":{"_angie_page":false},"product_brand":[],"product_cat":[25547,25208,12600,12864,25220,12865],"product_tag":[],"class_list":{"0":"post-216089","1":"product","2":"type-product","3":"status-publish","4":"has-post-thumbnail","6":"product_cat-ametist","7":"product_cat-armband","8":"product_cat-bad-och-dusch","9":"product_cat-badbomber","10":"product_cat-kristaller-adelstenar-mineraler","11":"product_cat-presentset","12":"pa_collection-gemstone-bracelet-bath-bomb-sv","13":"pa_made-in-storbritannien","15":"first","16":"instock","17":"purchasable","18":"product-type-simple"},"supplier_id":null,"supplier_sku":"GBBB-04","barcode":null,"atum_controlled":true,"out_stock_date":null,"out_stock_threshold":null,"inheritable":false,"inbound_stock":null,"stock_on_hold":0,"sold_today":0,"sales_last_days":0,"reserved_stock":null,"customer_returns":null,"warehouse_damage":null,"lost_in_post":null,"other_logs":null,"out_stock_days":0,"lost_sales":0,"has_location":null,"update_date":"2026-04-27T07:05:00","atum_locations":[],"atum_stock_status":"instock","restock_status":false,"low_stock_amount":"","sales_update_date":"2025-09-05T00:19:14","calc_backorders":null,"_links":{"self":[{"href":"https:\/\/aromasentia.com\/sv\/wp-json\/wp\/v2\/product\/216089","targetHints":{"allow":["GET"]}}],"collection":[{"href":"https:\/\/aromasentia.com\/sv\/wp-json\/wp\/v2\/product"}],"about":[{"href":"https:\/\/aromasentia.com\/sv\/wp-json\/wp\/v2\/types\/product"}],"replies":[{"embeddable":true,"href":"https:\/\/aromasentia.com\/sv\/wp-json\/wp\/v2\/comments?post=216089"}],"version-history":[{"count":0,"href":"https:\/\/aromasentia.com\/sv\/wp-json\/wp\/v2\/product\/216089\/revisions"}],"wp:featuredmedia":[{"embeddable":true,"href":"https:\/\/aromasentia.com\/sv\/wp-json\/wp\/v2\/media\/284834"}],"wp:attachment":[{"href":"https:\/\/aromasentia.com\/sv\/wp-json\/wp\/v2\/media?parent=216089"}],"wp:term":[{"taxonomy":"product_brand","embeddable":true,"href":"https:\/\/aromasentia.com\/sv\/wp-json\/wp\/v2\/product_brand?post=216089"},{"taxonomy":"product_cat","embeddable":true,"href":"https:\/\/aromasentia.com\/sv\/wp-json\/wp\/v2\/product_cat?post=216089"},{"taxonomy":"product_tag","embeddable":true,"href":"https:\/\/aromasentia.com\/sv\/wp-json\/wp\/v2\/product_tag?post=216089"}],"curies":[{"name":"wp","href":"https:\/\/api.w.org\/{rel}","templated":true}]}}