{"id":216084,"date":"2025-03-20T16:49:31","date_gmt":"2025-03-20T16:49:31","guid":{"rendered":"https:\/\/aromasentia.com\/product\/greenman-soap-100g-coconut-cool-calm\/"},"modified":"2025-12-31T15:38:45","modified_gmt":"2025-12-31T15:38:45","slug":"greenman-tvalar-100g-lugnande-kokosnot","status":"publish","type":"product","link":"https:\/\/aromasentia.com\/sv\/greenman-tvalar-100g-lugnande-kokosnot\/","title":{"rendered":"Greenman Tv\u00e5lar 100g &#8211; Lugnande Kokosn\u00f6t"},"content":{"rendered":"<p><strong>Lugnande Kokosn\u00f6t Tv\u00e5lar<\/strong> &#8211; rena, naturliga &amp; aromatiska. Dessa tv\u00e5lar \u00e4r fira fr\u00e5n SLS och parabener, gjorda med v\u00e4xter och eteriska oljor och var och en gjord f\u00f6r att anv\u00e4ndas f\u00f6r olika \u00e4ndam\u00e5l.&nbsp;<\/p>\n<p style=\"text-align: justify;\">Tillverkade i England &#8211; tv\u00e5lens och \u00e4rans land.&nbsp;<\/p>\n<p style=\"text-align: justify;\">Tv\u00e5larna \u00e4r omtyckta eftersom de s\u00e4ljs utan f\u00f6rpackning och kunderna kan d\u00e4rmed b\u00e4ttre uppskatta doften, samt presenteras de i fina utst\u00e4llningsaskar.&nbsp;<\/p>\n<p style=\"text-align: justify;\">Inspirerad av den ur\u00e5ldriga keltiska myten om bladmannen (the green man): naturlig, jordn\u00e4ra och levande &#8211; s\u00e5 f\u00f6ddes denna handgjorda serie av kallbearbetade tv\u00e5lar.&nbsp;<\/p>\n<p style=\"text-align: justify;\">Med enbart h\u00e5llbar palmolja, urgamla botaniska \u00e4mnen, rena aromatiska oljor och de finaste parfymoljorna f\u00f6rvandlar dessa n\u00e4stan mytiska tv\u00e5lar din dagliga tv\u00e4tt till en h\u00e4rlig reng\u00f6ringsritual. Och Greenman kommer att skydda dig och din familj eftersom den \u00e4r certifierad fri fr\u00e5n SLS och parabener. &nbsp;<\/p>\n<ul>\n<li style=\"text-align: justify;\">Fria fr\u00e5n SLS &amp; parabener&nbsp;<\/li>\n<li style=\"text-align: justify;\">Handgjorda i England&nbsp;<\/li>\n<li style=\"text-align: justify;\">Med aromatiska oljor och v\u00e4xter&nbsp;<\/li>\n<li style=\"text-align: justify;\">En tv\u00e5l f\u00f6r varje tillf\u00e4lle<\/li>\n<li style=\"text-align: justify;\">Utst\u00e4llningsask<\/li>\n<\/ul>\n<p style=\"text-align: justify;\"><strong><span style=\"color: rgb(84, 172, 210);\">Naturliga hantverkstv\u00e5lar som du kan tv\u00e4tta dig med &#8211; best\u00e4ll idag!<\/span><\/strong><\/p>\n","protected":false},"excerpt":{"rendered":"<p>Lugnande Kokosn\u00f6t Tv\u00e5lar &#8211; rena, naturliga &amp; aromatiska. Dessa tv\u00e5lar \u00e4r fira fr\u00e5n SLS och parabener, gjorda med v\u00e4xter och eteriska oljor och var och en gjord f\u00f6r att anv\u00e4ndas f\u00f6r olika \u00e4ndam\u00e5l.&nbsp; Tillverkade i England &#8211; tv\u00e5lens och \u00e4rans land.&nbsp; Tv\u00e5larna \u00e4r omtyckta eftersom de s\u00e4ljs utan f\u00f6rpackning och kunderna kan d\u00e4rmed b\u00e4ttre uppskatta [&hellip;]<\/p>\n","protected":false},"featured_media":286229,"comment_status":"closed","ping_status":"open","template":"","meta":{"_angie_page":false},"product_brand":[],"product_cat":[12600,12884],"product_tag":[],"class_list":{"0":"post-216084","1":"product","2":"type-product","3":"status-publish","4":"has-post-thumbnail","6":"product_cat-bad-och-dusch","7":"product_cat-naturliga-tvalar","8":"pa_collection-greenman-soaps-sv","9":"pa_made-in-storbritannien","10":"pa_size-100g","12":"first","13":"instock","14":"purchasable","15":"product-type-simple"},"supplier_id":null,"supplier_sku":"GMSoap-08","barcode":null,"atum_controlled":true,"out_stock_date":null,"out_stock_threshold":null,"inheritable":false,"inbound_stock":null,"stock_on_hold":0,"sold_today":0,"sales_last_days":0,"reserved_stock":null,"customer_returns":null,"warehouse_damage":null,"lost_in_post":null,"other_logs":null,"out_stock_days":0,"lost_sales":0,"has_location":null,"update_date":"2026-05-04T00:03:55","atum_locations":[],"atum_stock_status":"instock","restock_status":false,"low_stock_amount":"","sales_update_date":"2025-09-05T00:19:17","calc_backorders":null,"_links":{"self":[{"href":"https:\/\/aromasentia.com\/sv\/wp-json\/wp\/v2\/product\/216084","targetHints":{"allow":["GET"]}}],"collection":[{"href":"https:\/\/aromasentia.com\/sv\/wp-json\/wp\/v2\/product"}],"about":[{"href":"https:\/\/aromasentia.com\/sv\/wp-json\/wp\/v2\/types\/product"}],"replies":[{"embeddable":true,"href":"https:\/\/aromasentia.com\/sv\/wp-json\/wp\/v2\/comments?post=216084"}],"version-history":[{"count":0,"href":"https:\/\/aromasentia.com\/sv\/wp-json\/wp\/v2\/product\/216084\/revisions"}],"wp:featuredmedia":[{"embeddable":true,"href":"https:\/\/aromasentia.com\/sv\/wp-json\/wp\/v2\/media\/286229"}],"wp:attachment":[{"href":"https:\/\/aromasentia.com\/sv\/wp-json\/wp\/v2\/media?parent=216084"}],"wp:term":[{"taxonomy":"product_brand","embeddable":true,"href":"https:\/\/aromasentia.com\/sv\/wp-json\/wp\/v2\/product_brand?post=216084"},{"taxonomy":"product_cat","embeddable":true,"href":"https:\/\/aromasentia.com\/sv\/wp-json\/wp\/v2\/product_cat?post=216084"},{"taxonomy":"product_tag","embeddable":true,"href":"https:\/\/aromasentia.com\/sv\/wp-json\/wp\/v2\/product_tag?post=216084"}],"curies":[{"name":"wp","href":"https:\/\/api.w.org\/{rel}","templated":true}]}}