{"id":216076,"date":"2025-03-20T16:49:31","date_gmt":"2025-03-20T16:49:31","guid":{"rendered":"https:\/\/aromasentia.com\/product\/gemstone-bath-bomb-raspberry-pomegranate\/"},"modified":"2025-12-31T15:38:45","modified_gmt":"2025-12-31T15:38:45","slug":"badbomber-med-adelsten-hallon-granatapple","status":"publish","type":"product","link":"https:\/\/aromasentia.com\/sv\/badbomber-med-adelsten-hallon-granatapple\/","title":{"rendered":"Badbomber med \u00c4delsten &#8211; Hallon &#038; Granat\u00e4pple"},"content":{"rendered":"<p style=\"text-align: justify;\"><strong>Badbomber med \u00c4delsten &#8211; Hallon &amp; Granat\u00e4pple&nbsp;<\/strong>\u00e4r ditt nya m\u00e5ste om du s\u00e4ljer badprodukter. De lyxar till dina kunders spa-upplevelser samt f\u00e5r dem att koppla av.&nbsp;<\/p>\n<p style=\"text-align: justify;\">Det unika med dessa badbomber \u00e4r inte bara diamantformen och de vackra f\u00e4rgerna med lite glitter, utan framf\u00f6r allt \u00f6verraskningarna som g\u00f6mmer sig inuti dem. Inuti varje badbomb kan du n\u00e4mligen hitta en riktig \u00e4delsten.&nbsp;<\/p>\n<p style=\"text-align: justify;\">\u00c4delstenar som vi l\u00e4gger i v\u00e5ra badbomber \u00e4r noga utvalda och det finns 13 olika typer. Det finns bara ett s\u00e4tt att avsl\u00f6ja \u00f6verraskningen &#8211; dina kunder m\u00e5ste ta ett bad! Varje sten har unika egenskaper, som finns beskrivna i broschyrerna som bifogas med setet.&nbsp;<\/p>\n<p style=\"text-align: justify;\">\u00c4delstensbadbomber \u00e4r den perfekta presenten till alla som vill f\u00e5 en unik badupplevelse och k\u00e4nna sig speciella.<\/p>\n<p style=\"text-align: justify;\">16 badbomber per bricka &#8211; 16 broschyrer i varje set &#8211; Vikt: 190-220 g&nbsp;<\/p>\n<p style=\"text-align: justify;\"><strong>Inneh\u00e5ller milj\u00f6v\u00e4nligt kroppsglitter<\/strong><\/p>\n","protected":false},"excerpt":{"rendered":"<p>Badbomber med \u00c4delsten &#8211; Hallon &amp; Granat\u00e4pple&nbsp;\u00e4r ditt nya m\u00e5ste om du s\u00e4ljer badprodukter. De lyxar till dina kunders spa-upplevelser samt f\u00e5r dem att koppla av.&nbsp; Det unika med dessa badbomber \u00e4r inte bara diamantformen och de vackra f\u00e4rgerna med lite glitter, utan framf\u00f6r allt \u00f6verraskningarna som g\u00f6mmer sig inuti dem. Inuti varje badbomb kan [&hellip;]<\/p>\n","protected":false},"featured_media":285373,"comment_status":"closed","ping_status":"open","template":"","meta":{"_angie_page":false},"product_brand":[],"product_cat":[12600,12864,25845,26850,26506],"product_tag":[],"class_list":{"0":"post-216076","1":"product","2":"type-product","3":"status-publish","4":"has-post-thumbnail","6":"product_cat-bad-och-dusch","7":"product_cat-badbomber","8":"product_cat-dofter-aromer","9":"product_cat-fruktig","10":"product_cat-granatapple","11":"pa_collection-gemstone-bath-bombs-sv","12":"pa_made-in-storbritannien","14":"first","15":"instock","16":"purchasable","17":"product-type-simple"},"supplier_id":null,"supplier_sku":"GemBB-01","barcode":null,"atum_controlled":true,"out_stock_date":null,"out_stock_threshold":null,"inheritable":false,"inbound_stock":null,"stock_on_hold":0,"sold_today":0,"sales_last_days":0,"reserved_stock":null,"customer_returns":null,"warehouse_damage":null,"lost_in_post":null,"other_logs":null,"out_stock_days":0,"lost_sales":0,"has_location":null,"update_date":"2026-04-27T07:04:34","atum_locations":[],"atum_stock_status":"instock","restock_status":false,"low_stock_amount":"","sales_update_date":"2026-01-20T05:14:15","calc_backorders":null,"_links":{"self":[{"href":"https:\/\/aromasentia.com\/sv\/wp-json\/wp\/v2\/product\/216076","targetHints":{"allow":["GET"]}}],"collection":[{"href":"https:\/\/aromasentia.com\/sv\/wp-json\/wp\/v2\/product"}],"about":[{"href":"https:\/\/aromasentia.com\/sv\/wp-json\/wp\/v2\/types\/product"}],"replies":[{"embeddable":true,"href":"https:\/\/aromasentia.com\/sv\/wp-json\/wp\/v2\/comments?post=216076"}],"version-history":[{"count":0,"href":"https:\/\/aromasentia.com\/sv\/wp-json\/wp\/v2\/product\/216076\/revisions"}],"wp:featuredmedia":[{"embeddable":true,"href":"https:\/\/aromasentia.com\/sv\/wp-json\/wp\/v2\/media\/285373"}],"wp:attachment":[{"href":"https:\/\/aromasentia.com\/sv\/wp-json\/wp\/v2\/media?parent=216076"}],"wp:term":[{"taxonomy":"product_brand","embeddable":true,"href":"https:\/\/aromasentia.com\/sv\/wp-json\/wp\/v2\/product_brand?post=216076"},{"taxonomy":"product_cat","embeddable":true,"href":"https:\/\/aromasentia.com\/sv\/wp-json\/wp\/v2\/product_cat?post=216076"},{"taxonomy":"product_tag","embeddable":true,"href":"https:\/\/aromasentia.com\/sv\/wp-json\/wp\/v2\/product_tag?post=216076"}],"curies":[{"name":"wp","href":"https:\/\/api.w.org\/{rel}","templated":true}]}}