{"id":216070,"date":"2025-03-20T16:52:12","date_gmt":"2025-03-20T16:52:12","guid":{"rendered":"https:\/\/aromasentia.com\/product\/himalayan-bath-salt-blend-500g-clarity\/"},"modified":"2025-06-29T20:45:36","modified_gmt":"2025-06-29T20:45:36","slug":"klarhet-himalaya-badsalt-blandning-500g","status":"publish","type":"product","link":"https:\/\/aromasentia.com\/sv\/klarhet-himalaya-badsalt-blandning-500g\/","title":{"rendered":"Klarhet Himalaya Badsalt Blandning 500g"},"content":{"rendered":"<p style=\"text-align: justify;\"><strong>Klarhet: Rosmarin &amp; muskatellsalvia eteriska oljor + olivolja och torkade rosmarin\u00f6rter<\/strong><\/p>\n<p style=\"text-align: justify;\">Saltbadens l\u00e4kande krafter v\u00e4rderas \u00e4n i dag tack vare v\u00e4ldokumenterade h\u00e4lsof\u00f6rdelar av antika greker. Och n\u00e4r man v\u00e4ljer bland olika salt att bada i, \u00e4r den rena Himalaya-varianten enast\u00e5ende!&nbsp;<\/p>\n<p style=\"text-align: justify;\">Eftersom Himalayasalt \u00e4r s\u00e5 rikt p\u00e5 mineraler, har ett bad i det v\u00e4ldigt lugnande och reparerande effekter p\u00e5 skadad hud och fr\u00e4mjar cellf\u00f6rnyelse. Och med lite extra oliv-, jojoba-, nattljus- och andra basoljor, ger det n\u00e4ring och fukt till huden.<\/p>\n<p style=\"text-align: justify;\">Men det \u00e4r inte allt. Vi har \u00e4ven lagt till massor av rena eteriska oljor och torkade blommor f\u00f6r att skapa den ultimata upplevelsen av aromaterapi.&nbsp;<\/p>\n<p style=\"text-align: justify;\"><strong><span style=\"color: rgb(84, 172, 210);\">Best\u00e4ll dessa Himalaya badsalt blandningar i grossistledet f\u00f6r att slappna av i kroppen och rensa sinnet!<\/span><\/strong><\/p>\n","protected":false},"excerpt":{"rendered":"<p>Klarhet: Rosmarin &amp; muskatellsalvia eteriska oljor + olivolja och torkade rosmarin\u00f6rter Saltbadens l\u00e4kande krafter v\u00e4rderas \u00e4n i dag tack vare v\u00e4ldokumenterade h\u00e4lsof\u00f6rdelar av antika greker. Och n\u00e4r man v\u00e4ljer bland olika salt att bada i, \u00e4r den rena Himalaya-varianten enast\u00e5ende!&nbsp; Eftersom Himalayasalt \u00e4r s\u00e5 rikt p\u00e5 mineraler, har ett bad i det v\u00e4ldigt lugnande och [&hellip;]<\/p>\n","protected":false},"featured_media":287698,"comment_status":"closed","ping_status":"open","template":"","meta":{"_angie_page":false},"product_brand":[],"product_cat":[12600,12908],"product_tag":[],"class_list":{"0":"post-216070","1":"product","2":"type-product","3":"status-publish","4":"has-post-thumbnail","6":"product_cat-bad-och-dusch","7":"product_cat-badsalt","8":"pa_collection-himalayan-bath-salt-blends-500g-sv","9":"pa_made-in-storbritannien","10":"pa_size-500g","12":"first","13":"instock","14":"purchasable","15":"product-type-simple"},"supplier_id":null,"supplier_sku":"HBathS-02","barcode":null,"atum_controlled":true,"out_stock_date":null,"out_stock_threshold":null,"inheritable":false,"inbound_stock":null,"stock_on_hold":0,"sold_today":0,"sales_last_days":0,"reserved_stock":null,"customer_returns":null,"warehouse_damage":null,"lost_in_post":null,"other_logs":null,"out_stock_days":0,"lost_sales":0,"has_location":null,"update_date":"2026-04-27T07:06:46","atum_locations":[],"atum_stock_status":"instock","restock_status":false,"low_stock_amount":"","sales_update_date":"2025-09-05T00:19:22","calc_backorders":null,"_links":{"self":[{"href":"https:\/\/aromasentia.com\/sv\/wp-json\/wp\/v2\/product\/216070","targetHints":{"allow":["GET"]}}],"collection":[{"href":"https:\/\/aromasentia.com\/sv\/wp-json\/wp\/v2\/product"}],"about":[{"href":"https:\/\/aromasentia.com\/sv\/wp-json\/wp\/v2\/types\/product"}],"replies":[{"embeddable":true,"href":"https:\/\/aromasentia.com\/sv\/wp-json\/wp\/v2\/comments?post=216070"}],"version-history":[{"count":0,"href":"https:\/\/aromasentia.com\/sv\/wp-json\/wp\/v2\/product\/216070\/revisions"}],"wp:featuredmedia":[{"embeddable":true,"href":"https:\/\/aromasentia.com\/sv\/wp-json\/wp\/v2\/media\/287698"}],"wp:attachment":[{"href":"https:\/\/aromasentia.com\/sv\/wp-json\/wp\/v2\/media?parent=216070"}],"wp:term":[{"taxonomy":"product_brand","embeddable":true,"href":"https:\/\/aromasentia.com\/sv\/wp-json\/wp\/v2\/product_brand?post=216070"},{"taxonomy":"product_cat","embeddable":true,"href":"https:\/\/aromasentia.com\/sv\/wp-json\/wp\/v2\/product_cat?post=216070"},{"taxonomy":"product_tag","embeddable":true,"href":"https:\/\/aromasentia.com\/sv\/wp-json\/wp\/v2\/product_tag?post=216070"}],"curies":[{"name":"wp","href":"https:\/\/api.w.org\/{rel}","templated":true}]}}