{"id":216062,"date":"2025-03-20T16:52:12","date_gmt":"2025-03-20T16:52:12","guid":{"rendered":"https:\/\/aromasentia.com\/product\/soap-flower-gift-bouquet-14-pink-roses-round\/"},"modified":"2025-12-31T15:38:38","modified_gmt":"2025-12-31T15:38:38","slug":"gavoset-med-tvalblommor-14-rosa-rosor-rund","status":"publish","type":"product","link":"https:\/\/aromasentia.com\/sv\/gavoset-med-tvalblommor-14-rosa-rosor-rund\/","title":{"rendered":"G\u00e5voset med Tv\u00e5lblommor &#8211; 14 Rosa Rosor &#8211; Rund"},"content":{"rendered":"<p style=\"text-align: justify;\">Detta <strong>g\u00e5voset med 14 rosa tv\u00e5lblommor&nbsp;<\/strong>ser n\u00e4stan ut att inneh\u00e5lla riktiga blommor. Det kan l\u00e4tt bli din b\u00e4sts\u00e4ljande produkt om du s\u00e4ljer badrumspresenter och tillbeh\u00f6r.&nbsp;<\/p>\n<p style=\"text-align: justify;\">Det \u00e4r en perfekt present f\u00f6r alla tillf\u00e4llen, speciellt f\u00f6r alla hj\u00e4rtans dag, mors dag eller som en liten present f\u00f6r att visa uppskattning \u00e5t br\u00f6llopsg\u00e4ster. Med en flaska vin och detta g\u00e5voset kan du fira ett jubileum p\u00e5 det mest romantiska s\u00e4ttet. F\u00e5 din andra halva att k\u00e4nna sig speciell!&nbsp;<\/p>\n<p style=\"text-align: justify;\">Alternativt kan denna bukett skapa en trevlig atmosf\u00e4r i hotellets reception eller i hallen.&nbsp;<\/p>\n<p style=\"text-align: justify;\">L\u00e4gg bara ett eller tv\u00e5 rosenblad i varmt badvatten, slappna av och se bladen l\u00f6sas upp. Dina kunder kommer att njuta av den milda doften och det f\u00e4rgglada vattnet.&nbsp;<\/p>\n<p style=\"text-align: justify;\">Kunderna kommer att bli k\u00e4ra vid f\u00f6rsta \u00f6gonkastet i detta vackert arrangerade g\u00e5voset med dess lyx och elegans.<\/p>\n<p style=\"text-align: justify;\">L\u00e5dan kan \u00e5teranv\u00e4ndas, till exempel till en annan vacker present.&nbsp;<\/p>\n<p style=\"text-align: justify;\"><strong><span style=\"color: rgb(84, 172, 210);\">Best\u00e4ll nu f\u00f6r att gl\u00e4dja dina kunder samt deras n\u00e4ra och k\u00e4ra!<\/span><\/strong><\/p>\n","protected":false},"excerpt":{"rendered":"<p>Detta g\u00e5voset med 14 rosa tv\u00e5lblommor&nbsp;ser n\u00e4stan ut att inneh\u00e5lla riktiga blommor. Det kan l\u00e4tt bli din b\u00e4sts\u00e4ljande produkt om du s\u00e4ljer badrumspresenter och tillbeh\u00f6r.&nbsp; Det \u00e4r en perfekt present f\u00f6r alla tillf\u00e4llen, speciellt f\u00f6r alla hj\u00e4rtans dag, mors dag eller som en liten present f\u00f6r att visa uppskattning \u00e5t br\u00f6llopsg\u00e4ster. Med en flaska vin [&hellip;]<\/p>\n","protected":false},"featured_media":287291,"comment_status":"closed","ping_status":"open","template":"","meta":{"_angie_page":false},"product_brand":[],"product_cat":[12600,26836,25845,12884,26059],"product_tag":[],"class_list":{"0":"post-216062","1":"product","2":"type-product","3":"status-publish","4":"has-post-thumbnail","6":"product_cat-bad-och-dusch","7":"product_cat-blommig","8":"product_cat-dofter-aromer","9":"product_cat-naturliga-tvalar","10":"product_cat-ros","11":"pa_collection-gift-soap-flower-bouquet-sv","12":"pa_made-in-kina","14":"first","15":"instock","16":"purchasable","17":"product-type-simple"},"supplier_id":null,"supplier_sku":"GSFB-06","barcode":null,"atum_controlled":true,"out_stock_date":null,"out_stock_threshold":null,"inheritable":false,"inbound_stock":null,"stock_on_hold":0,"sold_today":0,"sales_last_days":0,"reserved_stock":null,"customer_returns":null,"warehouse_damage":null,"lost_in_post":null,"other_logs":null,"out_stock_days":0,"lost_sales":0,"has_location":null,"update_date":"2026-05-04T00:03:55","atum_locations":[],"atum_stock_status":"instock","restock_status":false,"low_stock_amount":"","sales_update_date":"2025-09-05T00:19:20","calc_backorders":null,"_links":{"self":[{"href":"https:\/\/aromasentia.com\/sv\/wp-json\/wp\/v2\/product\/216062","targetHints":{"allow":["GET"]}}],"collection":[{"href":"https:\/\/aromasentia.com\/sv\/wp-json\/wp\/v2\/product"}],"about":[{"href":"https:\/\/aromasentia.com\/sv\/wp-json\/wp\/v2\/types\/product"}],"replies":[{"embeddable":true,"href":"https:\/\/aromasentia.com\/sv\/wp-json\/wp\/v2\/comments?post=216062"}],"version-history":[{"count":0,"href":"https:\/\/aromasentia.com\/sv\/wp-json\/wp\/v2\/product\/216062\/revisions"}],"wp:featuredmedia":[{"embeddable":true,"href":"https:\/\/aromasentia.com\/sv\/wp-json\/wp\/v2\/media\/287291"}],"wp:attachment":[{"href":"https:\/\/aromasentia.com\/sv\/wp-json\/wp\/v2\/media?parent=216062"}],"wp:term":[{"taxonomy":"product_brand","embeddable":true,"href":"https:\/\/aromasentia.com\/sv\/wp-json\/wp\/v2\/product_brand?post=216062"},{"taxonomy":"product_cat","embeddable":true,"href":"https:\/\/aromasentia.com\/sv\/wp-json\/wp\/v2\/product_cat?post=216062"},{"taxonomy":"product_tag","embeddable":true,"href":"https:\/\/aromasentia.com\/sv\/wp-json\/wp\/v2\/product_tag?post=216062"}],"curies":[{"name":"wp","href":"https:\/\/api.w.org\/{rel}","templated":true}]}}