{"id":216043,"date":"2025-03-20T16:56:09","date_gmt":"2025-03-20T16:56:09","guid":{"rendered":"https:\/\/aromasentia.com\/product\/love-heart-bath-bomb-70g-french-lavender\/"},"modified":"2025-12-31T15:38:23","modified_gmt":"2025-12-31T15:38:23","slug":"hjarta-badbomber-70g-fransk-lavendel","status":"publish","type":"product","link":"https:\/\/aromasentia.com\/sv\/hjarta-badbomber-70g-fransk-lavendel\/","title":{"rendered":"Hj\u00e4rta Badbomber 70g &#8211; Fransk Lavendel"},"content":{"rendered":"<p style=\"text-align: justify;\">Dessa <strong>Hj\u00e4rta&nbsp;<\/strong><strong>Badbomber &#8211; Fransk Lavendel&nbsp;<\/strong>\u00e4r designade f\u00f6r att sl\u00e4ppa lite brus och k\u00e4rlek i dina kunders badkar. De \u00e4r ocks\u00e5 perfekta f\u00f6r presentkorgar. Det blir k\u00e4rlek vid f\u00f6rsta \u00f6gonkastet n\u00e4r dina kunder f\u00e5r se och lukta p\u00e5 hj\u00e4rtan.&nbsp;<\/p>\n<p style=\"text-align: justify;\">Det tjusande utseendet och favoritdofterna g\u00f6r detta till en bra kvalitetsprodukt att l\u00e4gga till ditt sortiment av badrumsg\u00e5vor.&nbsp;<\/p>\n<p style=\"text-align: justify;\">Och du kommer garanterat att gilla priset!<\/p>\n","protected":false},"excerpt":{"rendered":"<p>Dessa Hj\u00e4rta&nbsp;Badbomber &#8211; Fransk Lavendel&nbsp;\u00e4r designade f\u00f6r att sl\u00e4ppa lite brus och k\u00e4rlek i dina kunders badkar. De \u00e4r ocks\u00e5 perfekta f\u00f6r presentkorgar. Det blir k\u00e4rlek vid f\u00f6rsta \u00f6gonkastet n\u00e4r dina kunder f\u00e5r se och lukta p\u00e5 hj\u00e4rtan.&nbsp; Det tjusande utseendet och favoritdofterna g\u00f6r detta till en bra kvalitetsprodukt att l\u00e4gga till ditt sortiment av [&hellip;]<\/p>\n","protected":false},"featured_media":288071,"comment_status":"closed","ping_status":"open","template":"","meta":{"_angie_page":false},"product_brand":[],"product_cat":[12600,12864,26836,25845,26032],"product_tag":[],"class_list":{"0":"post-216043","1":"product","2":"type-product","3":"status-publish","4":"has-post-thumbnail","6":"product_cat-bad-och-dusch","7":"product_cat-badbomber","8":"product_cat-blommig","9":"product_cat-dofter-aromer","10":"product_cat-lavendel","11":"pa_collection-love-heart-bath-bomb-70-g-sv","12":"pa_made-in-storbritannien","13":"pa_size-70g","15":"first","16":"instock","17":"purchasable","18":"product-type-simple"},"supplier_id":null,"supplier_sku":"HeartB-04a","barcode":null,"atum_controlled":true,"out_stock_date":null,"out_stock_threshold":null,"inheritable":false,"inbound_stock":null,"stock_on_hold":0,"sold_today":0,"sales_last_days":0,"reserved_stock":null,"customer_returns":null,"warehouse_damage":null,"lost_in_post":null,"other_logs":null,"out_stock_days":0,"lost_sales":0,"has_location":null,"update_date":"2026-05-08T05:10:48","atum_locations":[],"atum_stock_status":"instock","restock_status":false,"low_stock_amount":"","sales_update_date":"2025-09-05T00:19:26","calc_backorders":null,"_links":{"self":[{"href":"https:\/\/aromasentia.com\/sv\/wp-json\/wp\/v2\/product\/216043","targetHints":{"allow":["GET"]}}],"collection":[{"href":"https:\/\/aromasentia.com\/sv\/wp-json\/wp\/v2\/product"}],"about":[{"href":"https:\/\/aromasentia.com\/sv\/wp-json\/wp\/v2\/types\/product"}],"replies":[{"embeddable":true,"href":"https:\/\/aromasentia.com\/sv\/wp-json\/wp\/v2\/comments?post=216043"}],"version-history":[{"count":0,"href":"https:\/\/aromasentia.com\/sv\/wp-json\/wp\/v2\/product\/216043\/revisions"}],"wp:featuredmedia":[{"embeddable":true,"href":"https:\/\/aromasentia.com\/sv\/wp-json\/wp\/v2\/media\/288071"}],"wp:attachment":[{"href":"https:\/\/aromasentia.com\/sv\/wp-json\/wp\/v2\/media?parent=216043"}],"wp:term":[{"taxonomy":"product_brand","embeddable":true,"href":"https:\/\/aromasentia.com\/sv\/wp-json\/wp\/v2\/product_brand?post=216043"},{"taxonomy":"product_cat","embeddable":true,"href":"https:\/\/aromasentia.com\/sv\/wp-json\/wp\/v2\/product_cat?post=216043"},{"taxonomy":"product_tag","embeddable":true,"href":"https:\/\/aromasentia.com\/sv\/wp-json\/wp\/v2\/product_tag?post=216043"}],"curies":[{"name":"wp","href":"https:\/\/api.w.org\/{rel}","templated":true}]}}