{"id":216038,"date":"2025-03-20T16:56:09","date_gmt":"2025-03-20T16:56:09","guid":{"rendered":"https:\/\/aromasentia.com\/product\/chamomile-hydrolat-100ml\/"},"modified":"2025-12-31T15:38:15","modified_gmt":"2025-12-31T15:38:15","slug":"hydrolat-blomvatten-kamomill-100ml","status":"publish","type":"product","link":"https:\/\/aromasentia.com\/sv\/hydrolat-blomvatten-kamomill-100ml\/","title":{"rendered":"Hydrolat Blomvatten &#8211; Kamomill 100ml"},"content":{"rendered":"<p style=\"text-align: justify;\">Vi presenterar v\u00e5r <strong>Kamomill&nbsp;<\/strong><strong>Hydrolat Blomvatte<\/strong><strong>n i grossistledet&nbsp;<\/strong>som kommer i en praktisk storlek p\u00e5 100 ml.<\/p>\n<p style=\"text-align: justify;\">V\u00e5r Kamomill Hydrolat erbjuder en m\u00e4ngd f\u00f6rdelar f\u00f6r din hud och ditt allm\u00e4nna v\u00e4lbefinnande. Den fungerar som en mild och lugnande ansiktsvatten som hj\u00e4lper till att lugna och balansera huden samtidigt som den minskar rodnad och inflammation. Dess milda egenskaper g\u00f6r den l\u00e4mplig f\u00f6r alla hudtyper, inklusive k\u00e4nslig och irriterad hud.&nbsp;<\/p>\n<p style=\"text-align: justify;\">Den f\u00f6rtrollande aromen av kamomill \u00e4r v\u00e4lk\u00e4nd f\u00f6r sina avslappnande och tr\u00f6stande egenskaper. V\u00e5r Kamomill Hydrolat kan anv\u00e4ndas som ansiktsspray, kroppsspray eller inkorporeras i bad- och kroppsformuleringar f\u00f6r att skapa en lugn atmosf\u00e4r.&nbsp;<\/p>\n<p style=\"text-align: justify;\">Som en grossistprodukt \u00e4r v\u00e5r Kamomill Hydrolat perfekt f\u00f6r \u00e5terf\u00f6rs\u00e4ljare, spa, aromaterapeuter och g\u00f6r-det-sj\u00e4lv-entusiaster som vill inf\u00f6rliva den naturliga godheten hos kamomill i sina erbjudanden.<\/p>\n<p style=\"text-align: justify;\"><strong><span style=\"color: rgb(84, 172, 210);\">Best\u00e4ll idag och lyft din produktlinje med denna exceptionella kamomill hydrolat!<\/span><\/strong><\/p>\n","protected":false},"excerpt":{"rendered":"<p>Vi presenterar v\u00e5r Kamomill&nbsp;Hydrolat Blomvatten i grossistledet&nbsp;som kommer i en praktisk storlek p\u00e5 100 ml. V\u00e5r Kamomill Hydrolat erbjuder en m\u00e4ngd f\u00f6rdelar f\u00f6r din hud och ditt allm\u00e4nna v\u00e4lbefinnande. Den fungerar som en mild och lugnande ansiktsvatten som hj\u00e4lper till att lugna och balansera huden samtidigt som den minskar rodnad och inflammation. Dess milda egenskaper [&hellip;]<\/p>\n","protected":false},"featured_media":287986,"comment_status":"closed","ping_status":"open","template":"","meta":{"_angie_page":false},"product_brand":[27069],"product_cat":[12600,26836,25845,12984,26011],"product_tag":[],"class_list":{"0":"post-216038","1":"product","2":"type-product","3":"status-publish","4":"has-post-thumbnail","6":"product_brand-aw-cosmetics","7":"product_cat-bad-och-dusch","8":"product_cat-blommig","9":"product_cat-dofter-aromer","10":"product_cat-kroppsvard","11":"product_cat-romersk-kamomill","12":"pa_collection-hydrolat-floral-waters-sv","13":"pa_made-in-storbritannien","14":"pa_size-100ml","16":"first","17":"instock","18":"purchasable","19":"product-type-simple"},"supplier_id":null,"supplier_sku":"HDL-03","barcode":null,"atum_controlled":true,"out_stock_date":null,"out_stock_threshold":null,"inheritable":false,"inbound_stock":null,"stock_on_hold":0,"sold_today":0,"sales_last_days":0,"reserved_stock":null,"customer_returns":null,"warehouse_damage":null,"lost_in_post":null,"other_logs":null,"out_stock_days":0,"lost_sales":0,"has_location":null,"update_date":"2026-04-30T19:05:59","atum_locations":[],"atum_stock_status":"instock","restock_status":false,"low_stock_amount":"","sales_update_date":"2026-01-30T01:24:53","calc_backorders":null,"_links":{"self":[{"href":"https:\/\/aromasentia.com\/sv\/wp-json\/wp\/v2\/product\/216038","targetHints":{"allow":["GET"]}}],"collection":[{"href":"https:\/\/aromasentia.com\/sv\/wp-json\/wp\/v2\/product"}],"about":[{"href":"https:\/\/aromasentia.com\/sv\/wp-json\/wp\/v2\/types\/product"}],"replies":[{"embeddable":true,"href":"https:\/\/aromasentia.com\/sv\/wp-json\/wp\/v2\/comments?post=216038"}],"version-history":[{"count":0,"href":"https:\/\/aromasentia.com\/sv\/wp-json\/wp\/v2\/product\/216038\/revisions"}],"wp:featuredmedia":[{"embeddable":true,"href":"https:\/\/aromasentia.com\/sv\/wp-json\/wp\/v2\/media\/287986"}],"wp:attachment":[{"href":"https:\/\/aromasentia.com\/sv\/wp-json\/wp\/v2\/media?parent=216038"}],"wp:term":[{"taxonomy":"product_brand","embeddable":true,"href":"https:\/\/aromasentia.com\/sv\/wp-json\/wp\/v2\/product_brand?post=216038"},{"taxonomy":"product_cat","embeddable":true,"href":"https:\/\/aromasentia.com\/sv\/wp-json\/wp\/v2\/product_cat?post=216038"},{"taxonomy":"product_tag","embeddable":true,"href":"https:\/\/aromasentia.com\/sv\/wp-json\/wp\/v2\/product_tag?post=216038"}],"curies":[{"name":"wp","href":"https:\/\/api.w.org\/{rel}","templated":true}]}}