{"id":216037,"date":"2025-03-20T16:56:09","date_gmt":"2025-03-20T16:56:09","guid":{"rendered":"https:\/\/aromasentia.com\/product\/gernaium-hydrolat-100ml\/"},"modified":"2025-12-31T15:38:15","modified_gmt":"2025-12-31T15:38:15","slug":"hydrolat-blomvatten-pelargon-100ml","status":"publish","type":"product","link":"https:\/\/aromasentia.com\/sv\/hydrolat-blomvatten-pelargon-100ml\/","title":{"rendered":"Hydrolat Blomvatten &#8211; Pelargon 100ml"},"content":{"rendered":"<p style=\"text-align: justify;\">Vi presenterar v\u00e5r <strong>Pelargon&nbsp;<\/strong><strong>Hydrolat Blomvatte<\/strong><strong>n i grossistledet&nbsp;<\/strong>som kommer i en praktisk storlek p\u00e5 100 ml.<\/p>\n<p style=\"text-align: justify;\">V\u00e5r Pelargon Hydrolat erbjuder ett brett utbud av f\u00f6rdelar f\u00f6r din hud och dina sinnen. Den fungerar som ett naturligt ansiktsvatten, hj\u00e4lper till att balansera och vitalisera huden samtidigt som den fr\u00e4mjar en h\u00e4lsosam lyster. Dess milda och lugnande egenskaper g\u00f6r den l\u00e4mplig f\u00f6r alla hudtyper, inklusive k\u00e4nslig och mogen hud.&nbsp;<\/p>\n<p style=\"text-align: justify;\">Den h\u00e4rliga blomdoften av pelargon \u00e4r k\u00e4nd f\u00f6r sina upplyftande och hum\u00f6rh\u00f6jande egenskaper. V\u00e5r Pelargon Hydrolat kan anv\u00e4ndas som ansiktsspray, kroppsspray eller inkorporeras i bad- och kroppsformuleringar f\u00f6r att pigga upp och lyfta sinnena.&nbsp;<\/p>\n<p style=\"text-align: justify;\">Som en grossistprodukt \u00e4r v\u00e5r Pelargon Hydrolat perfekt f\u00f6r \u00e5terf\u00f6rs\u00e4ljare, spa, aromaterapeuter och g\u00f6r-det-sj\u00e4lv-entusiaster som vill ingjuta sina skapelser med den finaste pelargonessensen.<\/p>\n<p style=\"text-align: justify;\"><strong><span style=\"color: rgb(84, 172, 210);\">Best\u00e4ll idag och lyft din produktlinje med denna exceptionella pelargon hydrolat!<\/span><\/strong><\/p>\n","protected":false},"excerpt":{"rendered":"<p>Vi presenterar v\u00e5r Pelargon&nbsp;Hydrolat Blomvatten i grossistledet&nbsp;som kommer i en praktisk storlek p\u00e5 100 ml. V\u00e5r Pelargon Hydrolat erbjuder ett brett utbud av f\u00f6rdelar f\u00f6r din hud och dina sinnen. Den fungerar som ett naturligt ansiktsvatten, hj\u00e4lper till att balansera och vitalisera huden samtidigt som den fr\u00e4mjar en h\u00e4lsosam lyster. Dess milda och lugnande egenskaper [&hellip;]<\/p>\n","protected":false},"featured_media":287961,"comment_status":"closed","ping_status":"open","template":"","meta":{"_angie_page":false},"product_brand":[27069],"product_cat":[12600,12984],"product_tag":[],"class_list":{"0":"post-216037","1":"product","2":"type-product","3":"status-publish","4":"has-post-thumbnail","6":"product_brand-aw-cosmetics","7":"product_cat-bad-och-dusch","8":"product_cat-kroppsvard","9":"pa_collection-hydrolat-floral-waters-sv","10":"pa_made-in-spanien","11":"pa_size-100ml","13":"first","14":"instock","15":"purchasable","16":"product-type-simple"},"supplier_id":null,"supplier_sku":"HDL-04","barcode":null,"atum_controlled":true,"out_stock_date":null,"out_stock_threshold":null,"inheritable":false,"inbound_stock":null,"stock_on_hold":0,"sold_today":0,"sales_last_days":0,"reserved_stock":null,"customer_returns":null,"warehouse_damage":null,"lost_in_post":null,"other_logs":null,"out_stock_days":0,"lost_sales":0,"has_location":null,"update_date":"2026-04-27T07:06:54","atum_locations":[],"atum_stock_status":"instock","restock_status":false,"low_stock_amount":"","sales_update_date":"2026-01-30T01:24:31","calc_backorders":null,"_links":{"self":[{"href":"https:\/\/aromasentia.com\/sv\/wp-json\/wp\/v2\/product\/216037","targetHints":{"allow":["GET"]}}],"collection":[{"href":"https:\/\/aromasentia.com\/sv\/wp-json\/wp\/v2\/product"}],"about":[{"href":"https:\/\/aromasentia.com\/sv\/wp-json\/wp\/v2\/types\/product"}],"replies":[{"embeddable":true,"href":"https:\/\/aromasentia.com\/sv\/wp-json\/wp\/v2\/comments?post=216037"}],"version-history":[{"count":0,"href":"https:\/\/aromasentia.com\/sv\/wp-json\/wp\/v2\/product\/216037\/revisions"}],"wp:featuredmedia":[{"embeddable":true,"href":"https:\/\/aromasentia.com\/sv\/wp-json\/wp\/v2\/media\/287961"}],"wp:attachment":[{"href":"https:\/\/aromasentia.com\/sv\/wp-json\/wp\/v2\/media?parent=216037"}],"wp:term":[{"taxonomy":"product_brand","embeddable":true,"href":"https:\/\/aromasentia.com\/sv\/wp-json\/wp\/v2\/product_brand?post=216037"},{"taxonomy":"product_cat","embeddable":true,"href":"https:\/\/aromasentia.com\/sv\/wp-json\/wp\/v2\/product_cat?post=216037"},{"taxonomy":"product_tag","embeddable":true,"href":"https:\/\/aromasentia.com\/sv\/wp-json\/wp\/v2\/product_tag?post=216037"}],"curies":[{"name":"wp","href":"https:\/\/api.w.org\/{rel}","templated":true}]}}