{"id":216029,"date":"2025-03-20T16:57:53","date_gmt":"2025-03-20T16:57:53","guid":{"rendered":"https:\/\/aromasentia.com\/product\/bag-of-pink-crystal-chunks-1kg-large\/"},"modified":"2025-12-31T15:38:15","modified_gmt":"2025-12-31T15:38:15","slug":"rosa-himalaya-badsalt-stora-kristallbitar-1kg","status":"publish","type":"product","link":"https:\/\/aromasentia.com\/sv\/rosa-himalaya-badsalt-stora-kristallbitar-1kg\/","title":{"rendered":"Rosa Himalaya Badsalt Stora Kristallbitar &#8211; 1kg"},"content":{"rendered":"<p style=\"text-align: justify;\">Vi presenterar v\u00e5r <strong>Rosa Himalaya Badsalt Stora Kristallbitar &#8211; 1 kg<\/strong>, en viktig produkt i v\u00e5r premiumkollektion av grossist Himalaya badsalt. Dessa kristallbitar, som \u00e4r tillverkade med st\u00f6rsta omsorg och h\u00e4mtade fr\u00e5n hj\u00e4rtat av Himalaya, erbjuder en unik och lyxig twist p\u00e5 dina kunders badrutiner.&nbsp;<\/p>\n<p style=\"text-align: justify;\">F\u00f6rb\u00e4ttra sj\u00e4lvv\u00e5rdsrutinen med dessa handutvalda rosa kristallbitar som kommer fr\u00e5n urgamla saltavlagringar. N\u00e4r de enkelt l\u00f6ses upp i badvattnet, infunderar de det med en f\u00f6ryngrande blandning av mineraler, vilket ger en spaliknande upplevelse direkt i hemmet. Dessa rosa kristallbitar fr\u00e4mjar inte bara avslappning och stresslindring, utan de f\u00e5r ocks\u00e5 huden att k\u00e4nnas &nbsp;mjuk och vitaliserad. De \u00e4r en bra representation f\u00f6r den renhet och kvalitet som v\u00e5rt varum\u00e4rke \u00e4r k\u00e4nt f\u00f6r.&nbsp;<\/p>\n<p style=\"text-align: justify;\">Som p\u00e5litliga grossistleverant\u00f6rer av badsalt erbjuder vi anpassningsbara f\u00f6rpackningar och bulkalternativ, vilket g\u00f6r att ditt varum\u00e4rke kan v\u00e4xa \u00e4nnu mer.&nbsp;<\/p>\n<p style=\"text-align: justify;\"><strong><span style=\"color: rgb(84, 172, 210);\">Best\u00e4ll nu och l\u00e5t dina kunder njuta av ett h\u00e4lsosamt och mineralrikt bad!<\/span><\/strong><\/p>\n","protected":false},"excerpt":{"rendered":"<p>Vi presenterar v\u00e5r Rosa Himalaya Badsalt Stora Kristallbitar &#8211; 1 kg, en viktig produkt i v\u00e5r premiumkollektion av grossist Himalaya badsalt. Dessa kristallbitar, som \u00e4r tillverkade med st\u00f6rsta omsorg och h\u00e4mtade fr\u00e5n hj\u00e4rtat av Himalaya, erbjuder en unik och lyxig twist p\u00e5 dina kunders badrutiner.&nbsp; F\u00f6rb\u00e4ttra sj\u00e4lvv\u00e5rdsrutinen med dessa handutvalda rosa kristallbitar som kommer fr\u00e5n [&hellip;]<\/p>\n","protected":false},"featured_media":288385,"comment_status":"closed","ping_status":"open","template":"","meta":{"_angie_page":false},"product_brand":[],"product_cat":[12600,12908],"product_tag":[],"class_list":{"0":"post-216029","1":"product","2":"type-product","3":"status-publish","4":"has-post-thumbnail","6":"product_cat-bad-och-dusch","7":"product_cat-badsalt","8":"pa_collection-himalayan-bath-salt-sv","9":"pa_made-in-pakistan","11":"first","12":"instock","13":"purchasable","14":"product-type-simple"},"supplier_id":null,"supplier_sku":"HSalt-55","barcode":null,"atum_controlled":true,"out_stock_date":null,"out_stock_threshold":null,"inheritable":false,"inbound_stock":null,"stock_on_hold":0,"sold_today":0,"sales_last_days":0,"reserved_stock":null,"customer_returns":null,"warehouse_damage":null,"lost_in_post":null,"other_logs":null,"out_stock_days":0,"lost_sales":0,"has_location":null,"update_date":"2026-04-27T07:07:58","atum_locations":[],"atum_stock_status":"instock","restock_status":false,"low_stock_amount":"","sales_update_date":"2026-01-30T01:26:16","calc_backorders":null,"_links":{"self":[{"href":"https:\/\/aromasentia.com\/sv\/wp-json\/wp\/v2\/product\/216029","targetHints":{"allow":["GET"]}}],"collection":[{"href":"https:\/\/aromasentia.com\/sv\/wp-json\/wp\/v2\/product"}],"about":[{"href":"https:\/\/aromasentia.com\/sv\/wp-json\/wp\/v2\/types\/product"}],"replies":[{"embeddable":true,"href":"https:\/\/aromasentia.com\/sv\/wp-json\/wp\/v2\/comments?post=216029"}],"version-history":[{"count":0,"href":"https:\/\/aromasentia.com\/sv\/wp-json\/wp\/v2\/product\/216029\/revisions"}],"wp:featuredmedia":[{"embeddable":true,"href":"https:\/\/aromasentia.com\/sv\/wp-json\/wp\/v2\/media\/288385"}],"wp:attachment":[{"href":"https:\/\/aromasentia.com\/sv\/wp-json\/wp\/v2\/media?parent=216029"}],"wp:term":[{"taxonomy":"product_brand","embeddable":true,"href":"https:\/\/aromasentia.com\/sv\/wp-json\/wp\/v2\/product_brand?post=216029"},{"taxonomy":"product_cat","embeddable":true,"href":"https:\/\/aromasentia.com\/sv\/wp-json\/wp\/v2\/product_cat?post=216029"},{"taxonomy":"product_tag","embeddable":true,"href":"https:\/\/aromasentia.com\/sv\/wp-json\/wp\/v2\/product_tag?post=216029"}],"curies":[{"name":"wp","href":"https:\/\/api.w.org\/{rel}","templated":true}]}}