{"id":216021,"date":"2025-03-20T16:57:53","date_gmt":"2025-03-20T16:57:53","guid":{"rendered":"https:\/\/aromasentia.com\/product\/carved-mango-wood-cutter-for-soap-loaves\/"},"modified":"2025-12-31T15:38:08","modified_gmt":"2025-12-31T15:38:08","slug":"tvalskarare-snidad-ur-mangotra","status":"publish","type":"product","link":"https:\/\/aromasentia.com\/sv\/tvalskarare-snidad-ur-mangotra\/","title":{"rendered":"Tv\u00e5lsk\u00e4rare Snidad ur Mangotr\u00e4"},"content":{"rendered":"<p style=\"text-align: justify;\">Om du s\u00e4ljer tv\u00e5llimpor eller andra oinslagna tv\u00e5lar vill du g\u00f6ra ett professionellt jobb med att sk\u00e4ra och sl\u00e5 in dem.&nbsp;<\/p>\n<p style=\"text-align: justify;\">F\u00f6r detta \u00e4ndam\u00e5l erbjuder vi denna<strong>&nbsp;Tv\u00e5lsk\u00e4rare Snidad ur Mangotr\u00e4 i Grossistledet<\/strong>.&nbsp;<\/p>\n<p style=\"text-align: justify;\">Du kan anv\u00e4nda en kniv f\u00f6r att sk\u00e4ra tv\u00e5lbr\u00f6den, men med en tv\u00e5lsk\u00e4rare f\u00e5r du mer enhetliga tv\u00e5lar och det g\u00e5r snabbare. V\u00e5r tv\u00e5lsk\u00e4rare sk\u00e4r tv\u00e5lskivor som \u00e4r cirka 2 cm breda.<\/p>\n","protected":false},"excerpt":{"rendered":"<p>Om du s\u00e4ljer tv\u00e5llimpor eller andra oinslagna tv\u00e5lar vill du g\u00f6ra ett professionellt jobb med att sk\u00e4ra och sl\u00e5 in dem.&nbsp; F\u00f6r detta \u00e4ndam\u00e5l erbjuder vi denna&nbsp;Tv\u00e5lsk\u00e4rare Snidad ur Mangotr\u00e4 i Grossistledet.&nbsp; Du kan anv\u00e4nda en kniv f\u00f6r att sk\u00e4ra tv\u00e5lbr\u00f6den, men med en tv\u00e5lsk\u00e4rare f\u00e5r du mer enhetliga tv\u00e5lar och det g\u00e5r snabbare. V\u00e5r [&hellip;]<\/p>\n","protected":false},"featured_media":288169,"comment_status":"closed","ping_status":"open","template":"","meta":{"_angie_page":false},"product_brand":[],"product_cat":[12600,12884],"product_tag":[],"class_list":{"0":"post-216021","1":"product","2":"type-product","3":"status-publish","4":"has-post-thumbnail","6":"product_cat-bad-och-dusch","7":"product_cat-naturliga-tvalar","8":"pa_collection-soap-bathbomb-accessories-sv","9":"pa_made-in-indien","11":"first","12":"instock","13":"purchasable","14":"product-type-simple"},"supplier_id":null,"supplier_sku":"HMS-34M","barcode":null,"atum_controlled":true,"out_stock_date":null,"out_stock_threshold":null,"inheritable":false,"inbound_stock":0,"stock_on_hold":0,"sold_today":0,"sales_last_days":0,"reserved_stock":0,"customer_returns":0,"warehouse_damage":0,"lost_in_post":0,"other_logs":0,"out_stock_days":0,"lost_sales":0,"has_location":false,"update_date":"2026-04-27T07:07:34","atum_locations":[],"atum_stock_status":"instock","restock_status":false,"low_stock_amount":"","sales_update_date":"2026-01-30T01:24:29","calc_backorders":null,"_links":{"self":[{"href":"https:\/\/aromasentia.com\/sv\/wp-json\/wp\/v2\/product\/216021","targetHints":{"allow":["GET"]}}],"collection":[{"href":"https:\/\/aromasentia.com\/sv\/wp-json\/wp\/v2\/product"}],"about":[{"href":"https:\/\/aromasentia.com\/sv\/wp-json\/wp\/v2\/types\/product"}],"replies":[{"embeddable":true,"href":"https:\/\/aromasentia.com\/sv\/wp-json\/wp\/v2\/comments?post=216021"}],"version-history":[{"count":0,"href":"https:\/\/aromasentia.com\/sv\/wp-json\/wp\/v2\/product\/216021\/revisions"}],"wp:featuredmedia":[{"embeddable":true,"href":"https:\/\/aromasentia.com\/sv\/wp-json\/wp\/v2\/media\/288169"}],"wp:attachment":[{"href":"https:\/\/aromasentia.com\/sv\/wp-json\/wp\/v2\/media?parent=216021"}],"wp:term":[{"taxonomy":"product_brand","embeddable":true,"href":"https:\/\/aromasentia.com\/sv\/wp-json\/wp\/v2\/product_brand?post=216021"},{"taxonomy":"product_cat","embeddable":true,"href":"https:\/\/aromasentia.com\/sv\/wp-json\/wp\/v2\/product_cat?post=216021"},{"taxonomy":"product_tag","embeddable":true,"href":"https:\/\/aromasentia.com\/sv\/wp-json\/wp\/v2\/product_tag?post=216021"}],"curies":[{"name":"wp","href":"https:\/\/api.w.org\/{rel}","templated":true}]}}