{"id":215998,"date":"2025-03-20T17:19:14","date_gmt":"2025-03-20T17:19:14","guid":{"rendered":"https:\/\/aromasentia.com\/product\/hand-crafted-soap-strawberry-slice-115g-approx\/"},"modified":"2025-12-31T15:37:46","modified_gmt":"2025-12-31T15:37:46","slug":"handgjord-hantverkstval-1-2kg-jordgubbe","status":"publish","type":"product","link":"https:\/\/aromasentia.com\/sv\/handgjord-hantverkstval-1-2kg-jordgubbe\/","title":{"rendered":"Handgjord Hantverkstv\u00e5l 1.2kg &#8211; Jordgubbe"},"content":{"rendered":"<p style=\"text-align: justify;\"><strong>Handgjord Tv\u00e5llimpa &#8211; Jordgubbe&nbsp;<\/strong>\u00e4r gjord av ingredienser av h\u00f6gsta kvalitet med sm\u00e4lt- och h\u00e4llmetoden.&nbsp;<\/p>\n<p style=\"text-align: justify;\">En riktigt h\u00e4rlig tv\u00e5l som levereras i 1,2 kg i form av en limpa. Du kan f\u00e5 12 x 100 g (ca vikt) bitar fr\u00e5n varje br\u00f6d. Dina kunders h\u00e4nder, kropp och sj\u00e4l kommer att k\u00e4nnas rengjorda, n\u00e4rda och \u00e5terfuktade.&nbsp;<\/p>\n<p style=\"text-align: justify;\">Ganska ofta \u00e4r det mest trafikerade st\u00e5ndet p\u00e5 hantverksmarknaden det som s\u00e4ljer handgjorda tv\u00e5lar avskurna fr\u00e5n limpan. Hemligheten ligger i uppst\u00e4llningen. Var kreativ!&nbsp;<\/p>\n<p style=\"text-align: justify;\">F\u00e4rgen eller designen kan variera n\u00e5got. Vi tillhandah\u00e5ller \u00e4ven vaxade papper\/plastark, etiketter och tv\u00e5lsk\u00e4rare.&nbsp;<\/p>\n<p style=\"text-align: justify;\"><strong>* Handgjorda tv\u00e5lar * Fantastiska dofter * Vackra f\u00e4rger *<\/strong><\/p>\n","protected":false},"excerpt":{"rendered":"<p>Handgjord Tv\u00e5llimpa &#8211; Jordgubbe&nbsp;\u00e4r gjord av ingredienser av h\u00f6gsta kvalitet med sm\u00e4lt- och h\u00e4llmetoden.&nbsp; En riktigt h\u00e4rlig tv\u00e5l som levereras i 1,2 kg i form av en limpa. Du kan f\u00e5 12 x 100 g (ca vikt) bitar fr\u00e5n varje br\u00f6d. Dina kunders h\u00e4nder, kropp och sj\u00e4l kommer att k\u00e4nnas rengjorda, n\u00e4rda och \u00e5terfuktade.&nbsp; Ganska [&hellip;]<\/p>\n","protected":false},"featured_media":289025,"comment_status":"closed","ping_status":"open","template":"","meta":{"_angie_page":false},"product_brand":[],"product_cat":[12600,25845,26850,26549,12884],"product_tag":[],"class_list":{"0":"post-215998","1":"product","2":"type-product","3":"status-publish","4":"has-post-thumbnail","6":"product_cat-bad-och-dusch","7":"product_cat-dofter-aromer","8":"product_cat-fruktig","9":"product_cat-jordgubbar","10":"product_cat-naturliga-tvalar","11":"pa_collection-handmade-soap-loaves-1-25kg-slices-sv","12":"pa_made-in-tjeckien","13":"pa_size-115g","15":"first","16":"instock","17":"purchasable","18":"product-type-simple"},"supplier_id":null,"supplier_sku":"HSBS-14","barcode":null,"atum_controlled":true,"out_stock_date":null,"out_stock_threshold":null,"inheritable":false,"inbound_stock":0,"stock_on_hold":0,"sold_today":0,"sales_last_days":0,"reserved_stock":0,"customer_returns":0,"warehouse_damage":0,"lost_in_post":0,"other_logs":0,"out_stock_days":0,"lost_sales":0,"has_location":false,"update_date":"2026-05-04T00:04:58","atum_locations":[],"atum_stock_status":"instock","restock_status":false,"low_stock_amount":"","sales_update_date":"2025-09-05T00:19:33","calc_backorders":null,"_links":{"self":[{"href":"https:\/\/aromasentia.com\/sv\/wp-json\/wp\/v2\/product\/215998","targetHints":{"allow":["GET"]}}],"collection":[{"href":"https:\/\/aromasentia.com\/sv\/wp-json\/wp\/v2\/product"}],"about":[{"href":"https:\/\/aromasentia.com\/sv\/wp-json\/wp\/v2\/types\/product"}],"replies":[{"embeddable":true,"href":"https:\/\/aromasentia.com\/sv\/wp-json\/wp\/v2\/comments?post=215998"}],"version-history":[{"count":0,"href":"https:\/\/aromasentia.com\/sv\/wp-json\/wp\/v2\/product\/215998\/revisions"}],"wp:featuredmedia":[{"embeddable":true,"href":"https:\/\/aromasentia.com\/sv\/wp-json\/wp\/v2\/media\/289025"}],"wp:attachment":[{"href":"https:\/\/aromasentia.com\/sv\/wp-json\/wp\/v2\/media?parent=215998"}],"wp:term":[{"taxonomy":"product_brand","embeddable":true,"href":"https:\/\/aromasentia.com\/sv\/wp-json\/wp\/v2\/product_brand?post=215998"},{"taxonomy":"product_cat","embeddable":true,"href":"https:\/\/aromasentia.com\/sv\/wp-json\/wp\/v2\/product_cat?post=215998"},{"taxonomy":"product_tag","embeddable":true,"href":"https:\/\/aromasentia.com\/sv\/wp-json\/wp\/v2\/product_tag?post=215998"}],"curies":[{"name":"wp","href":"https:\/\/api.w.org\/{rel}","templated":true}]}}