{"id":215984,"date":"2025-03-20T17:23:06","date_gmt":"2025-03-20T17:23:06","guid":{"rendered":"https:\/\/aromasentia.com\/product\/handcrafted-soap-loaf-1-2kg-rose\/"},"modified":"2025-12-31T15:37:38","modified_gmt":"2025-12-31T15:37:38","slug":"handgjord-tval-hantverkstval-1-2kg-rose","status":"publish","type":"product","link":"https:\/\/aromasentia.com\/sv\/handgjord-tval-hantverkstval-1-2kg-rose\/","title":{"rendered":"Handgjord Tv\u00e5l Hantverkstv\u00e5l 1.2Kg &#8211; Rose"},"content":{"rendered":"<p><span style=\u201dcolor: rgb(75, 80, 88);\u201d>Nytt sortiment av <strong>&nbsp;Handgjorda tv\u00e5lar &#8211; Rose 1,2Kg<\/strong> \u00e4r &nbsp;tillverkade av ingredienser av h\u00f6gsta kvalitet med hj\u00e4lp av sm\u00e4lt- och h\u00e4llmetoden. &nbsp;<\/span><\/p>\n<p><span style=\u201dcolor: rgb(75, 80, 88);\u201d>Dina kunders h\u00e4nder, kropp och sj\u00e4l kommer att k\u00e4nna sig rengjorda, n\u00e4rda och \u00e5terfuktade.&nbsp;<\/span><\/p>\n<p><span style=\u201dcolor: rgb(75, 80, 88);\u201d>Det mest v\u00e4lbes\u00f6kta st\u00e5ndet p\u00e5 hantverksmarknaden \u00e4r ofta det som s\u00e4ljer handgjorda tv\u00e5lar avskurna fr\u00e5n limpan. Hemligheten ligger i displayen&#8230; var kreativ!&nbsp;<\/span><\/p>\n<p><span style=\u201dcolor: rgb(75, 80, 88);\u201d>En riktigt h\u00e4rlig tv\u00e5l som levereras i 1,2 kg limpa. Du kan f\u00e5 12 stycken p\u00e5 100 g (ungef\u00e4rlig vikt) fr\u00e5n varje limpa.&nbsp;<\/span><\/p>\n<p><span style=\u201dcolor: rgb(75, 80, 88);\u201d>F\u00e4rgen eller designen kan variera n\u00e5got. Vi tillhandah\u00e5ller \u00e4ven plastark, etiketter och tv\u00e5lsk\u00e4rare, se nedan.&nbsp;<\/span><\/p>\n<p><strong><span style=\u201dcolor: rgb(75, 80, 88);\u201d>Handtillverkade tv\u00e5lar * Fantastiska dofter * Vackra f\u00e4rger<\/span><\/strong><\/p>\n","protected":false},"excerpt":{"rendered":"<p>Nytt sortiment av &nbsp;Handgjorda tv\u00e5lar &#8211; Rose 1,2Kg \u00e4r &nbsp;tillverkade av ingredienser av h\u00f6gsta kvalitet med hj\u00e4lp av sm\u00e4lt- och h\u00e4llmetoden. &nbsp; Dina kunders h\u00e4nder, kropp och sj\u00e4l kommer att k\u00e4nna sig rengjorda, n\u00e4rda och \u00e5terfuktade.&nbsp; Det mest v\u00e4lbes\u00f6kta st\u00e5ndet p\u00e5 hantverksmarknaden \u00e4r ofta det som s\u00e4ljer handgjorda tv\u00e5lar avskurna fr\u00e5n limpan. Hemligheten ligger i [&hellip;]<\/p>\n","protected":false},"featured_media":642556,"comment_status":"closed","ping_status":"open","template":"","meta":{"_angie_page":false},"product_brand":[],"product_cat":[12600,26836,25845,12884,26059],"product_tag":[],"class_list":{"0":"post-215984","1":"product","2":"type-product","3":"status-publish","4":"has-post-thumbnail","6":"product_cat-bad-och-dusch","7":"product_cat-blommig","8":"product_cat-dofter-aromer","9":"product_cat-naturliga-tvalar","10":"product_cat-ros","11":"pa_collection-handmade-soap-loaves-1-25kg-slices-sv","12":"pa_made-in-tjeckien","14":"first","15":"outofstock","16":"purchasable","17":"product-type-simple"},"supplier_id":null,"supplier_sku":"HSBS-12L","barcode":null,"atum_controlled":true,"out_stock_date":"2026-04-25 15:15:37","out_stock_threshold":null,"inheritable":false,"inbound_stock":null,"stock_on_hold":0,"sold_today":0,"sales_last_days":0,"reserved_stock":null,"customer_returns":null,"warehouse_damage":null,"lost_in_post":null,"other_logs":null,"out_stock_days":0,"lost_sales":0,"has_location":null,"update_date":"2026-04-27T07:19:36","atum_locations":[],"atum_stock_status":"outofstock","restock_status":false,"low_stock_amount":"","sales_update_date":"2026-01-30T01:25:32","calc_backorders":null,"_links":{"self":[{"href":"https:\/\/aromasentia.com\/sv\/wp-json\/wp\/v2\/product\/215984","targetHints":{"allow":["GET"]}}],"collection":[{"href":"https:\/\/aromasentia.com\/sv\/wp-json\/wp\/v2\/product"}],"about":[{"href":"https:\/\/aromasentia.com\/sv\/wp-json\/wp\/v2\/types\/product"}],"replies":[{"embeddable":true,"href":"https:\/\/aromasentia.com\/sv\/wp-json\/wp\/v2\/comments?post=215984"}],"version-history":[{"count":0,"href":"https:\/\/aromasentia.com\/sv\/wp-json\/wp\/v2\/product\/215984\/revisions"}],"wp:featuredmedia":[{"embeddable":true,"href":"https:\/\/aromasentia.com\/sv\/wp-json\/wp\/v2\/media\/642556"}],"wp:attachment":[{"href":"https:\/\/aromasentia.com\/sv\/wp-json\/wp\/v2\/media?parent=215984"}],"wp:term":[{"taxonomy":"product_brand","embeddable":true,"href":"https:\/\/aromasentia.com\/sv\/wp-json\/wp\/v2\/product_brand?post=215984"},{"taxonomy":"product_cat","embeddable":true,"href":"https:\/\/aromasentia.com\/sv\/wp-json\/wp\/v2\/product_cat?post=215984"},{"taxonomy":"product_tag","embeddable":true,"href":"https:\/\/aromasentia.com\/sv\/wp-json\/wp\/v2\/product_tag?post=215984"}],"curies":[{"name":"wp","href":"https:\/\/api.w.org\/{rel}","templated":true}]}}