{"id":215968,"date":"2025-03-20T17:25:57","date_gmt":"2025-03-20T17:25:57","guid":{"rendered":"https:\/\/aromasentia.com\/product\/hanmade-soap-loaf-1-25kg-smiling-orange\/"},"modified":"2025-12-31T15:37:24","modified_gmt":"2025-12-31T15:37:24","slug":"handgjord-hantverkstval-1-25kg-apelsin","status":"publish","type":"product","link":"https:\/\/aromasentia.com\/sv\/handgjord-hantverkstval-1-25kg-apelsin\/","title":{"rendered":"Handgjord Hantverkstv\u00e5l 1.25kg &#8211; Apelsin"},"content":{"rendered":"<p style=\"text-align: justify;\">Detta sortiment av handgjorda tv\u00e5lar i grossistledet kommer att fr\u00e4scha upp dig och f\u00f6rb\u00e4ttra ditt v\u00e4lbefinnande varje g\u00e5ng du anv\u00e4nder dem.&nbsp;<\/p>\n<p style=\"text-align: justify;\">Ganska ofta \u00e4r det mest trafikerade st\u00e5ndet p\u00e5 hantverksmarknaden det som s\u00e4ljer handgjorda tv\u00e5lar avskurna fr\u00e5n limpan. Hemligheten ligger i presentationer av produkterna; var kreativ!&nbsp;<\/p>\n<p style=\"text-align: justify;\">Varje tv\u00e5lbit \u00e4r unik eftersom den \u00e4r handgjord av lettiska hantverkare. D\u00e4rf\u00f6r kan f\u00e4rgen eller designen variera n\u00e5got.<\/p>\n<p style=\"text-align: justify;\">Efter att ha tagit bort originalf\u00f6rpackningen fr\u00e5n denna produkt m\u00e5ste du enligt kosmetikalagstiftningen tillhandah\u00e5lla denna information till dina kunder. &nbsp;<\/p>\n<p style=\"text-align: justify;\">Vi tillhandah\u00e5ller \u00e4ven plastark, etiketter och tv\u00e5lsk\u00e4rare.<\/p>\n","protected":false},"excerpt":{"rendered":"<p>Detta sortiment av handgjorda tv\u00e5lar i grossistledet kommer att fr\u00e4scha upp dig och f\u00f6rb\u00e4ttra ditt v\u00e4lbefinnande varje g\u00e5ng du anv\u00e4nder dem.&nbsp; Ganska ofta \u00e4r det mest trafikerade st\u00e5ndet p\u00e5 hantverksmarknaden det som s\u00e4ljer handgjorda tv\u00e5lar avskurna fr\u00e5n limpan. Hemligheten ligger i presentationer av produkterna; var kreativ!&nbsp; Varje tv\u00e5lbit \u00e4r unik eftersom den \u00e4r handgjord av [&hellip;]<\/p>\n","protected":false},"featured_media":289919,"comment_status":"closed","ping_status":"open","template":"","meta":{"_angie_page":false},"product_brand":[],"product_cat":[26047,12600,26822,25845,12884],"product_tag":[],"class_list":{"0":"post-215968","1":"product","2":"type-product","3":"status-publish","4":"has-post-thumbnail","6":"product_cat-apelsin","7":"product_cat-bad-och-dusch","8":"product_cat-citrus","9":"product_cat-dofter-aromer","10":"product_cat-naturliga-tvalar","11":"pa_made-in-lettland","13":"first","14":"outofstock","15":"purchasable","16":"product-type-simple"},"supplier_id":null,"supplier_sku":"HSL-02","barcode":null,"atum_controlled":true,"out_stock_date":"2025-09-05 00:10:22","out_stock_threshold":null,"inheritable":false,"inbound_stock":null,"stock_on_hold":0,"sold_today":0,"sales_last_days":0,"reserved_stock":null,"customer_returns":null,"warehouse_damage":null,"lost_in_post":null,"other_logs":null,"out_stock_days":0,"lost_sales":0,"has_location":null,"update_date":"2026-04-27T07:08:12","atum_locations":[],"atum_stock_status":"outofstock","restock_status":false,"low_stock_amount":"","sales_update_date":"2025-09-02T00:09:33","calc_backorders":null,"_links":{"self":[{"href":"https:\/\/aromasentia.com\/sv\/wp-json\/wp\/v2\/product\/215968","targetHints":{"allow":["GET"]}}],"collection":[{"href":"https:\/\/aromasentia.com\/sv\/wp-json\/wp\/v2\/product"}],"about":[{"href":"https:\/\/aromasentia.com\/sv\/wp-json\/wp\/v2\/types\/product"}],"replies":[{"embeddable":true,"href":"https:\/\/aromasentia.com\/sv\/wp-json\/wp\/v2\/comments?post=215968"}],"version-history":[{"count":0,"href":"https:\/\/aromasentia.com\/sv\/wp-json\/wp\/v2\/product\/215968\/revisions"}],"wp:featuredmedia":[{"embeddable":true,"href":"https:\/\/aromasentia.com\/sv\/wp-json\/wp\/v2\/media\/289919"}],"wp:attachment":[{"href":"https:\/\/aromasentia.com\/sv\/wp-json\/wp\/v2\/media?parent=215968"}],"wp:term":[{"taxonomy":"product_brand","embeddable":true,"href":"https:\/\/aromasentia.com\/sv\/wp-json\/wp\/v2\/product_brand?post=215968"},{"taxonomy":"product_cat","embeddable":true,"href":"https:\/\/aromasentia.com\/sv\/wp-json\/wp\/v2\/product_cat?post=215968"},{"taxonomy":"product_tag","embeddable":true,"href":"https:\/\/aromasentia.com\/sv\/wp-json\/wp\/v2\/product_tag?post=215968"}],"curies":[{"name":"wp","href":"https:\/\/api.w.org\/{rel}","templated":true}]}}