{"id":215959,"date":"2025-03-20T17:26:11","date_gmt":"2025-03-20T17:26:11","guid":{"rendered":"https:\/\/aromasentia.com\/product\/happy-scrub-soap-coconut\/"},"modified":"2025-12-31T15:37:24","modified_gmt":"2025-12-31T15:37:24","slug":"glada-exfolierande-tvalar-kokosnot","status":"publish","type":"product","link":"https:\/\/aromasentia.com\/sv\/glada-exfolierande-tvalar-kokosnot\/","title":{"rendered":"Glada Exfolierande Tv\u00e5lar &#8211; Kokosn\u00f6t"},"content":{"rendered":"<p style=\"text-align: justify;\">F\u00e5 din hud att bli len och frisk med dessa <strong>Glada Exfolierande Tv\u00e5lar i grossistledet &#8211; Kokosn\u00f6t<\/strong>. Exfoliering \u00e4r en av de b\u00e4sta behandlingarna f\u00f6r din hud, och vad \u00e4r ett b\u00e4ttre s\u00e4tt att g\u00f6ra det \u00e4n med en lyxig exfolierande tv\u00e5l?&nbsp;<\/p>\n<p style=\"text-align: justify;\">Dessa \u00e4r perfekta f\u00f6r anv\u00e4ndning i duschen och badet. P\u00e5 grund av sina unika fibrer \u00e4r en Loofah \/ Luffa bra f\u00f6r att skrubba kroppen och kommer att l\u00e4mna din kunds hud vackert sl\u00e4t och underbart doftande.&nbsp;<\/p>\n<p style=\"text-align: justify;\">En Loofah \/ Luffa \u00e4r en fibr\u00f6s v\u00e4xtfr\u00f6kapsel. Luffa-v\u00e4xten \u00e4r en medlem av gurkfamiljen, som inkluderar kalebasser, pumpor och gurkor. Den v\u00e4xer som en blommande ett\u00e5rig vinstock.&nbsp;<\/p>\n<p style=\"text-align: justify;\"><strong>M\u00e5tt: diameter &#8211; &nbsp;9 cm, vikt &#8211; 120g<\/strong><\/p>\n","protected":false},"excerpt":{"rendered":"<p>F\u00e5 din hud att bli len och frisk med dessa Glada Exfolierande Tv\u00e5lar i grossistledet &#8211; Kokosn\u00f6t. Exfoliering \u00e4r en av de b\u00e4sta behandlingarna f\u00f6r din hud, och vad \u00e4r ett b\u00e4ttre s\u00e4tt att g\u00f6ra det \u00e4n med en lyxig exfolierande tv\u00e5l?&nbsp; Dessa \u00e4r perfekta f\u00f6r anv\u00e4ndning i duschen och badet. P\u00e5 grund av sina [&hellip;]<\/p>\n","protected":false},"featured_media":290018,"comment_status":"closed","ping_status":"open","template":"","meta":{"_angie_page":false},"product_brand":[],"product_cat":[12600,12884],"product_tag":[],"class_list":{"0":"post-215959","1":"product","2":"type-product","3":"status-publish","4":"has-post-thumbnail","6":"product_cat-bad-och-dusch","7":"product_cat-naturliga-tvalar","8":"pa_collection-happy-scrub-soap-sv","9":"pa_made-in-storbritannien","11":"first","12":"instock","13":"purchasable","14":"product-type-simple"},"supplier_id":null,"supplier_sku":"HSS-08","barcode":null,"atum_controlled":true,"out_stock_date":null,"out_stock_threshold":null,"inheritable":false,"inbound_stock":null,"stock_on_hold":0,"sold_today":0,"sales_last_days":0,"reserved_stock":null,"customer_returns":null,"warehouse_damage":null,"lost_in_post":null,"other_logs":null,"out_stock_days":0,"lost_sales":0,"has_location":null,"update_date":"2026-05-04T00:03:56","atum_locations":[],"atum_stock_status":"instock","restock_status":false,"low_stock_amount":"","sales_update_date":"2026-01-30T01:24:32","calc_backorders":null,"_links":{"self":[{"href":"https:\/\/aromasentia.com\/sv\/wp-json\/wp\/v2\/product\/215959","targetHints":{"allow":["GET"]}}],"collection":[{"href":"https:\/\/aromasentia.com\/sv\/wp-json\/wp\/v2\/product"}],"about":[{"href":"https:\/\/aromasentia.com\/sv\/wp-json\/wp\/v2\/types\/product"}],"replies":[{"embeddable":true,"href":"https:\/\/aromasentia.com\/sv\/wp-json\/wp\/v2\/comments?post=215959"}],"version-history":[{"count":0,"href":"https:\/\/aromasentia.com\/sv\/wp-json\/wp\/v2\/product\/215959\/revisions"}],"wp:featuredmedia":[{"embeddable":true,"href":"https:\/\/aromasentia.com\/sv\/wp-json\/wp\/v2\/media\/290018"}],"wp:attachment":[{"href":"https:\/\/aromasentia.com\/sv\/wp-json\/wp\/v2\/media?parent=215959"}],"wp:term":[{"taxonomy":"product_brand","embeddable":true,"href":"https:\/\/aromasentia.com\/sv\/wp-json\/wp\/v2\/product_brand?post=215959"},{"taxonomy":"product_cat","embeddable":true,"href":"https:\/\/aromasentia.com\/sv\/wp-json\/wp\/v2\/product_cat?post=215959"},{"taxonomy":"product_tag","embeddable":true,"href":"https:\/\/aromasentia.com\/sv\/wp-json\/wp\/v2\/product_tag?post=215959"}],"curies":[{"name":"wp","href":"https:\/\/api.w.org\/{rel}","templated":true}]}}