{"id":215937,"date":"2025-03-20T17:27:02","date_gmt":"2025-03-20T17:27:02","guid":{"rendered":"https:\/\/aromasentia.com\/product\/retro-bath-bomb\/"},"modified":"2025-12-31T15:37:02","modified_gmt":"2025-12-31T15:37:02","slug":"retro-badbomber","status":"publish","type":"product","link":"https:\/\/aromasentia.com\/sv\/retro-badbomber\/","title":{"rendered":"Retro Badbomber"},"content":{"rendered":"<p style=\"text-align: justify;\">Det \u00e4r n\u00e5got gammaldags och tr\u00f6stande med denna kombination av brus och doft som f\u00e5r dig att k\u00e4nna dig uppfriskad och avslappnad. <\/p>\n<p style=\"text-align: justify;\"><strong>Retro Badbomber<\/strong> har stort v\u00e4rde. Varje boll v\u00e4ger \u00f6ver 180 gram och inneh\u00e5ller sheasm\u00f6r f\u00f6r att g\u00f6ra din hud mjukare.&nbsp;<\/p>\n<p style=\"text-align: justify;\">Du kanske ocks\u00e5 gillar <strong>Retro Funky Tv\u00e5l<\/strong>.<\/p>\n<p style=\"text-align: justify;\">Vi har en rad fantastiska dofter att v\u00e4lja mellan, var och en i sin egen distinkta f\u00e4rg. Blanda flera olika badbomber f\u00f6r att g\u00f6ra en i\u00f6gonfallande uppst\u00e4llning i din butik som dina kunder inte kommer att kunna motst\u00e5.<\/p>\n","protected":false},"excerpt":{"rendered":"<p>Det \u00e4r n\u00e5got gammaldags och tr\u00f6stande med denna kombination av brus och doft som f\u00e5r dig att k\u00e4nna dig uppfriskad och avslappnad. Retro Badbomber har stort v\u00e4rde. Varje boll v\u00e4ger \u00f6ver 180 gram och inneh\u00e5ller sheasm\u00f6r f\u00f6r att g\u00f6ra din hud mjukare.&nbsp; Du kanske ocks\u00e5 gillar Retro Funky Tv\u00e5l. Vi har en rad fantastiska dofter [&hellip;]<\/p>\n","protected":false},"featured_media":290332,"comment_status":"closed","ping_status":"open","template":"","meta":{"_angie_page":false},"product_brand":[],"product_cat":[12600,12864],"product_tag":[],"class_list":{"0":"post-215937","1":"product","2":"type-product","3":"status-publish","4":"has-post-thumbnail","6":"product_cat-bad-och-dusch","7":"product_cat-badbomber","8":"pa_made-in-storbritannien","10":"first","11":"outofstock","12":"purchasable","13":"product-type-simple"},"supplier_id":null,"supplier_sku":"JBB-12","barcode":null,"atum_controlled":true,"out_stock_date":"2025-09-05 00:37:53","out_stock_threshold":null,"inheritable":false,"inbound_stock":null,"stock_on_hold":0,"sold_today":0,"sales_last_days":0,"reserved_stock":null,"customer_returns":null,"warehouse_damage":null,"lost_in_post":null,"other_logs":null,"out_stock_days":0,"lost_sales":0,"has_location":null,"update_date":"2026-04-27T07:09:50","atum_locations":[],"atum_stock_status":"outofstock","restock_status":false,"low_stock_amount":"","sales_update_date":"2025-09-05T00:19:42","calc_backorders":null,"_links":{"self":[{"href":"https:\/\/aromasentia.com\/sv\/wp-json\/wp\/v2\/product\/215937","targetHints":{"allow":["GET"]}}],"collection":[{"href":"https:\/\/aromasentia.com\/sv\/wp-json\/wp\/v2\/product"}],"about":[{"href":"https:\/\/aromasentia.com\/sv\/wp-json\/wp\/v2\/types\/product"}],"replies":[{"embeddable":true,"href":"https:\/\/aromasentia.com\/sv\/wp-json\/wp\/v2\/comments?post=215937"}],"version-history":[{"count":0,"href":"https:\/\/aromasentia.com\/sv\/wp-json\/wp\/v2\/product\/215937\/revisions"}],"wp:featuredmedia":[{"embeddable":true,"href":"https:\/\/aromasentia.com\/sv\/wp-json\/wp\/v2\/media\/290332"}],"wp:attachment":[{"href":"https:\/\/aromasentia.com\/sv\/wp-json\/wp\/v2\/media?parent=215937"}],"wp:term":[{"taxonomy":"product_brand","embeddable":true,"href":"https:\/\/aromasentia.com\/sv\/wp-json\/wp\/v2\/product_brand?post=215937"},{"taxonomy":"product_cat","embeddable":true,"href":"https:\/\/aromasentia.com\/sv\/wp-json\/wp\/v2\/product_cat?post=215937"},{"taxonomy":"product_tag","embeddable":true,"href":"https:\/\/aromasentia.com\/sv\/wp-json\/wp\/v2\/product_tag?post=215937"}],"curies":[{"name":"wp","href":"https:\/\/api.w.org\/{rel}","templated":true}]}}