{"id":215932,"date":"2025-03-20T17:27:18","date_gmt":"2025-03-20T17:27:18","guid":{"rendered":"https:\/\/aromasentia.com\/product\/sweet-fennel-jojoba-bath-bomb\/"},"modified":"2025-12-31T15:37:02","modified_gmt":"2025-12-31T15:37:02","slug":"sot-fankal-jojoba-badbomber","status":"publish","type":"product","link":"https:\/\/aromasentia.com\/sv\/sot-fankal-jojoba-badbomber\/","title":{"rendered":"S\u00f6t F\u00e4nk\u00e5l &#038; Jojoba Badbomber"},"content":{"rendered":"<p style=\"text-align: justify;\">\u00c4lskar du ditt sommarlov? Denna badbomb kommer definitivt att ta dig till de kvava och varma soliga dagarna.<\/p>\n<p style=\"text-align: justify;\"><strong>S\u00f6t F\u00e4nk\u00e5l &amp; Jojoba Badbomber<\/strong> har stort v\u00e4rde. Varje boll v\u00e4ger \u00f6ver 180 gram och inneh\u00e5ller sheasm\u00f6r f\u00f6r att g\u00f6ra din hud mjukare.&nbsp;<\/p>\n<p style=\"text-align: justify;\">F\u00f6rpackade i en bricka med avdelare om 16 st per bricka.&nbsp;<\/p>\n<p style=\"text-align: justify;\">Vi har en rad fantastiska dofter att v\u00e4lja mellan, var och en i sin egen distinkta f\u00e4rg. Blanda flera olika badbomber f\u00f6r att g\u00f6ra en i\u00f6gonfallande uppst\u00e4llning i din butik som dina kunder inte kommer att kunna motst\u00e5.<\/p>\n<p style=\"text-align: justify;\">Du kanske ocks\u00e5 gillar <strong>S\u00f6t F\u00e4nk\u00e5l &amp; Jojoba Tv\u00e5l<\/strong>.<\/p>\n","protected":false},"excerpt":{"rendered":"<p>\u00c4lskar du ditt sommarlov? Denna badbomb kommer definitivt att ta dig till de kvava och varma soliga dagarna. S\u00f6t F\u00e4nk\u00e5l &amp; Jojoba Badbomber har stort v\u00e4rde. Varje boll v\u00e4ger \u00f6ver 180 gram och inneh\u00e5ller sheasm\u00f6r f\u00f6r att g\u00f6ra din hud mjukare.&nbsp; F\u00f6rpackade i en bricka med avdelare om 16 st per bricka.&nbsp; Vi har en [&hellip;]<\/p>\n","protected":false},"featured_media":290409,"comment_status":"closed","ping_status":"open","template":"","meta":[],"product_brand":[],"product_cat":[12600,12864,25845,26022,26864],"product_tag":[],"class_list":{"0":"post-215932","1":"product","2":"type-product","3":"status-publish","4":"has-post-thumbnail","6":"product_cat-bad-och-dusch","7":"product_cat-badbomber","8":"product_cat-dofter-aromer","9":"product_cat-fankal","10":"product_cat-ort-aromatisk","11":"pa_made-in-storbritannien","13":"first","14":"outofstock","15":"purchasable","16":"product-type-simple"},"supplier_id":null,"supplier_sku":"JBB-17","barcode":null,"atum_controlled":true,"out_stock_date":"2025-09-05 00:38:05","out_stock_threshold":null,"inheritable":false,"inbound_stock":0,"stock_on_hold":0,"sold_today":0,"sales_last_days":0,"reserved_stock":0,"customer_returns":0,"warehouse_damage":0,"lost_in_post":0,"other_logs":0,"out_stock_days":0,"lost_sales":0,"has_location":false,"update_date":"2026-02-11T09:34:53","atum_locations":[],"atum_stock_status":"outofstock","restock_status":false,"low_stock_amount":"","sales_update_date":"2025-09-05T00:19:43","calc_backorders":null,"_links":{"self":[{"href":"https:\/\/aromasentia.com\/sv\/wp-json\/wp\/v2\/product\/215932","targetHints":{"allow":["GET"]}}],"collection":[{"href":"https:\/\/aromasentia.com\/sv\/wp-json\/wp\/v2\/product"}],"about":[{"href":"https:\/\/aromasentia.com\/sv\/wp-json\/wp\/v2\/types\/product"}],"replies":[{"embeddable":true,"href":"https:\/\/aromasentia.com\/sv\/wp-json\/wp\/v2\/comments?post=215932"}],"version-history":[{"count":0,"href":"https:\/\/aromasentia.com\/sv\/wp-json\/wp\/v2\/product\/215932\/revisions"}],"wp:featuredmedia":[{"embeddable":true,"href":"https:\/\/aromasentia.com\/sv\/wp-json\/wp\/v2\/media\/290409"}],"wp:attachment":[{"href":"https:\/\/aromasentia.com\/sv\/wp-json\/wp\/v2\/media?parent=215932"}],"wp:term":[{"taxonomy":"product_brand","embeddable":true,"href":"https:\/\/aromasentia.com\/sv\/wp-json\/wp\/v2\/product_brand?post=215932"},{"taxonomy":"product_cat","embeddable":true,"href":"https:\/\/aromasentia.com\/sv\/wp-json\/wp\/v2\/product_cat?post=215932"},{"taxonomy":"product_tag","embeddable":true,"href":"https:\/\/aromasentia.com\/sv\/wp-json\/wp\/v2\/product_tag?post=215932"}],"curies":[{"name":"wp","href":"https:\/\/api.w.org\/{rel}","templated":true}]}}