{"id":215927,"date":"2025-03-20T17:27:28","date_gmt":"2025-03-20T17:27:28","guid":{"rendered":"https:\/\/aromasentia.com\/product\/simply-vanilla-bath-bomb\/"},"modified":"2025-12-31T15:36:55","modified_gmt":"2025-12-31T15:36:55","slug":"vanilj-badbomber","status":"publish","type":"product","link":"https:\/\/aromasentia.com\/sv\/vanilj-badbomber\/","title":{"rendered":"Vanilj Badbomber"},"content":{"rendered":"<p style=\"text-align: justify;\">T\u00e4nk p\u00e5 en lugnande doft som v\u00e4cker k\u00e4nslom\u00e4ssiga reaktioner och minnen av hem och lycka.<\/p>\n<p style=\"text-align: justify;\"><strong>Vanilj Badbomber<\/strong> har stort v\u00e4rde. Varje boll v\u00e4ger \u00f6ver 180 gram och inneh\u00e5ller sheasm\u00f6r f\u00f6r att g\u00f6ra din hud mjukare.&nbsp;<\/p>\n<p style=\"text-align: justify;\">Du kanske ocks\u00e5 gillar <strong>Kanel &amp; Apelsin Badbomber<\/strong>.&nbsp;<\/p>\n<p style=\"text-align: justify;\">Vi har en rad fantastiska dofter att v\u00e4lja mellan, var och en i sin egen distinkta f\u00e4rg. Blanda flera olika badbomber f\u00f6r att g\u00f6ra en i\u00f6gonfallande uppst\u00e4llning i din butik som dina kunder inte kommer att kunna motst\u00e5.<\/p>\n","protected":false},"excerpt":{"rendered":"<p>T\u00e4nk p\u00e5 en lugnande doft som v\u00e4cker k\u00e4nslom\u00e4ssiga reaktioner och minnen av hem och lycka. Vanilj Badbomber har stort v\u00e4rde. Varje boll v\u00e4ger \u00f6ver 180 gram och inneh\u00e5ller sheasm\u00f6r f\u00f6r att g\u00f6ra din hud mjukare.&nbsp; Du kanske ocks\u00e5 gillar Kanel &amp; Apelsin Badbomber.&nbsp; Vi har en rad fantastiska dofter att v\u00e4lja mellan, var och en [&hellip;]<\/p>\n","protected":false},"featured_media":290478,"comment_status":"closed","ping_status":"open","template":"","meta":[],"product_brand":[],"product_cat":[12600,12864],"product_tag":[],"class_list":{"0":"post-215927","1":"product","2":"type-product","3":"status-publish","4":"has-post-thumbnail","6":"product_cat-bad-och-dusch","7":"product_cat-badbomber","8":"pa_made-in-storbritannien","10":"first","11":"instock","12":"purchasable","13":"product-type-simple"},"supplier_id":null,"supplier_sku":"JBB-22","barcode":null,"atum_controlled":true,"out_stock_date":null,"out_stock_threshold":null,"inheritable":false,"inbound_stock":0,"stock_on_hold":0,"sold_today":0,"sales_last_days":0,"reserved_stock":0,"customer_returns":0,"warehouse_damage":0,"lost_in_post":0,"other_logs":0,"out_stock_days":0,"lost_sales":0,"has_location":false,"update_date":"2026-02-12T03:52:50","atum_locations":[],"atum_stock_status":"instock","restock_status":false,"low_stock_amount":"","sales_update_date":"2025-09-05T00:19:44","calc_backorders":null,"_links":{"self":[{"href":"https:\/\/aromasentia.com\/sv\/wp-json\/wp\/v2\/product\/215927","targetHints":{"allow":["GET"]}}],"collection":[{"href":"https:\/\/aromasentia.com\/sv\/wp-json\/wp\/v2\/product"}],"about":[{"href":"https:\/\/aromasentia.com\/sv\/wp-json\/wp\/v2\/types\/product"}],"replies":[{"embeddable":true,"href":"https:\/\/aromasentia.com\/sv\/wp-json\/wp\/v2\/comments?post=215927"}],"version-history":[{"count":0,"href":"https:\/\/aromasentia.com\/sv\/wp-json\/wp\/v2\/product\/215927\/revisions"}],"wp:featuredmedia":[{"embeddable":true,"href":"https:\/\/aromasentia.com\/sv\/wp-json\/wp\/v2\/media\/290478"}],"wp:attachment":[{"href":"https:\/\/aromasentia.com\/sv\/wp-json\/wp\/v2\/media?parent=215927"}],"wp:term":[{"taxonomy":"product_brand","embeddable":true,"href":"https:\/\/aromasentia.com\/sv\/wp-json\/wp\/v2\/product_brand?post=215927"},{"taxonomy":"product_cat","embeddable":true,"href":"https:\/\/aromasentia.com\/sv\/wp-json\/wp\/v2\/product_cat?post=215927"},{"taxonomy":"product_tag","embeddable":true,"href":"https:\/\/aromasentia.com\/sv\/wp-json\/wp\/v2\/product_tag?post=215927"}],"curies":[{"name":"wp","href":"https:\/\/api.w.org\/{rel}","templated":true}]}}