{"id":215916,"date":"2025-03-20T17:27:52","date_gmt":"2025-03-20T17:27:52","guid":{"rendered":"https:\/\/aromasentia.com\/product\/banoffee-pie-banana-toffee\/"},"modified":"2025-12-31T15:36:47","modified_gmt":"2025-12-31T15:36:47","slug":"efterrattsinspirerade-badbomber-banankola","status":"publish","type":"product","link":"https:\/\/aromasentia.com\/sv\/efterrattsinspirerade-badbomber-banankola\/","title":{"rendered":"Efterr\u00e4ttsinspirerade Badbomber &#8211; Banankola"},"content":{"rendered":"<p style=\"text-align: justify;\">L\u00e4cker blandning av banan och kola kommer att skapa ett s\u00f6tt badparadis.<\/p>\n<p style=\"text-align: justify;\"><strong>Banankola Badbomben<\/strong> \u00e4r tillverkad av endast h\u00f6gkvalitativa ingredienser och l\u00e4mnar din hud mjuk, \u00e5terfuktad och doftande som en s\u00f6t kaka.&nbsp;<\/p>\n<p style=\"text-align: justify;\">Med dessa l\u00e4ckra badbomber garanterar vi en avkopplande kvalitetsbad som kommer att sk\u00e4mma bort din hud. Dina kunder kan njuta av badbomberna sj\u00e4lva eller ge bort dem i present f\u00f6r alla tillf\u00e4llen. &nbsp;<\/p>\n<p style=\"text-align: justify;\">De \u00e4r packade p\u00e5 brickor med avdelare, med 16 st per bricka. Vikten av en bomb \u00e4r ca 180g. K\u00f6p flera olika sorter f\u00f6r att g\u00f6ra en fin uppvisning i din butik.<\/p>\n<p style=\"text-align: justify;\">Om du letar efter h\u00f6gkvalitativa badbomber som ser ut och doftar fantastiskt s\u00e5 rekommenderar vi dessa starkt.<\/p>\n<p style=\"text-align: justify;\">Du kanske ocks\u00e5 gillar<strong>&nbsp;Banankola&nbsp;<\/strong><strong>Badpulver<\/strong>.<\/p>\n","protected":false},"excerpt":{"rendered":"<p>L\u00e4cker blandning av banan och kola kommer att skapa ett s\u00f6tt badparadis. Banankola Badbomben \u00e4r tillverkad av endast h\u00f6gkvalitativa ingredienser och l\u00e4mnar din hud mjuk, \u00e5terfuktad och doftande som en s\u00f6t kaka.&nbsp; Med dessa l\u00e4ckra badbomber garanterar vi en avkopplande kvalitetsbad som kommer att sk\u00e4mma bort din hud. Dina kunder kan njuta av badbomberna sj\u00e4lva [&hellip;]<\/p>\n","protected":false},"featured_media":282547,"comment_status":"closed","ping_status":"open","template":"","meta":{"_angie_page":false},"product_brand":[],"product_cat":[12600,26572,25845,26850],"product_tag":[],"class_list":{"0":"post-215916","1":"product","2":"type-product","3":"status-publish","4":"has-post-thumbnail","6":"product_cat-bad-och-dusch","7":"product_cat-banan","8":"product_cat-dofter-aromer","9":"product_cat-fruktig","10":"pa_collection-just-desserts-bath-bombs-200g-sv","11":"pa_made-in-storbritannien","13":"first","14":"instock","15":"purchasable","16":"product-type-simple"},"supplier_id":null,"supplier_sku":"JDBB-04","barcode":null,"atum_controlled":true,"out_stock_date":null,"out_stock_threshold":null,"inheritable":false,"inbound_stock":null,"stock_on_hold":0,"sold_today":0,"sales_last_days":0,"reserved_stock":null,"customer_returns":null,"warehouse_damage":null,"lost_in_post":null,"other_logs":null,"out_stock_days":0,"lost_sales":0,"has_location":null,"update_date":"2026-04-27T07:10:05","atum_locations":[],"atum_stock_status":"instock","restock_status":false,"low_stock_amount":"","sales_update_date":"2026-01-30T01:26:31","calc_backorders":null,"_links":{"self":[{"href":"https:\/\/aromasentia.com\/sv\/wp-json\/wp\/v2\/product\/215916","targetHints":{"allow":["GET"]}}],"collection":[{"href":"https:\/\/aromasentia.com\/sv\/wp-json\/wp\/v2\/product"}],"about":[{"href":"https:\/\/aromasentia.com\/sv\/wp-json\/wp\/v2\/types\/product"}],"replies":[{"embeddable":true,"href":"https:\/\/aromasentia.com\/sv\/wp-json\/wp\/v2\/comments?post=215916"}],"version-history":[{"count":0,"href":"https:\/\/aromasentia.com\/sv\/wp-json\/wp\/v2\/product\/215916\/revisions"}],"wp:featuredmedia":[{"embeddable":true,"href":"https:\/\/aromasentia.com\/sv\/wp-json\/wp\/v2\/media\/282547"}],"wp:attachment":[{"href":"https:\/\/aromasentia.com\/sv\/wp-json\/wp\/v2\/media?parent=215916"}],"wp:term":[{"taxonomy":"product_brand","embeddable":true,"href":"https:\/\/aromasentia.com\/sv\/wp-json\/wp\/v2\/product_brand?post=215916"},{"taxonomy":"product_cat","embeddable":true,"href":"https:\/\/aromasentia.com\/sv\/wp-json\/wp\/v2\/product_cat?post=215916"},{"taxonomy":"product_tag","embeddable":true,"href":"https:\/\/aromasentia.com\/sv\/wp-json\/wp\/v2\/product_tag?post=215916"}],"curies":[{"name":"wp","href":"https:\/\/api.w.org\/{rel}","templated":true}]}}