{"id":215914,"date":"2025-03-20T17:28:36","date_gmt":"2025-03-20T17:28:36","guid":{"rendered":"https:\/\/aromasentia.com\/product\/klay-soap-lavender-vanilla\/"},"modified":"2025-12-31T15:36:47","modified_gmt":"2025-12-31T15:36:47","slug":"lertval-lavendel-vanilj","status":"publish","type":"product","link":"https:\/\/aromasentia.com\/sv\/lertval-lavendel-vanilj\/","title":{"rendered":"Lertv\u00e5l &#8211; Lavendel &#038; Vanilj"},"content":{"rendered":"<p style=\"text-align: justify;\">Denna tv\u00e5l \u00e4r berikad med Bentonitlera, k\u00e4nd f\u00f6r sina djupt reng\u00f6rande egenskaper. Den hj\u00e4lper till att avl\u00e4gsna orenheter, toxiner och \u00f6verfl\u00f6dig olja, vilket l\u00e4mnar huden ren, fr\u00e4sch och f\u00f6rnyad. Lavendelfr\u00f6n ger en mild exfoliering, hj\u00e4lper till att ta bort d\u00f6da hudceller och avsl\u00f6jar en mjukare, mer str\u00e5lande hudton.<\/p>\n<p style=\"text-align: justify;\"><strong>Lugnande doft av lavendel och vanilj&nbsp;<\/strong><\/p>\n<p style=\"text-align: justify;\">Njut av den lugnande blandningen av aromatisk lavendel och s\u00f6t vanilj.<\/p>\n<ul>\n<li style=\"text-align: justify;\"><strong>Lavendel:<\/strong> Avslappnande blommiga noter f\u00f6r att lugna dina sinnen.<\/li>\n<li style=\"text-align: justify;\"><strong>Vanilj:&nbsp;<\/strong>Tills\u00e4tter en varm, subtil s\u00f6tma f\u00f6r en tr\u00f6stande k\u00e4nsla.<\/li>\n<\/ul>\n<p style=\"text-align: justify;\">Perfekt f\u00f6r att varva ner efter en l\u00e5ng dag &#8211; denna tv\u00e5l erbjuder en lugn och lyxig upplevelse f\u00f6r b\u00e5de din hud och dina sinnen.<\/p>\n","protected":false},"excerpt":{"rendered":"<p>Denna tv\u00e5l \u00e4r berikad med Bentonitlera, k\u00e4nd f\u00f6r sina djupt reng\u00f6rande egenskaper. Den hj\u00e4lper till att avl\u00e4gsna orenheter, toxiner och \u00f6verfl\u00f6dig olja, vilket l\u00e4mnar huden ren, fr\u00e4sch och f\u00f6rnyad. Lavendelfr\u00f6n ger en mild exfoliering, hj\u00e4lper till att ta bort d\u00f6da hudceller och avsl\u00f6jar en mjukare, mer str\u00e5lande hudton. Lugnande doft av lavendel och vanilj&nbsp; Njut [&hellip;]<\/p>\n","protected":false},"featured_media":291439,"comment_status":"closed","ping_status":"open","template":"","meta":{"_angie_page":false},"product_brand":[],"product_cat":[12600,26836,25845,26032,12884],"product_tag":[],"class_list":{"0":"post-215914","1":"product","2":"type-product","3":"status-publish","4":"has-post-thumbnail","6":"product_cat-bad-och-dusch","7":"product_cat-blommig","8":"product_cat-dofter-aromer","9":"product_cat-lavendel","10":"product_cat-naturliga-tvalar","11":"pa_collection-natural-clay-soaps-sv","12":"pa_made-in-storbritannien","14":"first","15":"instock","16":"purchasable","17":"product-type-simple"},"supplier_id":null,"supplier_sku":"KSoap-01","barcode":null,"atum_controlled":true,"out_stock_date":null,"out_stock_threshold":null,"inheritable":false,"inbound_stock":null,"stock_on_hold":0,"sold_today":0,"sales_last_days":0,"reserved_stock":null,"customer_returns":null,"warehouse_damage":null,"lost_in_post":null,"other_logs":null,"out_stock_days":0,"lost_sales":0,"has_location":null,"update_date":"2026-04-27T07:10:28","atum_locations":[],"atum_stock_status":"instock","restock_status":false,"low_stock_amount":"","sales_update_date":"2025-09-05T00:19:49","calc_backorders":null,"_links":{"self":[{"href":"https:\/\/aromasentia.com\/sv\/wp-json\/wp\/v2\/product\/215914","targetHints":{"allow":["GET"]}}],"collection":[{"href":"https:\/\/aromasentia.com\/sv\/wp-json\/wp\/v2\/product"}],"about":[{"href":"https:\/\/aromasentia.com\/sv\/wp-json\/wp\/v2\/types\/product"}],"replies":[{"embeddable":true,"href":"https:\/\/aromasentia.com\/sv\/wp-json\/wp\/v2\/comments?post=215914"}],"version-history":[{"count":0,"href":"https:\/\/aromasentia.com\/sv\/wp-json\/wp\/v2\/product\/215914\/revisions"}],"wp:featuredmedia":[{"embeddable":true,"href":"https:\/\/aromasentia.com\/sv\/wp-json\/wp\/v2\/media\/291439"}],"wp:attachment":[{"href":"https:\/\/aromasentia.com\/sv\/wp-json\/wp\/v2\/media?parent=215914"}],"wp:term":[{"taxonomy":"product_brand","embeddable":true,"href":"https:\/\/aromasentia.com\/sv\/wp-json\/wp\/v2\/product_brand?post=215914"},{"taxonomy":"product_cat","embeddable":true,"href":"https:\/\/aromasentia.com\/sv\/wp-json\/wp\/v2\/product_cat?post=215914"},{"taxonomy":"product_tag","embeddable":true,"href":"https:\/\/aromasentia.com\/sv\/wp-json\/wp\/v2\/product_tag?post=215914"}],"curies":[{"name":"wp","href":"https:\/\/api.w.org\/{rel}","templated":true}]}}