{"id":215906,"date":"2025-03-20T17:29:29","date_gmt":"2025-03-20T17:29:29","guid":{"rendered":"https:\/\/aromasentia.com\/product\/klay-soap-orange-and-ginger\/"},"modified":"2025-12-31T15:36:40","modified_gmt":"2025-12-31T15:36:40","slug":"lertval-apelsin-ingefara","status":"publish","type":"product","link":"https:\/\/aromasentia.com\/sv\/lertval-apelsin-ingefara\/","title":{"rendered":"Lertv\u00e5l &#8211; Apelsin &#038; Ingef\u00e4ra"},"content":{"rendered":"<p style=\"text-align: justify;\">Denna tv\u00e5l kombinerar de reng\u00f6rande egenskaperna hos gul lera med den milda exfolieringen fr\u00e5n kaffesump. Tillsammans reng\u00f6r de huden p\u00e5 djupet genom att ta bort d\u00f6da hudceller, smuts och \u00f6verfl\u00f6dig olja, vilket l\u00e4mnar huden sl\u00e4t och fr\u00e4sch. Exfolieringsprocessen hj\u00e4lper ocks\u00e5 till att rensa porerna, vilket fr\u00e4mjar en klarare och friskare hud och minskar risken f\u00f6r utbrott.<\/p>\n<p style=\"text-align: justify;\"><strong>Energi-givande doft av apelsin och ingef\u00e4ra<br \/>\n<\/strong><\/p>\n<p style=\"text-align: justify;\">Lys upp din dag med den upplyftande doften av apelsin och ingef\u00e4ra:<\/p>\n<ul>\n<li style=\"text-align: justify;\"><strong>Apelsin:&nbsp;<\/strong>Ett fr\u00e4scht, citrusaktigt s\u00f6tt inslag f\u00f6r en uppfriskande lyft.<\/li>\n<li style=\"text-align: justify;\"><strong>Ingef\u00e4ra:<\/strong> Varm och kryddig, som ger en vitaliserande kick.<\/li>\n<\/ul>\n<p style=\"text-align: justify;\">Denna livfulla doft v\u00e4cker dina sinnen och l\u00e4mnar din hud uppiggad, fr\u00e4sch och energifylld efter varje anv\u00e4ndning.<\/p>\n","protected":false},"excerpt":{"rendered":"<p>Denna tv\u00e5l kombinerar de reng\u00f6rande egenskaperna hos gul lera med den milda exfolieringen fr\u00e5n kaffesump. Tillsammans reng\u00f6r de huden p\u00e5 djupet genom att ta bort d\u00f6da hudceller, smuts och \u00f6verfl\u00f6dig olja, vilket l\u00e4mnar huden sl\u00e4t och fr\u00e4sch. Exfolieringsprocessen hj\u00e4lper ocks\u00e5 till att rensa porerna, vilket fr\u00e4mjar en klarare och friskare hud och minskar risken f\u00f6r [&hellip;]<\/p>\n","protected":false},"featured_media":291513,"comment_status":"closed","ping_status":"open","template":"","meta":{"_angie_page":false},"product_brand":[],"product_cat":[26047,12600,26822,25845,26025,26892,12884],"product_tag":[],"class_list":{"0":"post-215906","1":"product","2":"type-product","3":"status-publish","4":"has-post-thumbnail","6":"product_cat-apelsin","7":"product_cat-bad-och-dusch","8":"product_cat-citrus","9":"product_cat-dofter-aromer","10":"product_cat-ingefara","11":"product_cat-kryddig","12":"product_cat-naturliga-tvalar","13":"pa_collection-natural-clay-soaps-sv","14":"pa_made-in-storbritannien","16":"first","17":"instock","18":"purchasable","19":"product-type-simple"},"supplier_id":null,"supplier_sku":"KSoap-03","barcode":null,"atum_controlled":true,"out_stock_date":null,"out_stock_threshold":null,"inheritable":false,"inbound_stock":null,"stock_on_hold":0,"sold_today":0,"sales_last_days":0,"reserved_stock":null,"customer_returns":null,"warehouse_damage":null,"lost_in_post":null,"other_logs":null,"out_stock_days":0,"lost_sales":0,"has_location":null,"update_date":"2026-04-27T07:10:28","atum_locations":[],"atum_stock_status":"instock","restock_status":false,"low_stock_amount":"","sales_update_date":"2025-09-05T00:19:48","calc_backorders":null,"_links":{"self":[{"href":"https:\/\/aromasentia.com\/sv\/wp-json\/wp\/v2\/product\/215906","targetHints":{"allow":["GET"]}}],"collection":[{"href":"https:\/\/aromasentia.com\/sv\/wp-json\/wp\/v2\/product"}],"about":[{"href":"https:\/\/aromasentia.com\/sv\/wp-json\/wp\/v2\/types\/product"}],"replies":[{"embeddable":true,"href":"https:\/\/aromasentia.com\/sv\/wp-json\/wp\/v2\/comments?post=215906"}],"version-history":[{"count":0,"href":"https:\/\/aromasentia.com\/sv\/wp-json\/wp\/v2\/product\/215906\/revisions"}],"wp:featuredmedia":[{"embeddable":true,"href":"https:\/\/aromasentia.com\/sv\/wp-json\/wp\/v2\/media\/291513"}],"wp:attachment":[{"href":"https:\/\/aromasentia.com\/sv\/wp-json\/wp\/v2\/media?parent=215906"}],"wp:term":[{"taxonomy":"product_brand","embeddable":true,"href":"https:\/\/aromasentia.com\/sv\/wp-json\/wp\/v2\/product_brand?post=215906"},{"taxonomy":"product_cat","embeddable":true,"href":"https:\/\/aromasentia.com\/sv\/wp-json\/wp\/v2\/product_cat?post=215906"},{"taxonomy":"product_tag","embeddable":true,"href":"https:\/\/aromasentia.com\/sv\/wp-json\/wp\/v2\/product_tag?post=215906"}],"curies":[{"name":"wp","href":"https:\/\/api.w.org\/{rel}","templated":true}]}}