{"id":215894,"date":"2025-03-20T17:31:12","date_gmt":"2025-03-20T17:31:12","guid":{"rendered":"https:\/\/aromasentia.com\/product\/set-of-3-soap-flower-heart-box-lavender-roses\/"},"modified":"2025-12-31T15:36:32","modified_gmt":"2025-12-31T15:36:32","slug":"ask-med-3-tvalblommor-lavendel-rosor","status":"publish","type":"product","link":"https:\/\/aromasentia.com\/sv\/ask-med-3-tvalblommor-lavendel-rosor\/","title":{"rendered":"Ask med 3 Tv\u00e5lblommor &#8211; Lavendel Rosor"},"content":{"rendered":"<p style=\"text-align: justify;\">Ta en titt p\u00e5 v\u00e5rt fantastiska utbud av <strong>Lyxiga Tv\u00e5lblommor i grossistledet<\/strong>. De \u00e4r ett perfekt komplement till ett avkopplande romantiskt bad, men du kan ocks\u00e5 anv\u00e4nda dem enskilda kronbladen som g\u00e4sttv\u00e5lar.&nbsp;<\/p>\n<p style=\"text-align: justify;\">Dessa vackert f\u00f6rpackade tv\u00e5lblommor \u00e4r en perfekt present, julklapp eller bara ett litet n\u00f6je till dig sj\u00e4lv.&nbsp;<\/p>\n<p style=\"text-align: justify;\">L\u00e4gg bara till en eller tv\u00e5 rosor i ditt varma bad, slappna av och se de vackra blommorna l\u00f6sas upp framf\u00f6r dig. Du kommer s\u00e4kert att njuta av det f\u00e4rgglada vattnet och den fantastiska doften. Tv\u00e5len l\u00e4mnar din hud mjuk, silkeslen och f\u00e5r den att dofta fantastiskt.&nbsp;<\/p>\n<p style=\"text-align: justify;\"><strong><span style=\"color: rgb(84, 172, 210);\">Varf\u00f6r inte best\u00e4lla redan idag? Dessa tv\u00e5lblommor \u00e4r en fantastisk present som sprider mycket gl\u00e4dje!<\/span><\/strong><\/p>\n<p>7 x 8 x 4.5 cm<\/p>\n","protected":false},"excerpt":{"rendered":"<p>Ta en titt p\u00e5 v\u00e5rt fantastiska utbud av Lyxiga Tv\u00e5lblommor i grossistledet. De \u00e4r ett perfekt komplement till ett avkopplande romantiskt bad, men du kan ocks\u00e5 anv\u00e4nda dem enskilda kronbladen som g\u00e4sttv\u00e5lar.&nbsp; Dessa vackert f\u00f6rpackade tv\u00e5lblommor \u00e4r en perfekt present, julklapp eller bara ett litet n\u00f6je till dig sj\u00e4lv.&nbsp; L\u00e4gg bara till en eller tv\u00e5 [&hellip;]<\/p>\n","protected":false},"featured_media":292195,"comment_status":"closed","ping_status":"open","template":"","meta":{"_angie_page":false},"product_brand":[],"product_cat":[12600,26836,25845,26032,12884,26059],"product_tag":[],"class_list":{"0":"post-215894","1":"product","2":"type-product","3":"status-publish","4":"has-post-thumbnail","6":"product_cat-bad-och-dusch","7":"product_cat-blommig","8":"product_cat-dofter-aromer","9":"product_cat-lavendel","10":"product_cat-naturliga-tvalar","11":"product_cat-ros","12":"pa_collection-luxury-soap-flowers-sv","13":"pa_made-in-kina","15":"first","16":"instock","17":"purchasable","18":"product-type-simple"},"supplier_id":null,"supplier_sku":"LSF-17","barcode":null,"atum_controlled":true,"out_stock_date":null,"out_stock_threshold":null,"inheritable":false,"inbound_stock":null,"stock_on_hold":0,"sold_today":0,"sales_last_days":0,"reserved_stock":null,"customer_returns":null,"warehouse_damage":null,"lost_in_post":null,"other_logs":null,"out_stock_days":0,"lost_sales":0,"has_location":null,"update_date":"2026-05-08T05:12:00","atum_locations":[],"atum_stock_status":"instock","restock_status":false,"low_stock_amount":"","sales_update_date":"2025-09-05T00:19:57","calc_backorders":null,"_links":{"self":[{"href":"https:\/\/aromasentia.com\/sv\/wp-json\/wp\/v2\/product\/215894","targetHints":{"allow":["GET"]}}],"collection":[{"href":"https:\/\/aromasentia.com\/sv\/wp-json\/wp\/v2\/product"}],"about":[{"href":"https:\/\/aromasentia.com\/sv\/wp-json\/wp\/v2\/types\/product"}],"replies":[{"embeddable":true,"href":"https:\/\/aromasentia.com\/sv\/wp-json\/wp\/v2\/comments?post=215894"}],"version-history":[{"count":0,"href":"https:\/\/aromasentia.com\/sv\/wp-json\/wp\/v2\/product\/215894\/revisions"}],"wp:featuredmedia":[{"embeddable":true,"href":"https:\/\/aromasentia.com\/sv\/wp-json\/wp\/v2\/media\/292195"}],"wp:attachment":[{"href":"https:\/\/aromasentia.com\/sv\/wp-json\/wp\/v2\/media?parent=215894"}],"wp:term":[{"taxonomy":"product_brand","embeddable":true,"href":"https:\/\/aromasentia.com\/sv\/wp-json\/wp\/v2\/product_brand?post=215894"},{"taxonomy":"product_cat","embeddable":true,"href":"https:\/\/aromasentia.com\/sv\/wp-json\/wp\/v2\/product_cat?post=215894"},{"taxonomy":"product_tag","embeddable":true,"href":"https:\/\/aromasentia.com\/sv\/wp-json\/wp\/v2\/product_tag?post=215894"}],"curies":[{"name":"wp","href":"https:\/\/api.w.org\/{rel}","templated":true}]}}