{"id":215885,"date":"2025-03-20T17:32:02","date_gmt":"2025-03-20T17:32:02","guid":{"rendered":"https:\/\/aromasentia.com\/product\/loofah-soap-loaf-1-8kg-grapefruit\/"},"modified":"2025-12-31T15:36:25","modified_gmt":"2025-12-31T15:36:25","slug":"loofah-luffa-hantverkstval-1-8kg-grapefrukt","status":"publish","type":"product","link":"https:\/\/aromasentia.com\/sv\/loofah-luffa-hantverkstval-1-8kg-grapefrukt\/","title":{"rendered":"Loofah \/ Luffa Hantverkstv\u00e5l 1.8kg &#8211; Grapefrukt"},"content":{"rendered":"<p style=\"text-align: justify;\">Exfoliering \u00e4r en av de b\u00e4sta behandlingana f\u00f6r din hud, och vad \u00e4r b\u00e4ttre att anv\u00e4nda \u00e4n luffasvamp? &nbsp;<\/p>\n<p style=\"text-align: justify;\">Svamparna kommer fr\u00e5n luffa-v\u00e4xten, som \u00e4r en medlem av gurkfamiljen. N\u00e4r v\u00e4xten mognar, tas skalet och fr\u00f6na bort fr\u00e5n luffafibern. Luffafibern tv\u00e4ttas sedan f\u00f6r att ta bort eventuella \u00f6verblivna fr\u00f6n och skal. N\u00e4r fibern \u00e4r helt ren torkas den ut helt.&nbsp;<\/p>\n<p style=\"text-align: justify;\">Alla naturliga luffassvampar ger ett utm\u00e4rkt verktyg f\u00f6r exfoliering, passande ihop med olika sk\u00f6nhetsprodukter, s\u00e5som denna serie av handgjorda luffatv\u00e5lar i grossistledet.<\/p>\n<p style=\"text-align: justify;\"><strong><span style=\"color: rgb(84, 172, 210);\">Best\u00e4ll idag och erbjud dina kunder en upplevelse av extra intensiv exfoliering!<\/span><\/strong><\/p>\n","protected":false},"excerpt":{"rendered":"<p>Exfoliering \u00e4r en av de b\u00e4sta behandlingana f\u00f6r din hud, och vad \u00e4r b\u00e4ttre att anv\u00e4nda \u00e4n luffasvamp? &nbsp; Svamparna kommer fr\u00e5n luffa-v\u00e4xten, som \u00e4r en medlem av gurkfamiljen. N\u00e4r v\u00e4xten mognar, tas skalet och fr\u00f6na bort fr\u00e5n luffafibern. Luffafibern tv\u00e4ttas sedan f\u00f6r att ta bort eventuella \u00f6verblivna fr\u00f6n och skal. N\u00e4r fibern \u00e4r helt [&hellip;]<\/p>\n","protected":false},"featured_media":292494,"comment_status":"closed","ping_status":"open","template":"","meta":{"_angie_page":false},"product_brand":[],"product_cat":[12600,26822,25845,26026,12884],"product_tag":[],"class_list":{"0":"post-215885","1":"product","2":"type-product","3":"status-publish","4":"has-post-thumbnail","6":"product_cat-bad-och-dusch","7":"product_cat-citrus","8":"product_cat-dofter-aromer","9":"product_cat-grapefrukt","10":"product_cat-naturliga-tvalar","11":"pa_made-in-lettland","13":"first","14":"outofstock","15":"purchasable","16":"product-type-simple"},"supplier_id":null,"supplier_sku":"LSL-01","barcode":null,"atum_controlled":true,"out_stock_date":"2026-04-25 15:15:52","out_stock_threshold":null,"inheritable":false,"inbound_stock":null,"stock_on_hold":0,"sold_today":0,"sales_last_days":0,"reserved_stock":null,"customer_returns":null,"warehouse_damage":null,"lost_in_post":null,"other_logs":null,"out_stock_days":0,"lost_sales":0,"has_location":null,"update_date":"2026-04-27T07:11:23","atum_locations":[],"atum_stock_status":"outofstock","restock_status":false,"low_stock_amount":"","sales_update_date":"2025-09-05T00:20:00","calc_backorders":null,"_links":{"self":[{"href":"https:\/\/aromasentia.com\/sv\/wp-json\/wp\/v2\/product\/215885","targetHints":{"allow":["GET"]}}],"collection":[{"href":"https:\/\/aromasentia.com\/sv\/wp-json\/wp\/v2\/product"}],"about":[{"href":"https:\/\/aromasentia.com\/sv\/wp-json\/wp\/v2\/types\/product"}],"replies":[{"embeddable":true,"href":"https:\/\/aromasentia.com\/sv\/wp-json\/wp\/v2\/comments?post=215885"}],"version-history":[{"count":0,"href":"https:\/\/aromasentia.com\/sv\/wp-json\/wp\/v2\/product\/215885\/revisions"}],"wp:featuredmedia":[{"embeddable":true,"href":"https:\/\/aromasentia.com\/sv\/wp-json\/wp\/v2\/media\/292494"}],"wp:attachment":[{"href":"https:\/\/aromasentia.com\/sv\/wp-json\/wp\/v2\/media?parent=215885"}],"wp:term":[{"taxonomy":"product_brand","embeddable":true,"href":"https:\/\/aromasentia.com\/sv\/wp-json\/wp\/v2\/product_brand?post=215885"},{"taxonomy":"product_cat","embeddable":true,"href":"https:\/\/aromasentia.com\/sv\/wp-json\/wp\/v2\/product_cat?post=215885"},{"taxonomy":"product_tag","embeddable":true,"href":"https:\/\/aromasentia.com\/sv\/wp-json\/wp\/v2\/product_tag?post=215885"}],"curies":[{"name":"wp","href":"https:\/\/api.w.org\/{rel}","templated":true}]}}