{"id":215844,"date":"2025-03-20T17:33:49","date_gmt":"2025-03-20T17:33:49","guid":{"rendered":"https:\/\/aromasentia.com\/product\/floral-fizz-guava\/"},"modified":"2025-12-31T15:35:55","modified_gmt":"2025-12-31T15:35:55","slug":"brusande-badtabletter-guava","status":"publish","type":"product","link":"https:\/\/aromasentia.com\/sv\/brusande-badtabletter-guava\/","title":{"rendered":"Brusande Badtabletter &#8211; Guava"},"content":{"rendered":"<p style=\"text-align: justify;\">G\u00f6r badtiden lite mer speciell med v\u00e5ra<strong>&nbsp;brusande badtabletter med doft av guava<\/strong>.&nbsp;<\/p>\n<p style=\"text-align: justify;\">Denna ca &nbsp;200g badtablett \u00e4r tillverkad av de b\u00e4sta ingredienserna och \u00e4r verkligen lysande. Dess fantastiska doft av ananas och granat\u00e4pple g\u00f6r garanterat badet till en h\u00e4rlig upplevelse. Den \u00e4r perfekt att ge bort som present eller att unna sig sj\u00e4lv efter en l\u00e5ng och utmattande dag.&nbsp;<\/p>\n<p style=\"text-align: justify;\">Badprodukter s\u00e4ljs alltid bra, och s\u00e4rskilt denna fantastiska design och doft \u00e4r sv\u00e5r att motst\u00e5.<\/p>\n<p style=\"text-align: justify;\"><strong><span style=\"color: rgb(84, 172, 210);\">Best\u00e4ll n\u00e5gra idag och se dem f\u00f6rsvinna fr\u00e5n dina hyllor!<\/span><\/strong><\/p>\n","protected":false},"excerpt":{"rendered":"<p>G\u00f6r badtiden lite mer speciell med v\u00e5ra&nbsp;brusande badtabletter med doft av guava.&nbsp; Denna ca &nbsp;200g badtablett \u00e4r tillverkad av de b\u00e4sta ingredienserna och \u00e4r verkligen lysande. Dess fantastiska doft av ananas och granat\u00e4pple g\u00f6r garanterat badet till en h\u00e4rlig upplevelse. Den \u00e4r perfekt att ge bort som present eller att unna sig sj\u00e4lv efter en [&hellip;]<\/p>\n","protected":false},"featured_media":293190,"comment_status":"closed","ping_status":"open","template":"","meta":{"_angie_page":false},"product_brand":[],"product_cat":[12600,12864,25845,26850,26573],"product_tag":[],"class_list":{"0":"post-215844","1":"product","2":"type-product","3":"status-publish","4":"has-post-thumbnail","6":"product_cat-bad-och-dusch","7":"product_cat-badbomber","8":"product_cat-dofter-aromer","9":"product_cat-fruktig","10":"product_cat-guava","11":"pa_collection-magnificent-floral-fizzes-sv","12":"pa_made-in-storbritannien","14":"first","15":"outofstock","16":"purchasable","17":"product-type-simple"},"supplier_id":null,"supplier_sku":"MFF-10","barcode":null,"atum_controlled":true,"out_stock_date":"2026-04-25 15:16:30","out_stock_threshold":null,"inheritable":false,"inbound_stock":0,"stock_on_hold":0,"sold_today":0,"sales_last_days":0,"reserved_stock":0,"customer_returns":0,"warehouse_damage":0,"lost_in_post":0,"other_logs":0,"out_stock_days":0,"lost_sales":0,"has_location":false,"update_date":"2026-04-27T07:12:26","atum_locations":[],"atum_stock_status":"outofstock","restock_status":false,"low_stock_amount":"","sales_update_date":"2026-01-30T01:25:30","calc_backorders":null,"_links":{"self":[{"href":"https:\/\/aromasentia.com\/sv\/wp-json\/wp\/v2\/product\/215844","targetHints":{"allow":["GET"]}}],"collection":[{"href":"https:\/\/aromasentia.com\/sv\/wp-json\/wp\/v2\/product"}],"about":[{"href":"https:\/\/aromasentia.com\/sv\/wp-json\/wp\/v2\/types\/product"}],"replies":[{"embeddable":true,"href":"https:\/\/aromasentia.com\/sv\/wp-json\/wp\/v2\/comments?post=215844"}],"version-history":[{"count":0,"href":"https:\/\/aromasentia.com\/sv\/wp-json\/wp\/v2\/product\/215844\/revisions"}],"wp:featuredmedia":[{"embeddable":true,"href":"https:\/\/aromasentia.com\/sv\/wp-json\/wp\/v2\/media\/293190"}],"wp:attachment":[{"href":"https:\/\/aromasentia.com\/sv\/wp-json\/wp\/v2\/media?parent=215844"}],"wp:term":[{"taxonomy":"product_brand","embeddable":true,"href":"https:\/\/aromasentia.com\/sv\/wp-json\/wp\/v2\/product_brand?post=215844"},{"taxonomy":"product_cat","embeddable":true,"href":"https:\/\/aromasentia.com\/sv\/wp-json\/wp\/v2\/product_cat?post=215844"},{"taxonomy":"product_tag","embeddable":true,"href":"https:\/\/aromasentia.com\/sv\/wp-json\/wp\/v2\/product_tag?post=215844"}],"curies":[{"name":"wp","href":"https:\/\/api.w.org\/{rel}","templated":true}]}}