{"id":215838,"date":"2025-03-20T17:34:08","date_gmt":"2025-03-20T17:34:08","guid":{"rendered":"https:\/\/aromasentia.com\/product\/classic-mahogany-soap-dish-rectangle\/"},"modified":"2025-12-31T15:35:48","modified_gmt":"2025-12-31T15:35:48","slug":"klassisk-tvalfat-av-naseberrytra-rektangel","status":"publish","type":"product","link":"https:\/\/aromasentia.com\/sv\/klassisk-tvalfat-av-naseberrytra-rektangel\/","title":{"rendered":"Klassisk Tv\u00e5lfat av Naseberrytr\u00e4 &#8211; Rektangel"},"content":{"rendered":"<p style=\"text-align: justify;\">Vacker samtida design.<\/p>\n<p style=\"text-align: justify;\">Detta <strong>Klassiska Tv\u00e5lfat av Naseberrytr\u00e4 &#8211; Rektangel i Grossistledet<\/strong> \u00e4r mycket v\u00e4lgjort med dr\u00e4neringsh\u00e5l som g\u00f6r att din tv\u00e5l torkar snabbre och h\u00e5ller l\u00e4ngre. Det \u00e4r individuellt streckkodat och inslaget i ett fint brunt papper.&nbsp;<\/p>\n<p style=\"text-align: justify;\">Dessa tv\u00e5lfat \u00e4r gjorda av naseberry-tr\u00e4, som \u00e4r k\u00e4nt f\u00f6r sin styrka och motst\u00e5ndskraft. I vissa delar av v\u00e4rlden \u00e4r detta tr\u00e4 ocks\u00e5 k\u00e4nt som zapota.&nbsp;<\/p>\n<p style=\"text-align: justify;\">L\u00e4gg till en touch av modern elegans till ditt badrum med v\u00e5r klassiska tv\u00e5lfat i en elegant rektangelform. Detta h\u00f6gkvalitativa fat av naseberry-tr\u00e4 erbjuder en perfekt blandning av stil och funktionalitet. Transformera din tv\u00e5lf\u00f6rvaring och njut av ren lyx.&nbsp;<\/p>\n<p style=\"text-align: justify;\"><strong>OBS: Reng\u00f6r ditt tv\u00e5lfat fr\u00e5n tv\u00e5lrester genom att snabbt skrubba det under rinnande varmt vatten och l\u00e5t lufttorka. Placera aldrig ditt tv\u00e5lfat i diskmaskinen och s\u00e4nk aldirg det i diskhon.<\/strong><\/p>\n","protected":false},"excerpt":{"rendered":"<p>Vacker samtida design. Detta Klassiska Tv\u00e5lfat av Naseberrytr\u00e4 &#8211; Rektangel i Grossistledet \u00e4r mycket v\u00e4lgjort med dr\u00e4neringsh\u00e5l som g\u00f6r att din tv\u00e5l torkar snabbre och h\u00e5ller l\u00e4ngre. Det \u00e4r individuellt streckkodat och inslaget i ett fint brunt papper.&nbsp; Dessa tv\u00e5lfat \u00e4r gjorda av naseberry-tr\u00e4, som \u00e4r k\u00e4nt f\u00f6r sin styrka och motst\u00e5ndskraft. I vissa delar [&hellip;]<\/p>\n","protected":false},"featured_media":293289,"comment_status":"closed","ping_status":"open","template":"","meta":{"_angie_page":false},"product_brand":[],"product_cat":[12600,12884],"product_tag":[],"class_list":{"0":"post-215838","1":"product","2":"type-product","3":"status-publish","4":"has-post-thumbnail","6":"product_cat-bad-och-dusch","7":"product_cat-naturliga-tvalar","8":"pa_collection-classic-mahogany-soap-dishes-sv","9":"pa_made-in-indonesien","11":"first","12":"instock","13":"purchasable","14":"product-type-simple"},"supplier_id":null,"supplier_sku":"MSD-02","barcode":null,"atum_controlled":true,"out_stock_date":null,"out_stock_threshold":null,"inheritable":false,"inbound_stock":0,"stock_on_hold":0,"sold_today":0,"sales_last_days":0,"reserved_stock":0,"customer_returns":0,"warehouse_damage":0,"lost_in_post":0,"other_logs":0,"out_stock_days":0,"lost_sales":0,"has_location":false,"update_date":"2026-04-27T07:14:16","atum_locations":[],"atum_stock_status":"instock","restock_status":false,"low_stock_amount":"","sales_update_date":"2026-02-06T00:02:52","calc_backorders":null,"_links":{"self":[{"href":"https:\/\/aromasentia.com\/sv\/wp-json\/wp\/v2\/product\/215838","targetHints":{"allow":["GET"]}}],"collection":[{"href":"https:\/\/aromasentia.com\/sv\/wp-json\/wp\/v2\/product"}],"about":[{"href":"https:\/\/aromasentia.com\/sv\/wp-json\/wp\/v2\/types\/product"}],"replies":[{"embeddable":true,"href":"https:\/\/aromasentia.com\/sv\/wp-json\/wp\/v2\/comments?post=215838"}],"version-history":[{"count":0,"href":"https:\/\/aromasentia.com\/sv\/wp-json\/wp\/v2\/product\/215838\/revisions"}],"wp:featuredmedia":[{"embeddable":true,"href":"https:\/\/aromasentia.com\/sv\/wp-json\/wp\/v2\/media\/293289"}],"wp:attachment":[{"href":"https:\/\/aromasentia.com\/sv\/wp-json\/wp\/v2\/media?parent=215838"}],"wp:term":[{"taxonomy":"product_brand","embeddable":true,"href":"https:\/\/aromasentia.com\/sv\/wp-json\/wp\/v2\/product_brand?post=215838"},{"taxonomy":"product_cat","embeddable":true,"href":"https:\/\/aromasentia.com\/sv\/wp-json\/wp\/v2\/product_cat?post=215838"},{"taxonomy":"product_tag","embeddable":true,"href":"https:\/\/aromasentia.com\/sv\/wp-json\/wp\/v2\/product_tag?post=215838"}],"curies":[{"name":"wp","href":"https:\/\/api.w.org\/{rel}","templated":true}]}}