{"id":215831,"date":"2025-03-20T17:34:46","date_gmt":"2025-03-20T17:34:46","guid":{"rendered":"https:\/\/aromasentia.com\/product\/pebble-shape-mahogany-soap-dish\/"},"modified":"2025-12-31T15:35:48","modified_gmt":"2025-12-31T15:35:48","slug":"tvalfat-av-naseberrytra-stenform","status":"publish","type":"product","link":"https:\/\/aromasentia.com\/sv\/tvalfat-av-naseberrytra-stenform\/","title":{"rendered":"Tv\u00e5lfat av Naseberrytr\u00e4 &#8211; Stenform"},"content":{"rendered":"<p style=\"text-align: justify;\">Vacker samtida design.&nbsp;<\/p>\n<p style=\"text-align: justify;\">Detta <strong>Tv\u00e5lfat av Naseberrytr\u00e4 &#8211; Stenform i Grossistledet<\/strong> \u00e4r mycket v\u00e4lgjort med dr\u00e4neringsh\u00e5l som g\u00f6r att tv\u00e5len torkar snabbare och h\u00e5ller l\u00e4ngre. Det \u00e4r individuellt streckkodat och inslaget i ett fint brunt papper.&nbsp;<\/p>\n<p style=\"text-align: justify;\">Dessa tv\u00e5lfat \u00e4r tillverkade av naseberry-tr\u00e4, som \u00e4r k\u00e4nt f\u00f6r sin styrka och motst\u00e5ndskraft. I vissa delar av v\u00e4rlden \u00e4r detta tr\u00e4 ocks\u00e5 k\u00e4nt som zapota.&nbsp;<\/p>\n<p style=\"text-align: justify;\">Ta med naturens sk\u00f6nhet till ditt badrum med v\u00e5r stenformade tv\u00e5lfat av naseberry-tr\u00e4. Inspirerad av naturliga former, h\u00e4rmar detta tv\u00e5lfat de sl\u00e4ta kurvorna hos en flodsten. Den \u00e4r tillverkad med omsorg och ger en touch av lugn till ditt badrum.&nbsp;<\/p>\n<p style=\"text-align: justify;\"><strong>OBS: Reng\u00f6r ditt tv\u00e5lfat fr\u00e5n tv\u00e5lrester genom att snabbt skrubba det under rinnande varmt vatten och l\u00e5t det lufttorka. Placera aldrig dit tv\u00e5lfat i diskmaskinen och s\u00e4nk det aldrig i diskhon.<\/strong><\/p>\n","protected":false},"excerpt":{"rendered":"<p>Vacker samtida design.&nbsp; Detta Tv\u00e5lfat av Naseberrytr\u00e4 &#8211; Stenform i Grossistledet \u00e4r mycket v\u00e4lgjort med dr\u00e4neringsh\u00e5l som g\u00f6r att tv\u00e5len torkar snabbare och h\u00e5ller l\u00e4ngre. Det \u00e4r individuellt streckkodat och inslaget i ett fint brunt papper.&nbsp; Dessa tv\u00e5lfat \u00e4r tillverkade av naseberry-tr\u00e4, som \u00e4r k\u00e4nt f\u00f6r sin styrka och motst\u00e5ndskraft. I vissa delar av v\u00e4rlden [&hellip;]<\/p>\n","protected":false},"featured_media":293412,"comment_status":"closed","ping_status":"open","template":"","meta":[],"product_brand":[],"product_cat":[12600,12884],"product_tag":[],"class_list":{"0":"post-215831","1":"product","2":"type-product","3":"status-publish","4":"has-post-thumbnail","6":"product_cat-bad-och-dusch","7":"product_cat-naturliga-tvalar","8":"pa_collection-classic-mahogany-soap-dishes-sv","9":"pa_made-in-indonesien","11":"first","12":"instock","13":"purchasable","14":"product-type-simple"},"supplier_id":null,"supplier_sku":"MSD-05","barcode":null,"atum_controlled":true,"out_stock_date":null,"out_stock_threshold":null,"inheritable":false,"inbound_stock":null,"stock_on_hold":0,"sold_today":0,"sales_last_days":0,"reserved_stock":null,"customer_returns":null,"warehouse_damage":null,"lost_in_post":null,"other_logs":null,"out_stock_days":0,"lost_sales":0,"has_location":null,"update_date":"2026-02-10T22:37:19","atum_locations":[],"atum_stock_status":"instock","restock_status":false,"low_stock_amount":"","sales_update_date":"2026-02-06T00:01:28","calc_backorders":null,"_links":{"self":[{"href":"https:\/\/aromasentia.com\/sv\/wp-json\/wp\/v2\/product\/215831","targetHints":{"allow":["GET"]}}],"collection":[{"href":"https:\/\/aromasentia.com\/sv\/wp-json\/wp\/v2\/product"}],"about":[{"href":"https:\/\/aromasentia.com\/sv\/wp-json\/wp\/v2\/types\/product"}],"replies":[{"embeddable":true,"href":"https:\/\/aromasentia.com\/sv\/wp-json\/wp\/v2\/comments?post=215831"}],"version-history":[{"count":0,"href":"https:\/\/aromasentia.com\/sv\/wp-json\/wp\/v2\/product\/215831\/revisions"}],"wp:featuredmedia":[{"embeddable":true,"href":"https:\/\/aromasentia.com\/sv\/wp-json\/wp\/v2\/media\/293412"}],"wp:attachment":[{"href":"https:\/\/aromasentia.com\/sv\/wp-json\/wp\/v2\/media?parent=215831"}],"wp:term":[{"taxonomy":"product_brand","embeddable":true,"href":"https:\/\/aromasentia.com\/sv\/wp-json\/wp\/v2\/product_brand?post=215831"},{"taxonomy":"product_cat","embeddable":true,"href":"https:\/\/aromasentia.com\/sv\/wp-json\/wp\/v2\/product_cat?post=215831"},{"taxonomy":"product_tag","embeddable":true,"href":"https:\/\/aromasentia.com\/sv\/wp-json\/wp\/v2\/product_tag?post=215831"}],"curies":[{"name":"wp","href":"https:\/\/api.w.org\/{rel}","templated":true}]}}