{"id":215826,"date":"2025-03-20T17:35:21","date_gmt":"2025-03-20T17:35:21","guid":{"rendered":"https:\/\/aromasentia.com\/product\/massage-soaps-lavender-lilac\/"},"modified":"2025-12-31T15:35:40","modified_gmt":"2025-12-31T15:35:40","slug":"massagetvalar-lavendel-syren","status":"publish","type":"product","link":"https:\/\/aromasentia.com\/sv\/massagetvalar-lavendel-syren\/","title":{"rendered":"Massagetv\u00e5lar &#8211; Lavendel &#038; Syren"},"content":{"rendered":"<p style=\"text-align: justify;\"><strong>Ancient Wisdom Massagetv\u00e5lar<\/strong> hj\u00e4lper till att f\u00e5 bort t\u00e4ppande oljor och gifter fr\u00e5n huden samt stimulerar cirkulationen. Med tiden kan tv\u00e5larna ocks\u00e5 hj\u00e4lpa till att minska och bek\u00e4mpa celluliter samt att g\u00f6ra huden stramare\/fastare.&nbsp;<\/p>\n<p style=\"text-align: justify;\"><strong>S\u00e5h\u00e4r f\u00f6rvarar du:&nbsp;<\/strong><\/p>\n<p style=\"text-align: justify;\">Svalt och torrt tills du \u00e4r redo att unna dig en spabehandling hemma, eller tills din hud \u00e4r i behov av \u00e5terfuktning.&nbsp;<\/p>\n<p style=\"text-align: justify;\"><strong>Instruktioner:<\/strong><\/p>\n<p style=\"text-align: justify;\">L\u00f6ddra med vatten och massera in p\u00e5 kroppen, sk\u00f6lj med rent vatten.&nbsp;<\/p>\n<p style=\"text-align: justify;\"><strong>Tv\u00e5lstorlek:<\/strong> 5 x 5 x 5 cm<\/p>\n","protected":false},"excerpt":{"rendered":"<p>Ancient Wisdom Massagetv\u00e5lar hj\u00e4lper till att f\u00e5 bort t\u00e4ppande oljor och gifter fr\u00e5n huden samt stimulerar cirkulationen. Med tiden kan tv\u00e5larna ocks\u00e5 hj\u00e4lpa till att minska och bek\u00e4mpa celluliter samt att g\u00f6ra huden stramare\/fastare.&nbsp; S\u00e5h\u00e4r f\u00f6rvarar du:&nbsp; Svalt och torrt tills du \u00e4r redo att unna dig en spabehandling hemma, eller tills din hud \u00e4r [&hellip;]<\/p>\n","protected":false},"featured_media":293561,"comment_status":"closed","ping_status":"open","template":"","meta":[],"product_brand":[],"product_cat":[12600,26836,25845,26032,12884],"product_tag":[],"class_list":{"0":"post-215826","1":"product","2":"type-product","3":"status-publish","4":"has-post-thumbnail","6":"product_cat-bad-och-dusch","7":"product_cat-blommig","8":"product_cat-dofter-aromer","9":"product_cat-lavendel","10":"product_cat-naturliga-tvalar","11":"pa_made-in-storbritannien","13":"first","14":"instock","15":"purchasable","16":"product-type-simple"},"supplier_id":null,"supplier_sku":"MSP-05","barcode":null,"atum_controlled":true,"out_stock_date":null,"out_stock_threshold":null,"inheritable":false,"inbound_stock":null,"stock_on_hold":0,"sold_today":0,"sales_last_days":0,"reserved_stock":null,"customer_returns":null,"warehouse_damage":null,"lost_in_post":null,"other_logs":null,"out_stock_days":0,"lost_sales":0,"has_location":null,"update_date":"2026-01-30T01:24:28","atum_locations":[],"atum_stock_status":"instock","restock_status":false,"low_stock_amount":"","sales_update_date":"2026-01-30T01:24:28","calc_backorders":null,"_links":{"self":[{"href":"https:\/\/aromasentia.com\/sv\/wp-json\/wp\/v2\/product\/215826","targetHints":{"allow":["GET"]}}],"collection":[{"href":"https:\/\/aromasentia.com\/sv\/wp-json\/wp\/v2\/product"}],"about":[{"href":"https:\/\/aromasentia.com\/sv\/wp-json\/wp\/v2\/types\/product"}],"replies":[{"embeddable":true,"href":"https:\/\/aromasentia.com\/sv\/wp-json\/wp\/v2\/comments?post=215826"}],"version-history":[{"count":0,"href":"https:\/\/aromasentia.com\/sv\/wp-json\/wp\/v2\/product\/215826\/revisions"}],"wp:featuredmedia":[{"embeddable":true,"href":"https:\/\/aromasentia.com\/sv\/wp-json\/wp\/v2\/media\/293561"}],"wp:attachment":[{"href":"https:\/\/aromasentia.com\/sv\/wp-json\/wp\/v2\/media?parent=215826"}],"wp:term":[{"taxonomy":"product_brand","embeddable":true,"href":"https:\/\/aromasentia.com\/sv\/wp-json\/wp\/v2\/product_brand?post=215826"},{"taxonomy":"product_cat","embeddable":true,"href":"https:\/\/aromasentia.com\/sv\/wp-json\/wp\/v2\/product_cat?post=215826"},{"taxonomy":"product_tag","embeddable":true,"href":"https:\/\/aromasentia.com\/sv\/wp-json\/wp\/v2\/product_tag?post=215826"}],"curies":[{"name":"wp","href":"https:\/\/api.w.org\/{rel}","templated":true}]}}