{"id":215822,"date":"2025-03-20T17:35:54","date_gmt":"2025-03-20T17:35:54","guid":{"rendered":"https:\/\/aromasentia.com\/product\/boxed-single-massage-soaps-lavender-lilac\/"},"modified":"2025-12-31T15:35:40","modified_gmt":"2025-12-31T15:35:40","slug":"individuellt-forpackade-massagetvalar-lavendel-syren","status":"publish","type":"product","link":"https:\/\/aromasentia.com\/sv\/individuellt-forpackade-massagetvalar-lavendel-syren\/","title":{"rendered":"Individuellt F\u00f6rpackade Massagetv\u00e5lar &#8211; Lavendel &#038; Syren"},"content":{"rendered":"<p style=\"text-align: justify;\">\u00c4r du redo att st\u00e4lla ut Ancient Wisdom <strong>Massagetv\u00e5lar&nbsp;<\/strong>p\u00e5 hyllan i din butik? Dina kunder kommer att \u00e4lska dem. Med sina f\u00e4rgglada band och fantastiska dofter kommer dessa individuellt f\u00f6rpackade massagetv\u00e5lar s\u00e4kert att locka dina kunders uppm\u00e4rksamhet.&nbsp;<\/p>\n<p style=\"text-align: justify;\">Massagetv\u00e5lar hj\u00e4lper till att reng\u00f6ra hudens porer genom att ta bort gifter som blockerar dem. Deras unika form stimulerar cirkulationen, vilket med tiden hj\u00e4lper till att minska celluliter och stramar upp huden.&nbsp;<\/p>\n<p style=\"text-align: justify;\">Varje tv\u00e5l v\u00e4ger ca 170g. Tillverkad med 100% rena eteriska oljor.&nbsp;<\/p>\n<p style=\"text-align: justify;\"><strong>M\u00e5tt:&nbsp;<\/strong>5 x 5 x 5 cm&nbsp;<\/p>\n<p style=\"text-align: justify;\"><strong>Instruktioner:<\/strong> L\u00f6ddra med vatten och massera in p\u00e5 kroppen, sk\u00f6lj med rent vatten.&nbsp;<\/p>\n<p style=\"text-align: justify;\"><strong>S\u00e5 f\u00f6rvarar du:<\/strong> H\u00e5ll massagetv\u00e5larna torrt tills du \u00e4r redo att njuta av en spabehandling hemma, eller din hud \u00e4r i behov av \u00e5terfuktning.&nbsp;<\/p>\n<p style=\"text-align: justify;\"><strong><span style=\"color: rgb(84, 172, 210);\">Unna dina kunder dessa f\u00e4rgglada och i\u00f6gonfallande massagetv\u00e5lar!<\/span><\/strong><\/p>\n","protected":false},"excerpt":{"rendered":"<p>\u00c4r du redo att st\u00e4lla ut Ancient Wisdom Massagetv\u00e5lar&nbsp;p\u00e5 hyllan i din butik? Dina kunder kommer att \u00e4lska dem. Med sina f\u00e4rgglada band och fantastiska dofter kommer dessa individuellt f\u00f6rpackade massagetv\u00e5lar s\u00e4kert att locka dina kunders uppm\u00e4rksamhet.&nbsp; Massagetv\u00e5lar hj\u00e4lper till att reng\u00f6ra hudens porer genom att ta bort gifter som blockerar dem. Deras unika form [&hellip;]<\/p>\n","protected":false},"featured_media":293727,"comment_status":"closed","ping_status":"open","template":"","meta":[],"product_brand":[],"product_cat":[12600,26836,25845,26032,12884],"product_tag":[],"class_list":{"0":"post-215822","1":"product","2":"type-product","3":"status-publish","4":"has-post-thumbnail","6":"product_cat-bad-och-dusch","7":"product_cat-blommig","8":"product_cat-dofter-aromer","9":"product_cat-lavendel","10":"product_cat-naturliga-tvalar","11":"pa_collection-boxed-single-massage-soaps-sv","12":"pa_made-in-storbritannien","14":"first","15":"instock","16":"purchasable","17":"product-type-simple"},"supplier_id":null,"supplier_sku":"MSPS-05","barcode":null,"atum_controlled":true,"out_stock_date":null,"out_stock_threshold":null,"inheritable":false,"inbound_stock":null,"stock_on_hold":0,"sold_today":0,"sales_last_days":0,"reserved_stock":null,"customer_returns":null,"warehouse_damage":null,"lost_in_post":null,"other_logs":null,"out_stock_days":0,"lost_sales":0,"has_location":null,"update_date":"2026-02-10T03:20:59","atum_locations":[],"atum_stock_status":"instock","restock_status":false,"low_stock_amount":"","sales_update_date":"2025-09-05T00:20:12","calc_backorders":null,"_links":{"self":[{"href":"https:\/\/aromasentia.com\/sv\/wp-json\/wp\/v2\/product\/215822","targetHints":{"allow":["GET"]}}],"collection":[{"href":"https:\/\/aromasentia.com\/sv\/wp-json\/wp\/v2\/product"}],"about":[{"href":"https:\/\/aromasentia.com\/sv\/wp-json\/wp\/v2\/types\/product"}],"replies":[{"embeddable":true,"href":"https:\/\/aromasentia.com\/sv\/wp-json\/wp\/v2\/comments?post=215822"}],"version-history":[{"count":0,"href":"https:\/\/aromasentia.com\/sv\/wp-json\/wp\/v2\/product\/215822\/revisions"}],"wp:featuredmedia":[{"embeddable":true,"href":"https:\/\/aromasentia.com\/sv\/wp-json\/wp\/v2\/media\/293727"}],"wp:attachment":[{"href":"https:\/\/aromasentia.com\/sv\/wp-json\/wp\/v2\/media?parent=215822"}],"wp:term":[{"taxonomy":"product_brand","embeddable":true,"href":"https:\/\/aromasentia.com\/sv\/wp-json\/wp\/v2\/product_brand?post=215822"},{"taxonomy":"product_cat","embeddable":true,"href":"https:\/\/aromasentia.com\/sv\/wp-json\/wp\/v2\/product_cat?post=215822"},{"taxonomy":"product_tag","embeddable":true,"href":"https:\/\/aromasentia.com\/sv\/wp-json\/wp\/v2\/product_tag?post=215822"}],"curies":[{"name":"wp","href":"https:\/\/api.w.org\/{rel}","templated":true}]}}