{"id":215807,"date":"2025-03-20T17:36:52","date_gmt":"2025-03-20T17:36:52","guid":{"rendered":"https:\/\/aromasentia.com\/product\/natural-loofah-body-scrubs-back-scrub\/"},"modified":"2025-12-31T15:35:25","modified_gmt":"2025-12-31T15:35:25","slug":"naturliga-exfolierande-svampar-av-loofah-luffa-ryggskrubb","status":"publish","type":"product","link":"https:\/\/aromasentia.com\/sv\/naturliga-exfolierande-svampar-av-loofah-luffa-ryggskrubb\/","title":{"rendered":"Naturliga Exfolierande Svampar av Loofah \/ Luffa &#8211; Ryggskrubb"},"content":{"rendered":"<p style=\"text-align: justify;\"><strong>Naturliga Exfolierande Svampar<\/strong> \u00e4r helt biologiskt nedbrytbara och d\u00e4rf\u00f6r milj\u00f6v\u00e4nliga. Tillverkade av Loofah \/ Luffa och bomull med AW Earth h\u00e4nglappar.&nbsp;<\/p>\n<p style=\"text-align: justify;\">Dina kunders hud beh\u00f6ver exfolieras och med detta sortiment kan de f\u00e5 den d\u00e4r rena lyxiga k\u00e4nslan och h\u00e5lla huden mjuk. Dina kunder kommer garanterat att hoppa p\u00e5 chansen att f\u00e5 dessa.&nbsp;<\/p>\n<p style=\"text-align: justify;\"><strong>Storlek: <\/strong><\/p>\n<p style=\"text-align: justify;\"><strong>L\u00e4ngd: 95cm<\/strong><\/p>\n<p style=\"text-align: justify;\"><strong>H\u00f6jd: 10cm<\/strong><\/p>\n","protected":false},"excerpt":{"rendered":"<p>Naturliga Exfolierande Svampar \u00e4r helt biologiskt nedbrytbara och d\u00e4rf\u00f6r milj\u00f6v\u00e4nliga. Tillverkade av Loofah \/ Luffa och bomull med AW Earth h\u00e4nglappar.&nbsp; Dina kunders hud beh\u00f6ver exfolieras och med detta sortiment kan de f\u00e5 den d\u00e4r rena lyxiga k\u00e4nslan och h\u00e5lla huden mjuk. Dina kunder kommer garanterat att hoppa p\u00e5 chansen att f\u00e5 dessa.&nbsp; Storlek: L\u00e4ngd: [&hellip;]<\/p>\n","protected":false},"featured_media":294062,"comment_status":"closed","ping_status":"open","template":"","meta":[],"product_brand":[],"product_cat":[12600],"product_tag":[],"class_list":{"0":"post-215807","1":"product","2":"type-product","3":"status-publish","4":"has-post-thumbnail","6":"product_cat-bad-och-dusch","7":"pa_collection-natural-loofah-body-scrubs-sv","8":"pa_made-in-kina","10":"first","11":"instock","12":"purchasable","13":"product-type-simple"},"supplier_id":null,"supplier_sku":"NLBS-07","barcode":null,"atum_controlled":true,"out_stock_date":null,"out_stock_threshold":null,"inheritable":false,"inbound_stock":0,"stock_on_hold":0,"sold_today":0,"sales_last_days":0,"reserved_stock":0,"customer_returns":0,"warehouse_damage":0,"lost_in_post":0,"other_logs":0,"out_stock_days":0,"lost_sales":0,"has_location":false,"update_date":"2026-02-10T03:21:21","atum_locations":[],"atum_stock_status":"instock","restock_status":false,"low_stock_amount":"","sales_update_date":"2026-01-30T01:24:43","calc_backorders":null,"_links":{"self":[{"href":"https:\/\/aromasentia.com\/sv\/wp-json\/wp\/v2\/product\/215807","targetHints":{"allow":["GET"]}}],"collection":[{"href":"https:\/\/aromasentia.com\/sv\/wp-json\/wp\/v2\/product"}],"about":[{"href":"https:\/\/aromasentia.com\/sv\/wp-json\/wp\/v2\/types\/product"}],"replies":[{"embeddable":true,"href":"https:\/\/aromasentia.com\/sv\/wp-json\/wp\/v2\/comments?post=215807"}],"version-history":[{"count":0,"href":"https:\/\/aromasentia.com\/sv\/wp-json\/wp\/v2\/product\/215807\/revisions"}],"wp:featuredmedia":[{"embeddable":true,"href":"https:\/\/aromasentia.com\/sv\/wp-json\/wp\/v2\/media\/294062"}],"wp:attachment":[{"href":"https:\/\/aromasentia.com\/sv\/wp-json\/wp\/v2\/media?parent=215807"}],"wp:term":[{"taxonomy":"product_brand","embeddable":true,"href":"https:\/\/aromasentia.com\/sv\/wp-json\/wp\/v2\/product_brand?post=215807"},{"taxonomy":"product_cat","embeddable":true,"href":"https:\/\/aromasentia.com\/sv\/wp-json\/wp\/v2\/product_cat?post=215807"},{"taxonomy":"product_tag","embeddable":true,"href":"https:\/\/aromasentia.com\/sv\/wp-json\/wp\/v2\/product_tag?post=215807"}],"curies":[{"name":"wp","href":"https:\/\/api.w.org\/{rel}","templated":true}]}}