{"id":215806,"date":"2025-03-20T17:36:52","date_gmt":"2025-03-20T17:36:52","guid":{"rendered":"https:\/\/aromasentia.com\/product\/natural-loofah-body-scrubs-hand-wrap\/"},"modified":"2025-12-31T15:35:25","modified_gmt":"2025-12-31T15:35:25","slug":"naturliga-exfolierande-svampar-av-loofah-luffa-handoverdrag","status":"publish","type":"product","link":"https:\/\/aromasentia.com\/sv\/naturliga-exfolierande-svampar-av-loofah-luffa-handoverdrag\/","title":{"rendered":"Naturliga Exfolierande Svampar av Loofah \/ Luffa &#8211; Hand\u00f6verdrag"},"content":{"rendered":"<p style=\"text-align: justify;\"><strong>Naturliga Exfolierande Svampar<\/strong> \u00e4r fullst\u00e4ndigt nedbrytbara och d\u00e4rmed milj\u00f6v\u00e4nliga. Tillverkade av naturliga material som Loofah \/ Luffa och bomull med h\u00e4nglappar fr\u00e5n AW Earth.&nbsp;<\/p>\n<p style=\"text-align: justify;\">Dina kunders hud beh\u00f6ver exfoliering, och med detta utbud kan de uppn\u00e5 den d\u00e4r fr\u00e4scha och lyxiga k\u00e4nslan samtidigt som de h\u00e5ller huden mjuk. Dina kunder kommer definitivt att uppskatta m\u00f6jligheten att f\u00e5 tag i dessa.&nbsp;<\/p>\n<p style=\"text-align: justify;\"><strong>M\u00e5tt:&nbsp;<\/strong><\/p>\n<p style=\"text-align: justify;\"><strong>L\u00e4ngd: 20cm&nbsp;<\/strong><\/p>\n<p style=\"text-align: justify;\"><strong>H\u00f6jd: 15cm<\/strong><\/p>\n","protected":false},"excerpt":{"rendered":"<p>Naturliga Exfolierande Svampar \u00e4r fullst\u00e4ndigt nedbrytbara och d\u00e4rmed milj\u00f6v\u00e4nliga. Tillverkade av naturliga material som Loofah \/ Luffa och bomull med h\u00e4nglappar fr\u00e5n AW Earth.&nbsp; Dina kunders hud beh\u00f6ver exfoliering, och med detta utbud kan de uppn\u00e5 den d\u00e4r fr\u00e4scha och lyxiga k\u00e4nslan samtidigt som de h\u00e5ller huden mjuk. Dina kunder kommer definitivt att uppskatta m\u00f6jligheten [&hellip;]<\/p>\n","protected":false},"featured_media":294045,"comment_status":"closed","ping_status":"open","template":"","meta":[],"product_brand":[],"product_cat":[12600],"product_tag":[],"class_list":{"0":"post-215806","1":"product","2":"type-product","3":"status-publish","4":"has-post-thumbnail","6":"product_cat-bad-och-dusch","7":"pa_collection-natural-loofah-body-scrubs-sv","8":"pa_made-in-kina","10":"first","11":"instock","12":"purchasable","13":"product-type-simple"},"supplier_id":null,"supplier_sku":"NLBS-06","barcode":null,"atum_controlled":true,"out_stock_date":null,"out_stock_threshold":null,"inheritable":false,"inbound_stock":null,"stock_on_hold":0,"sold_today":0,"sales_last_days":0,"reserved_stock":null,"customer_returns":null,"warehouse_damage":null,"lost_in_post":null,"other_logs":null,"out_stock_days":0,"lost_sales":0,"has_location":null,"update_date":"2026-01-30T01:25:37","atum_locations":[],"atum_stock_status":"instock","restock_status":false,"low_stock_amount":"","sales_update_date":"2026-01-30T01:25:37","calc_backorders":null,"_links":{"self":[{"href":"https:\/\/aromasentia.com\/sv\/wp-json\/wp\/v2\/product\/215806","targetHints":{"allow":["GET"]}}],"collection":[{"href":"https:\/\/aromasentia.com\/sv\/wp-json\/wp\/v2\/product"}],"about":[{"href":"https:\/\/aromasentia.com\/sv\/wp-json\/wp\/v2\/types\/product"}],"replies":[{"embeddable":true,"href":"https:\/\/aromasentia.com\/sv\/wp-json\/wp\/v2\/comments?post=215806"}],"version-history":[{"count":0,"href":"https:\/\/aromasentia.com\/sv\/wp-json\/wp\/v2\/product\/215806\/revisions"}],"wp:featuredmedia":[{"embeddable":true,"href":"https:\/\/aromasentia.com\/sv\/wp-json\/wp\/v2\/media\/294045"}],"wp:attachment":[{"href":"https:\/\/aromasentia.com\/sv\/wp-json\/wp\/v2\/media?parent=215806"}],"wp:term":[{"taxonomy":"product_brand","embeddable":true,"href":"https:\/\/aromasentia.com\/sv\/wp-json\/wp\/v2\/product_brand?post=215806"},{"taxonomy":"product_cat","embeddable":true,"href":"https:\/\/aromasentia.com\/sv\/wp-json\/wp\/v2\/product_cat?post=215806"},{"taxonomy":"product_tag","embeddable":true,"href":"https:\/\/aromasentia.com\/sv\/wp-json\/wp\/v2\/product_tag?post=215806"}],"curies":[{"name":"wp","href":"https:\/\/api.w.org\/{rel}","templated":true}]}}