{"id":215793,"date":"2025-03-20T17:37:28","date_gmt":"2025-03-20T17:37:28","guid":{"rendered":"https:\/\/aromasentia.com\/product\/natural-coconut-soap-dispencer-150ml\/"},"modified":"2025-12-31T15:35:18","modified_gmt":"2025-12-31T15:35:18","slug":"naturlig-tvalpump-av-kokosnot","status":"publish","type":"product","link":"https:\/\/aromasentia.com\/sv\/naturlig-tvalpump-av-kokosnot\/","title":{"rendered":"Naturlig Tv\u00e5lpump av Kokosn\u00f6t"},"content":{"rendered":"<p style=\"text-align: justify;\">Ta med den naturliga k\u00e4nslan till din kunds hem med dessa vackra <strong>Naturliga Tv\u00e5lpumpar av Kokosn\u00f6t<\/strong>.&nbsp;<\/p>\n<p style=\"text-align: justify;\">De \u00e4r gjorda av kokosn\u00f6tskal som kommer att h\u00e5lla l\u00e4nge, \u00e4ven n\u00e4r de uts\u00e4tts f\u00f6r fuktiga f\u00f6rh\u00e5llanden, s\u00e5som badrum. Denna tv\u00e5lpump har en kraftig pump. Den \u00e4r gjorda av ett kokosn\u00f6tskal och ett naturligt fl\u00e4tat rep. Pumpen och flaskan inuti som h\u00e5ller tv\u00e5len \u00e4r gjorda av plast.&nbsp;<\/p>\n<p style=\"text-align: justify;\">Denna tv\u00e5lpump av kokosn\u00f6t \u00e4r gjord i hj\u00e4rtat av Java-byar och \u00e4r en h\u00e4rlig present till alla som \u00e4lskar naturliga och handgjorda produkter.&nbsp;<\/p>\n<p style=\"text-align: justify;\">Eftersom dessa produkter \u00e4r handgjorda kommer var och en att ha olika m\u00f6nster eller f\u00e4rg.&nbsp;<\/p>\n<p style=\"text-align: justify;\"><strong><span style=\"color: rgb(84, 172, 210);\">Best\u00e4ll nu och f\u00f6rse dina kunder med en b\u00e4ttre klass av tv\u00e5lpumpar!<\/span><\/strong><\/p>\n","protected":false},"excerpt":{"rendered":"<p>Ta med den naturliga k\u00e4nslan till din kunds hem med dessa vackra Naturliga Tv\u00e5lpumpar av Kokosn\u00f6t.&nbsp; De \u00e4r gjorda av kokosn\u00f6tskal som kommer att h\u00e5lla l\u00e4nge, \u00e4ven n\u00e4r de uts\u00e4tts f\u00f6r fuktiga f\u00f6rh\u00e5llanden, s\u00e5som badrum. Denna tv\u00e5lpump har en kraftig pump. Den \u00e4r gjorda av ett kokosn\u00f6tskal och ett naturligt fl\u00e4tat rep. Pumpen och flaskan [&hellip;]<\/p>\n","protected":false},"featured_media":294334,"comment_status":"closed","ping_status":"open","template":"","meta":{"_angie_page":false},"product_brand":[],"product_cat":[12600,12871],"product_tag":[],"class_list":{"0":"post-215793","1":"product","2":"type-product","3":"status-publish","4":"has-post-thumbnail","6":"product_cat-bad-och-dusch","7":"product_cat-tvalfat-och-tvaldispenser","8":"pa_collection-natural-teakwood-soap-dispensers-sv","9":"pa_made-in-indonesien","10":"pa_size-150ml","12":"first","13":"instock","14":"purchasable","15":"product-type-simple"},"supplier_id":null,"supplier_sku":"NSD-01","barcode":null,"atum_controlled":true,"out_stock_date":null,"out_stock_threshold":null,"inheritable":false,"inbound_stock":null,"stock_on_hold":0,"sold_today":0,"sales_last_days":0,"reserved_stock":null,"customer_returns":null,"warehouse_damage":null,"lost_in_post":null,"other_logs":null,"out_stock_days":0,"lost_sales":0,"has_location":null,"update_date":"2026-05-11T01:56:48","atum_locations":[],"atum_stock_status":"instock","restock_status":false,"low_stock_amount":"","sales_update_date":"2026-01-30T01:25:37","calc_backorders":null,"_links":{"self":[{"href":"https:\/\/aromasentia.com\/sv\/wp-json\/wp\/v2\/product\/215793","targetHints":{"allow":["GET"]}}],"collection":[{"href":"https:\/\/aromasentia.com\/sv\/wp-json\/wp\/v2\/product"}],"about":[{"href":"https:\/\/aromasentia.com\/sv\/wp-json\/wp\/v2\/types\/product"}],"replies":[{"embeddable":true,"href":"https:\/\/aromasentia.com\/sv\/wp-json\/wp\/v2\/comments?post=215793"}],"version-history":[{"count":0,"href":"https:\/\/aromasentia.com\/sv\/wp-json\/wp\/v2\/product\/215793\/revisions"}],"wp:featuredmedia":[{"embeddable":true,"href":"https:\/\/aromasentia.com\/sv\/wp-json\/wp\/v2\/media\/294334"}],"wp:attachment":[{"href":"https:\/\/aromasentia.com\/sv\/wp-json\/wp\/v2\/media?parent=215793"}],"wp:term":[{"taxonomy":"product_brand","embeddable":true,"href":"https:\/\/aromasentia.com\/sv\/wp-json\/wp\/v2\/product_brand?post=215793"},{"taxonomy":"product_cat","embeddable":true,"href":"https:\/\/aromasentia.com\/sv\/wp-json\/wp\/v2\/product_cat?post=215793"},{"taxonomy":"product_tag","embeddable":true,"href":"https:\/\/aromasentia.com\/sv\/wp-json\/wp\/v2\/product_tag?post=215793"}],"curies":[{"name":"wp","href":"https:\/\/api.w.org\/{rel}","templated":true}]}}