{"id":215779,"date":"2025-03-20T17:38:40","date_gmt":"2025-03-20T17:38:40","guid":{"rendered":"https:\/\/aromasentia.com\/product\/organic-hair-serum-30ml-lavender\/"},"modified":"2025-12-31T15:35:11","modified_gmt":"2025-12-31T15:35:11","slug":"ekologiskt-harserum-30ml-lavendel","status":"publish","type":"product","link":"https:\/\/aromasentia.com\/sv\/ekologiskt-harserum-30ml-lavendel\/","title":{"rendered":"Ekologiskt H\u00e5rserum 30ml &#8211; Lavendel"},"content":{"rendered":"<p style=\"text-align: justify;\">Uppt\u00e4ck v\u00e5r senaste produktlinje &#8211; <strong>Ekologiska H\u00e5rserum<\/strong>, som s\u00e4ljs i 30ml b\u00e4rnstensf\u00e4rgade flaskor. Dessa \u00e4r en gyllene biljett f\u00f6r sk\u00f6nhetsbutiker, salonger och h\u00e4lsocenter som syftar till att f\u00e4ngsla sina kunder med riktigt transformativa produkter.&nbsp;<\/p>\n<p style=\"text-align: justify;\">Upplev de lugnande f\u00f6rdelarna hos Lavendel Ekologisk H\u00e5rserum. Eterisk lavendelolja \u00e4r k\u00e4nd f\u00f6r sina avstressande egenskaper och erbjuder en lugnande flykt f\u00f6r b\u00e5de sinnet och h\u00e5rbotten. Denna fridfulla blandning, berikad med de djupa fuktgivande och st\u00e4rkande effekterna av argan- och ricinoljor, v\u00e5rdar ditt h\u00e5r, minskar h\u00e5ravfall och f\u00f6rb\u00e4ttrar mjukhet och glans f\u00f6r en lugn sk\u00f6nhetsritual.&nbsp;<\/p>\n<p style=\"text-align: justify;\"><strong>L\u00e4mpligt f\u00f6r alla h\u00e5rtyper: Perfekt f\u00f6r fint, lockigt, rakt eller krulligt h\u00e5r.<\/strong><\/p>\n","protected":false},"excerpt":{"rendered":"<p>Uppt\u00e4ck v\u00e5r senaste produktlinje &#8211; Ekologiska H\u00e5rserum, som s\u00e4ljs i 30ml b\u00e4rnstensf\u00e4rgade flaskor. Dessa \u00e4r en gyllene biljett f\u00f6r sk\u00f6nhetsbutiker, salonger och h\u00e4lsocenter som syftar till att f\u00e4ngsla sina kunder med riktigt transformativa produkter.&nbsp; Upplev de lugnande f\u00f6rdelarna hos Lavendel Ekologisk H\u00e5rserum. Eterisk lavendelolja \u00e4r k\u00e4nd f\u00f6r sina avstressande egenskaper och erbjuder en lugnande flykt [&hellip;]<\/p>\n","protected":false},"featured_media":294822,"comment_status":"closed","ping_status":"open","template":"","meta":{"_angie_page":false},"product_brand":[27069],"product_cat":[12600,26836,25845,12875,26032],"product_tag":[],"class_list":{"0":"post-215779","1":"product","2":"type-product","3":"status-publish","4":"has-post-thumbnail","6":"product_brand-aw-cosmetics","7":"product_cat-bad-och-dusch","8":"product_cat-blommig","9":"product_cat-dofter-aromer","10":"product_cat-harvard","11":"product_cat-lavendel","12":"pa_collection-organic-hair-serums-30ml-6-unique-formulas-sv","13":"pa_made-in-storbritannien","14":"pa_size-30ml","16":"first","17":"instock","18":"purchasable","19":"product-type-simple"},"supplier_id":null,"supplier_sku":"OHS-06","barcode":null,"atum_controlled":true,"out_stock_date":null,"out_stock_threshold":null,"inheritable":false,"inbound_stock":0,"stock_on_hold":0,"sold_today":0,"sales_last_days":0,"reserved_stock":0,"customer_returns":0,"warehouse_damage":0,"lost_in_post":0,"other_logs":0,"out_stock_days":0,"lost_sales":0,"has_location":false,"update_date":"2026-05-11T01:56:48","atum_locations":[],"atum_stock_status":"instock","restock_status":false,"low_stock_amount":"","sales_update_date":"2025-09-05T00:20:22","calc_backorders":null,"_links":{"self":[{"href":"https:\/\/aromasentia.com\/sv\/wp-json\/wp\/v2\/product\/215779","targetHints":{"allow":["GET"]}}],"collection":[{"href":"https:\/\/aromasentia.com\/sv\/wp-json\/wp\/v2\/product"}],"about":[{"href":"https:\/\/aromasentia.com\/sv\/wp-json\/wp\/v2\/types\/product"}],"replies":[{"embeddable":true,"href":"https:\/\/aromasentia.com\/sv\/wp-json\/wp\/v2\/comments?post=215779"}],"version-history":[{"count":0,"href":"https:\/\/aromasentia.com\/sv\/wp-json\/wp\/v2\/product\/215779\/revisions"}],"wp:featuredmedia":[{"embeddable":true,"href":"https:\/\/aromasentia.com\/sv\/wp-json\/wp\/v2\/media\/294822"}],"wp:attachment":[{"href":"https:\/\/aromasentia.com\/sv\/wp-json\/wp\/v2\/media?parent=215779"}],"wp:term":[{"taxonomy":"product_brand","embeddable":true,"href":"https:\/\/aromasentia.com\/sv\/wp-json\/wp\/v2\/product_brand?post=215779"},{"taxonomy":"product_cat","embeddable":true,"href":"https:\/\/aromasentia.com\/sv\/wp-json\/wp\/v2\/product_cat?post=215779"},{"taxonomy":"product_tag","embeddable":true,"href":"https:\/\/aromasentia.com\/sv\/wp-json\/wp\/v2\/product_tag?post=215779"}],"curies":[{"name":"wp","href":"https:\/\/api.w.org\/{rel}","templated":true}]}}