{"id":215765,"date":"2025-03-20T17:39:43","date_gmt":"2025-03-20T17:39:43","guid":{"rendered":"https:\/\/aromasentia.com\/product\/paper-soaps-rose\/"},"modified":"2025-12-31T15:34:56","modified_gmt":"2025-12-31T15:34:56","slug":"papperstvalar-ros","status":"publish","type":"product","link":"https:\/\/aromasentia.com\/sv\/papperstvalar-ros\/","title":{"rendered":"Papperstv\u00e5lar &#8211; Ros"},"content":{"rendered":"<p style=\"text-align: justify;\">Har du n\u00e5gonsin beh\u00f6vt tv\u00e4tta h\u00e4nderna p\u00e5 en offentlig toalett och uppt\u00e4ckt att det inte finns n\u00e5gon tv\u00e5l? Ancient Wisdoms nya papperstv\u00e5lserie \u00e4r den perfekta l\u00f6sningen f\u00f6r reng\u00f6ring p\u00e5 spr\u00e5ng &#8211; var som helst, n\u00e4r som helst.&nbsp;<\/p>\n<p style=\"text-align: justify;\">Reser mycket? L\u00e4gg dem helt enkelt i ditt handbagage och s\u00e4g adj\u00f6 till st\u00f6kiga \u00f6verraskningar p\u00e5 grund av l\u00e4ckande beh\u00e5llare. Dessutom tar de upp mycket mindre utrymme i v\u00e4skan.&nbsp;<\/p>\n<p style=\"text-align: justify;\">Ancient Wisdom Papperstv\u00e5lar kommer utan tvekan att bli en stor hit \u00e4ven hos mammor. De sm\u00e5 kan piffas upp snabbt och enkelt n\u00e4r de \u00e4r ute och reser.<\/p>\n","protected":false},"excerpt":{"rendered":"<p>Har du n\u00e5gonsin beh\u00f6vt tv\u00e4tta h\u00e4nderna p\u00e5 en offentlig toalett och uppt\u00e4ckt att det inte finns n\u00e5gon tv\u00e5l? Ancient Wisdoms nya papperstv\u00e5lserie \u00e4r den perfekta l\u00f6sningen f\u00f6r reng\u00f6ring p\u00e5 spr\u00e5ng &#8211; var som helst, n\u00e4r som helst.&nbsp; Reser mycket? L\u00e4gg dem helt enkelt i ditt handbagage och s\u00e4g adj\u00f6 till st\u00f6kiga \u00f6verraskningar p\u00e5 grund av [&hellip;]<\/p>\n","protected":false},"featured_media":295214,"comment_status":"closed","ping_status":"open","template":"","meta":{"_angie_page":false},"product_brand":[],"product_cat":[12600,26836,25845,12884,26059],"product_tag":[],"class_list":{"0":"post-215765","1":"product","2":"type-product","3":"status-publish","4":"has-post-thumbnail","6":"product_cat-bad-och-dusch","7":"product_cat-blommig","8":"product_cat-dofter-aromer","9":"product_cat-naturliga-tvalar","10":"product_cat-ros","11":"pa_collection-pocket-paper-soaps-sv","12":"pa_made-in-kina","14":"first","15":"instock","16":"purchasable","17":"product-type-simple"},"supplier_id":null,"supplier_sku":"Psoap-07","barcode":null,"atum_controlled":true,"out_stock_date":null,"out_stock_threshold":null,"inheritable":false,"inbound_stock":null,"stock_on_hold":0,"sold_today":0,"sales_last_days":0,"reserved_stock":null,"customer_returns":null,"warehouse_damage":null,"lost_in_post":null,"other_logs":null,"out_stock_days":0,"lost_sales":0,"has_location":null,"update_date":"2026-04-27T07:18:47","atum_locations":[],"atum_stock_status":"instock","restock_status":false,"low_stock_amount":"","sales_update_date":"2025-09-05T00:20:26","calc_backorders":null,"_links":{"self":[{"href":"https:\/\/aromasentia.com\/sv\/wp-json\/wp\/v2\/product\/215765","targetHints":{"allow":["GET"]}}],"collection":[{"href":"https:\/\/aromasentia.com\/sv\/wp-json\/wp\/v2\/product"}],"about":[{"href":"https:\/\/aromasentia.com\/sv\/wp-json\/wp\/v2\/types\/product"}],"replies":[{"embeddable":true,"href":"https:\/\/aromasentia.com\/sv\/wp-json\/wp\/v2\/comments?post=215765"}],"version-history":[{"count":0,"href":"https:\/\/aromasentia.com\/sv\/wp-json\/wp\/v2\/product\/215765\/revisions"}],"wp:featuredmedia":[{"embeddable":true,"href":"https:\/\/aromasentia.com\/sv\/wp-json\/wp\/v2\/media\/295214"}],"wp:attachment":[{"href":"https:\/\/aromasentia.com\/sv\/wp-json\/wp\/v2\/media?parent=215765"}],"wp:term":[{"taxonomy":"product_brand","embeddable":true,"href":"https:\/\/aromasentia.com\/sv\/wp-json\/wp\/v2\/product_brand?post=215765"},{"taxonomy":"product_cat","embeddable":true,"href":"https:\/\/aromasentia.com\/sv\/wp-json\/wp\/v2\/product_cat?post=215765"},{"taxonomy":"product_tag","embeddable":true,"href":"https:\/\/aromasentia.com\/sv\/wp-json\/wp\/v2\/product_tag?post=215765"}],"curies":[{"name":"wp","href":"https:\/\/api.w.org\/{rel}","templated":true}]}}