{"id":215735,"date":"2025-03-20T17:43:19","date_gmt":"2025-03-20T17:43:19","guid":{"rendered":"https:\/\/aromasentia.com\/product\/loofah-long-handle-brush\/"},"modified":"2025-12-31T15:34:34","modified_gmt":"2025-12-31T15:34:34","slug":"luffaborste-med-langt-handtag","status":"publish","type":"product","link":"https:\/\/aromasentia.com\/sv\/luffaborste-med-langt-handtag\/","title":{"rendered":"Luffaborste med L\u00e5ngt Handtag"},"content":{"rendered":"<p style=\"text-align: justify;\">Bevara hudens lyster \u00e4ven under vinterm\u00e5naderna med v\u00e5r <strong>Luffaborste med L\u00e5ngt Handtag<\/strong>.&nbsp;<\/p>\n<p style=\"text-align: justify;\">Hudexfoliering \u00e4r viktig \u00e5ret runt, men s\u00e4rskilt under kalla m\u00e5nader n\u00e4r huden tenderar att bli torrast. Med v\u00e5r luffaborste kan du uppn\u00e5 en ren och lyxig k\u00e4nsla samtidigt som du h\u00e5ller huden mjuk och smidig. Det \u00e4r en chans dina kunder inte kommer att vilja missa.&nbsp;<\/p>\n<p style=\"text-align: justify;\">Dessa produkter skulle vara en perfekt komplettering till en rea med aromaterapi- eller sk\u00f6nhetsprodukter, eller till och med som en del av en presentkorg.&nbsp;<\/p>\n<p style=\"text-align: justify;\"><strong><span style=\"color: rgb(84, 172, 210);\">Best\u00e4ll n\u00e5gra idag f\u00f6r att g\u00f6ra dina kunder glada!<\/span><\/strong><\/p>\n","protected":false},"excerpt":{"rendered":"<p>Bevara hudens lyster \u00e4ven under vinterm\u00e5naderna med v\u00e5r Luffaborste med L\u00e5ngt Handtag.&nbsp; Hudexfoliering \u00e4r viktig \u00e5ret runt, men s\u00e4rskilt under kalla m\u00e5nader n\u00e4r huden tenderar att bli torrast. Med v\u00e5r luffaborste kan du uppn\u00e5 en ren och lyxig k\u00e4nsla samtidigt som du h\u00e5ller huden mjuk och smidig. Det \u00e4r en chans dina kunder inte kommer [&hellip;]<\/p>\n","protected":false},"featured_media":296448,"comment_status":"closed","ping_status":"open","template":"","meta":{"_angie_page":false},"product_brand":[],"product_cat":[12600,12890],"product_tag":[],"class_list":{"0":"post-215735","1":"product","2":"type-product","3":"status-publish","4":"has-post-thumbnail","6":"product_cat-bad-och-dusch","7":"product_cat-borstar-skrubbor-och-skrapor","8":"pa_collection-brush-scrub-scrape-sv","9":"pa_made-in-kina","11":"first","12":"instock","13":"purchasable","14":"product-type-simple"},"supplier_id":null,"supplier_sku":"scrub-22","barcode":null,"atum_controlled":true,"out_stock_date":null,"out_stock_threshold":null,"inheritable":false,"inbound_stock":null,"stock_on_hold":0,"sold_today":0,"sales_last_days":0,"reserved_stock":null,"customer_returns":null,"warehouse_damage":null,"lost_in_post":null,"other_logs":null,"out_stock_days":0,"lost_sales":0,"has_location":null,"update_date":"2026-04-27T07:20:36","atum_locations":[],"atum_stock_status":"instock","restock_status":false,"low_stock_amount":"","sales_update_date":"2025-09-05T00:20:32","calc_backorders":null,"_links":{"self":[{"href":"https:\/\/aromasentia.com\/sv\/wp-json\/wp\/v2\/product\/215735","targetHints":{"allow":["GET"]}}],"collection":[{"href":"https:\/\/aromasentia.com\/sv\/wp-json\/wp\/v2\/product"}],"about":[{"href":"https:\/\/aromasentia.com\/sv\/wp-json\/wp\/v2\/types\/product"}],"replies":[{"embeddable":true,"href":"https:\/\/aromasentia.com\/sv\/wp-json\/wp\/v2\/comments?post=215735"}],"version-history":[{"count":0,"href":"https:\/\/aromasentia.com\/sv\/wp-json\/wp\/v2\/product\/215735\/revisions"}],"wp:featuredmedia":[{"embeddable":true,"href":"https:\/\/aromasentia.com\/sv\/wp-json\/wp\/v2\/media\/296448"}],"wp:attachment":[{"href":"https:\/\/aromasentia.com\/sv\/wp-json\/wp\/v2\/media?parent=215735"}],"wp:term":[{"taxonomy":"product_brand","embeddable":true,"href":"https:\/\/aromasentia.com\/sv\/wp-json\/wp\/v2\/product_brand?post=215735"},{"taxonomy":"product_cat","embeddable":true,"href":"https:\/\/aromasentia.com\/sv\/wp-json\/wp\/v2\/product_cat?post=215735"},{"taxonomy":"product_tag","embeddable":true,"href":"https:\/\/aromasentia.com\/sv\/wp-json\/wp\/v2\/product_tag?post=215735"}],"curies":[{"name":"wp","href":"https:\/\/api.w.org\/{rel}","templated":true}]}}