{"id":215733,"date":"2025-03-20T17:43:19","date_gmt":"2025-03-20T17:43:19","guid":{"rendered":"https:\/\/aromasentia.com\/product\/mini-foot-shaped-brush\/"},"modified":"2025-12-31T15:34:34","modified_gmt":"2025-12-31T15:34:34","slug":"fotformad-miniborste","status":"publish","type":"product","link":"https:\/\/aromasentia.com\/sv\/fotformad-miniborste\/","title":{"rendered":"Fotformad Miniborste"},"content":{"rendered":"<p style=\"text-align: justify;\">H\u00e5ll din hud str\u00e5lande \u00e4ven under vinterm\u00e5naderna med v\u00e5r <strong>Fotformade Miniborste i grossistledet<\/strong>.&nbsp;<\/p>\n<p style=\"text-align: justify;\">Exfoliering \u00e4r viktig \u00e5ret runt, och s\u00e4rskilt n\u00e4r huden \u00e4r extra torr under vintern. Med v\u00e5r fotformade borste kan du uppn\u00e5 en ren och lyxig k\u00e4nsla samtidigt som du bibeh\u00e5ller hudens mjukhet. Dina kunder kommer att uppskatta m\u00f6jligheten att inf\u00f6rliva dessa produkter i sin sk\u00f6nhetsrutin.&nbsp;<\/p>\n<p style=\"text-align: justify;\">Dessa produkter \u00e4r perfekta f\u00f6r att komplettera en rea med aromaterapi- eller sk\u00f6nhetsprodukter, eller till och med som en del av en presentkorg.&nbsp;<\/p>\n<p style=\"text-align: justify;\"><strong><span style=\"color: rgb(84, 172, 210);\">Best\u00e4ll n\u00e5gra idag och f\u00e5 dina kunder att le!<\/span><\/strong><\/p>\n","protected":false},"excerpt":{"rendered":"<p>H\u00e5ll din hud str\u00e5lande \u00e4ven under vinterm\u00e5naderna med v\u00e5r Fotformade Miniborste i grossistledet.&nbsp; Exfoliering \u00e4r viktig \u00e5ret runt, och s\u00e4rskilt n\u00e4r huden \u00e4r extra torr under vintern. Med v\u00e5r fotformade borste kan du uppn\u00e5 en ren och lyxig k\u00e4nsla samtidigt som du bibeh\u00e5ller hudens mjukhet. Dina kunder kommer att uppskatta m\u00f6jligheten att inf\u00f6rliva dessa produkter [&hellip;]<\/p>\n","protected":false},"featured_media":296539,"comment_status":"closed","ping_status":"open","template":"","meta":{"_angie_page":false},"product_brand":[],"product_cat":[12600,12890],"product_tag":[],"class_list":{"0":"post-215733","1":"product","2":"type-product","3":"status-publish","4":"has-post-thumbnail","6":"product_cat-bad-och-dusch","7":"product_cat-borstar-skrubbor-och-skrapor","8":"pa_collection-brush-scrub-scrape-sv","9":"pa_made-in-kina","11":"first","12":"instock","13":"purchasable","14":"product-type-simple"},"supplier_id":null,"supplier_sku":"Scrub-04","barcode":null,"atum_controlled":true,"out_stock_date":null,"out_stock_threshold":null,"inheritable":false,"inbound_stock":null,"stock_on_hold":0,"sold_today":0,"sales_last_days":0,"reserved_stock":null,"customer_returns":null,"warehouse_damage":null,"lost_in_post":null,"other_logs":null,"out_stock_days":0,"lost_sales":0,"has_location":null,"update_date":"2026-04-27T07:20:36","atum_locations":[],"atum_stock_status":"instock","restock_status":false,"low_stock_amount":"","sales_update_date":"2026-01-30T01:25:02","calc_backorders":null,"_links":{"self":[{"href":"https:\/\/aromasentia.com\/sv\/wp-json\/wp\/v2\/product\/215733","targetHints":{"allow":["GET"]}}],"collection":[{"href":"https:\/\/aromasentia.com\/sv\/wp-json\/wp\/v2\/product"}],"about":[{"href":"https:\/\/aromasentia.com\/sv\/wp-json\/wp\/v2\/types\/product"}],"replies":[{"embeddable":true,"href":"https:\/\/aromasentia.com\/sv\/wp-json\/wp\/v2\/comments?post=215733"}],"version-history":[{"count":0,"href":"https:\/\/aromasentia.com\/sv\/wp-json\/wp\/v2\/product\/215733\/revisions"}],"wp:featuredmedia":[{"embeddable":true,"href":"https:\/\/aromasentia.com\/sv\/wp-json\/wp\/v2\/media\/296539"}],"wp:attachment":[{"href":"https:\/\/aromasentia.com\/sv\/wp-json\/wp\/v2\/media?parent=215733"}],"wp:term":[{"taxonomy":"product_brand","embeddable":true,"href":"https:\/\/aromasentia.com\/sv\/wp-json\/wp\/v2\/product_brand?post=215733"},{"taxonomy":"product_cat","embeddable":true,"href":"https:\/\/aromasentia.com\/sv\/wp-json\/wp\/v2\/product_cat?post=215733"},{"taxonomy":"product_tag","embeddable":true,"href":"https:\/\/aromasentia.com\/sv\/wp-json\/wp\/v2\/product_tag?post=215733"}],"curies":[{"name":"wp","href":"https:\/\/api.w.org\/{rel}","templated":true}]}}