{"id":215732,"date":"2025-03-20T17:43:19","date_gmt":"2025-03-20T17:43:19","guid":{"rendered":"https:\/\/aromasentia.com\/product\/scrub-scrape-brush-stone\/"},"modified":"2025-12-31T15:34:34","modified_gmt":"2025-12-31T15:34:34","slug":"skubba-skrapa-borste-sten","status":"publish","type":"product","link":"https:\/\/aromasentia.com\/sv\/skubba-skrapa-borste-sten\/","title":{"rendered":"Skubba &#038; Skrapa &#8211; Borste &#038; Sten"},"content":{"rendered":"<p style=\"text-align: justify;\">Bevara din hud lyster \u00e4ven under kalla v\u00e4derf\u00f6rh\u00e5llanden med v\u00e5r <strong>Skrubba &amp; Skrapa &#8211; Borste &amp; Sten i grossistledet<\/strong>.&nbsp;<\/p>\n<p style=\"text-align: justify;\">Oavsett \u00e5rstid beh\u00f6ver huden regelbunden exfoliering, men s\u00e4rskilt under vintern n\u00e4r den \u00e4r som mest torr. Med v\u00e5r borste kan du njuta av en ren och lyxig k\u00e4nsla samtidigt som huden h\u00e5lls mjuk och len. Dina kunder kommer att bli f\u00f6rtjusta \u00f6ver m\u00f6jligheten att skaffa dessa produkter.&nbsp;<\/p>\n<p style=\"text-align: justify;\">Dessa skulle vara en utm\u00e4rkt komplettering till en f\u00f6rs\u00e4ljning med aromaterapi- eller sk\u00f6nhetsprodukter, eller till och med som en del av en presentkorg.&nbsp;<\/p>\n<p style=\"text-align: justify;\"><strong><span style=\"color: rgb(84, 172, 210);\">Best\u00e4ll n\u00e5gra idag f\u00f6r att s\u00e4tta ett leende p\u00e5 dina kunders l\u00e4ppar!<\/span><\/strong><\/p>\n","protected":false},"excerpt":{"rendered":"<p>Bevara din hud lyster \u00e4ven under kalla v\u00e4derf\u00f6rh\u00e5llanden med v\u00e5r Skrubba &amp; Skrapa &#8211; Borste &amp; Sten i grossistledet.&nbsp; Oavsett \u00e5rstid beh\u00f6ver huden regelbunden exfoliering, men s\u00e4rskilt under vintern n\u00e4r den \u00e4r som mest torr. Med v\u00e5r borste kan du njuta av en ren och lyxig k\u00e4nsla samtidigt som huden h\u00e5lls mjuk och len. Dina [&hellip;]<\/p>\n","protected":false},"featured_media":296506,"comment_status":"closed","ping_status":"open","template":"","meta":{"_angie_page":false},"product_brand":[],"product_cat":[12600,12890],"product_tag":[],"class_list":{"0":"post-215732","1":"product","2":"type-product","3":"status-publish","4":"has-post-thumbnail","6":"product_cat-bad-och-dusch","7":"product_cat-borstar-skrubbor-och-skrapor","8":"pa_collection-brush-scrub-scrape-sv","9":"pa_made-in-kina","11":"first","12":"instock","13":"purchasable","14":"product-type-simple"},"supplier_id":null,"supplier_sku":"Scrub-03","barcode":null,"atum_controlled":true,"out_stock_date":null,"out_stock_threshold":null,"inheritable":false,"inbound_stock":null,"stock_on_hold":0,"sold_today":0,"sales_last_days":0,"reserved_stock":null,"customer_returns":null,"warehouse_damage":null,"lost_in_post":null,"other_logs":null,"out_stock_days":0,"lost_sales":0,"has_location":null,"update_date":"2026-04-27T07:20:36","atum_locations":[],"atum_stock_status":"instock","restock_status":false,"low_stock_amount":"","sales_update_date":"2026-01-30T01:24:26","calc_backorders":null,"_links":{"self":[{"href":"https:\/\/aromasentia.com\/sv\/wp-json\/wp\/v2\/product\/215732","targetHints":{"allow":["GET"]}}],"collection":[{"href":"https:\/\/aromasentia.com\/sv\/wp-json\/wp\/v2\/product"}],"about":[{"href":"https:\/\/aromasentia.com\/sv\/wp-json\/wp\/v2\/types\/product"}],"replies":[{"embeddable":true,"href":"https:\/\/aromasentia.com\/sv\/wp-json\/wp\/v2\/comments?post=215732"}],"version-history":[{"count":0,"href":"https:\/\/aromasentia.com\/sv\/wp-json\/wp\/v2\/product\/215732\/revisions"}],"wp:featuredmedia":[{"embeddable":true,"href":"https:\/\/aromasentia.com\/sv\/wp-json\/wp\/v2\/media\/296506"}],"wp:attachment":[{"href":"https:\/\/aromasentia.com\/sv\/wp-json\/wp\/v2\/media?parent=215732"}],"wp:term":[{"taxonomy":"product_brand","embeddable":true,"href":"https:\/\/aromasentia.com\/sv\/wp-json\/wp\/v2\/product_brand?post=215732"},{"taxonomy":"product_cat","embeddable":true,"href":"https:\/\/aromasentia.com\/sv\/wp-json\/wp\/v2\/product_cat?post=215732"},{"taxonomy":"product_tag","embeddable":true,"href":"https:\/\/aromasentia.com\/sv\/wp-json\/wp\/v2\/product_tag?post=215732"}],"curies":[{"name":"wp","href":"https:\/\/api.w.org\/{rel}","templated":true}]}}