{"id":215731,"date":"2025-03-20T17:43:19","date_gmt":"2025-03-20T17:43:19","guid":{"rendered":"https:\/\/aromasentia.com\/product\/serious-scrub-face-brush\/"},"modified":"2025-12-31T15:34:34","modified_gmt":"2025-12-31T15:34:34","slug":"masserande-ansiktsborste","status":"publish","type":"product","link":"https:\/\/aromasentia.com\/sv\/masserande-ansiktsborste\/","title":{"rendered":"Masserande Ansiktsborste"},"content":{"rendered":"<p style=\"text-align: justify;\">H\u00e5ll din hud str\u00e5lande \u00e4ven n\u00e4r det \u00e4r kallt med v\u00e5r <strong>Masserande Ansiktsborste i grossistledet<\/strong>.&nbsp;<\/p>\n<p style=\"text-align: justify;\">Det \u00e4r viktigt att exfoliera huden \u00e5ret runt, men s\u00e4rskilt under vinterm\u00e5naderna n\u00e4r huden tenderar att bli torrast. Med v\u00e5r ansiktsborste kan du uppn\u00e5 en ren och lyxig k\u00e4nsla samtidigt som du h\u00e5ller huden mjuk och behaglig att r\u00f6ra vid. Dina kunder kommer att uppskatta m\u00f6jligheten att l\u00e4gga till dessa produkter i sin hudv\u00e5rdsrutin.&nbsp;<\/p>\n<p style=\"text-align: justify;\">Dessa skulle vara en utm\u00e4rkt komplettering till rea-evenemang med aromaterapi- eller sk\u00f6nhetsprodukter, eller till och med som en del av en presentkorg.&nbsp;<\/p>\n<p style=\"text-align: justify;\"><strong><span style=\"color: rgb(84, 172, 210);\">Ge dina kunder n\u00e5got att le \u00e5t genom att best\u00e4lla n\u00e5gra idag!<\/span><\/strong><\/p>\n","protected":false},"excerpt":{"rendered":"<p>H\u00e5ll din hud str\u00e5lande \u00e4ven n\u00e4r det \u00e4r kallt med v\u00e5r Masserande Ansiktsborste i grossistledet.&nbsp; Det \u00e4r viktigt att exfoliera huden \u00e5ret runt, men s\u00e4rskilt under vinterm\u00e5naderna n\u00e4r huden tenderar att bli torrast. Med v\u00e5r ansiktsborste kan du uppn\u00e5 en ren och lyxig k\u00e4nsla samtidigt som du h\u00e5ller huden mjuk och behaglig att r\u00f6ra vid. [&hellip;]<\/p>\n","protected":false},"featured_media":296473,"comment_status":"closed","ping_status":"open","template":"","meta":{"_angie_page":false},"product_brand":[],"product_cat":[12600,12890],"product_tag":[],"class_list":{"0":"post-215731","1":"product","2":"type-product","3":"status-publish","4":"has-post-thumbnail","6":"product_cat-bad-och-dusch","7":"product_cat-borstar-skrubbor-och-skrapor","8":"pa_collection-brush-scrub-scrape-sv","9":"pa_made-in-kina","11":"first","12":"instock","13":"purchasable","14":"product-type-simple"},"supplier_id":null,"supplier_sku":"Scrub-01","barcode":null,"atum_controlled":true,"out_stock_date":null,"out_stock_threshold":null,"inheritable":false,"inbound_stock":null,"stock_on_hold":0,"sold_today":0,"sales_last_days":0,"reserved_stock":null,"customer_returns":null,"warehouse_damage":null,"lost_in_post":null,"other_logs":null,"out_stock_days":0,"lost_sales":0,"has_location":null,"update_date":"2026-04-27T07:20:36","atum_locations":[],"atum_stock_status":"instock","restock_status":false,"low_stock_amount":"","sales_update_date":"2025-09-05T00:20:31","calc_backorders":null,"_links":{"self":[{"href":"https:\/\/aromasentia.com\/sv\/wp-json\/wp\/v2\/product\/215731","targetHints":{"allow":["GET"]}}],"collection":[{"href":"https:\/\/aromasentia.com\/sv\/wp-json\/wp\/v2\/product"}],"about":[{"href":"https:\/\/aromasentia.com\/sv\/wp-json\/wp\/v2\/types\/product"}],"replies":[{"embeddable":true,"href":"https:\/\/aromasentia.com\/sv\/wp-json\/wp\/v2\/comments?post=215731"}],"version-history":[{"count":0,"href":"https:\/\/aromasentia.com\/sv\/wp-json\/wp\/v2\/product\/215731\/revisions"}],"wp:featuredmedia":[{"embeddable":true,"href":"https:\/\/aromasentia.com\/sv\/wp-json\/wp\/v2\/media\/296473"}],"wp:attachment":[{"href":"https:\/\/aromasentia.com\/sv\/wp-json\/wp\/v2\/media?parent=215731"}],"wp:term":[{"taxonomy":"product_brand","embeddable":true,"href":"https:\/\/aromasentia.com\/sv\/wp-json\/wp\/v2\/product_brand?post=215731"},{"taxonomy":"product_cat","embeddable":true,"href":"https:\/\/aromasentia.com\/sv\/wp-json\/wp\/v2\/product_cat?post=215731"},{"taxonomy":"product_tag","embeddable":true,"href":"https:\/\/aromasentia.com\/sv\/wp-json\/wp\/v2\/product_tag?post=215731"}],"curies":[{"name":"wp","href":"https:\/\/api.w.org\/{rel}","templated":true}]}}