{"id":215730,"date":"2025-03-20T17:43:45","date_gmt":"2025-03-20T17:43:45","guid":{"rendered":"https:\/\/aromasentia.com\/product\/long-handle-body-brush\/"},"modified":"2025-12-31T15:34:34","modified_gmt":"2025-12-31T15:34:34","slug":"borste-for-kroppen-med-langt-handtag","status":"publish","type":"product","link":"https:\/\/aromasentia.com\/sv\/borste-for-kroppen-med-langt-handtag\/","title":{"rendered":"Borste f\u00f6r Kroppen med L\u00e5ngt Handtag"},"content":{"rendered":"<p style=\"text-align: justify;\">Bevara din huds lyster \u00e4ven under kalla v\u00e4derf\u00f6rh\u00e5llanden med v\u00e5r <strong>Borste f\u00f6r Kroppen med L\u00e5ngt Handtag<\/strong>.&nbsp;<\/p>\n<p style=\"text-align: justify;\">Huden beh\u00f6ver exfolieras \u00e5ret om, men s\u00e4rskilt under vintern n\u00e4r den kan bli extra torr. Med v\u00e5r borste f\u00f6r kroppen kan du skapa den d\u00e4r renodlade lyxk\u00e4nslan och beh\u00e5lla hudens mjukhet. Dina kunder kommer att vara glada \u00f6ver m\u00f6jligheten att f\u00e5 tag i dessa produkter.&nbsp;<\/p>\n<p style=\"text-align: justify;\">Dessa skulle vara en utm\u00e4rkt till\u00e4gg till en rea med aromaterapi- eller sk\u00f6nhetsprodukter, eller till och med som en del av en presentkorg.&nbsp;<\/p>\n<p style=\"text-align: justify;\"><span style=\"color: rgb(84, 172, 210);\"><strong>Best\u00e4ll n\u00e5gra idag f\u00f6r att sprida lite gl\u00e4dje till dina kunder!<\/strong><\/span><\/p>\n","protected":false},"excerpt":{"rendered":"<p>Bevara din huds lyster \u00e4ven under kalla v\u00e4derf\u00f6rh\u00e5llanden med v\u00e5r Borste f\u00f6r Kroppen med L\u00e5ngt Handtag.&nbsp; Huden beh\u00f6ver exfolieras \u00e5ret om, men s\u00e4rskilt under vintern n\u00e4r den kan bli extra torr. Med v\u00e5r borste f\u00f6r kroppen kan du skapa den d\u00e4r renodlade lyxk\u00e4nslan och beh\u00e5lla hudens mjukhet. Dina kunder kommer att vara glada \u00f6ver m\u00f6jligheten [&hellip;]<\/p>\n","protected":false},"featured_media":296689,"comment_status":"closed","ping_status":"open","template":"","meta":{"_angie_page":false},"product_brand":[],"product_cat":[12600,12890],"product_tag":[],"class_list":{"0":"post-215730","1":"product","2":"type-product","3":"status-publish","4":"has-post-thumbnail","6":"product_cat-bad-och-dusch","7":"product_cat-borstar-skrubbor-och-skrapor","8":"pa_collection-brush-scrub-scrape-sv","9":"pa_made-in-kina","11":"first","12":"instock","13":"purchasable","14":"product-type-simple"},"supplier_id":null,"supplier_sku":"Scrub-20","barcode":null,"atum_controlled":true,"out_stock_date":null,"out_stock_threshold":null,"inheritable":false,"inbound_stock":null,"stock_on_hold":0,"sold_today":0,"sales_last_days":0,"reserved_stock":null,"customer_returns":null,"warehouse_damage":null,"lost_in_post":null,"other_logs":null,"out_stock_days":0,"lost_sales":0,"has_location":null,"update_date":"2026-04-27T07:20:36","atum_locations":[],"atum_stock_status":"instock","restock_status":false,"low_stock_amount":"","sales_update_date":"2026-02-06T00:02:46","calc_backorders":null,"_links":{"self":[{"href":"https:\/\/aromasentia.com\/sv\/wp-json\/wp\/v2\/product\/215730","targetHints":{"allow":["GET"]}}],"collection":[{"href":"https:\/\/aromasentia.com\/sv\/wp-json\/wp\/v2\/product"}],"about":[{"href":"https:\/\/aromasentia.com\/sv\/wp-json\/wp\/v2\/types\/product"}],"replies":[{"embeddable":true,"href":"https:\/\/aromasentia.com\/sv\/wp-json\/wp\/v2\/comments?post=215730"}],"version-history":[{"count":0,"href":"https:\/\/aromasentia.com\/sv\/wp-json\/wp\/v2\/product\/215730\/revisions"}],"wp:featuredmedia":[{"embeddable":true,"href":"https:\/\/aromasentia.com\/sv\/wp-json\/wp\/v2\/media\/296689"}],"wp:attachment":[{"href":"https:\/\/aromasentia.com\/sv\/wp-json\/wp\/v2\/media?parent=215730"}],"wp:term":[{"taxonomy":"product_brand","embeddable":true,"href":"https:\/\/aromasentia.com\/sv\/wp-json\/wp\/v2\/product_brand?post=215730"},{"taxonomy":"product_cat","embeddable":true,"href":"https:\/\/aromasentia.com\/sv\/wp-json\/wp\/v2\/product_cat?post=215730"},{"taxonomy":"product_tag","embeddable":true,"href":"https:\/\/aromasentia.com\/sv\/wp-json\/wp\/v2\/product_tag?post=215730"}],"curies":[{"name":"wp","href":"https:\/\/api.w.org\/{rel}","templated":true}]}}