{"id":215727,"date":"2025-03-20T17:43:45","date_gmt":"2025-03-20T17:43:45","guid":{"rendered":"https:\/\/aromasentia.com\/product\/dual-brush-file\/"},"modified":"2025-12-31T15:34:27","modified_gmt":"2025-12-31T15:34:27","slug":"dubbelsidig-borste-fil","status":"publish","type":"product","link":"https:\/\/aromasentia.com\/sv\/dubbelsidig-borste-fil\/","title":{"rendered":"Dubbelsidig Borste &#038; Fil"},"content":{"rendered":"<p style=\"text-align: justify;\">F\u00e5 din hud att k\u00e4nnas str\u00e5lade \u00e4ven under vintern med v\u00e5r <strong>Dubbelsidiga Borste &amp; Fil i grossistledet<\/strong>.&nbsp;<\/p>\n<p style=\"text-align: justify;\">Huden beh\u00f6ver exfolieras \u00e5ret runt, men s\u00e4rskilt under kalla m\u00e5nader n\u00e4r den \u00e4r extra torr. Med v\u00e5r borste kan du uppn\u00e5 en ren och lyxig k\u00e4nsla samtidigt som du h\u00e5ller huden mjuk och len. Dina kunder kommer att uppskatta m\u00f6jligheten att f\u00e5 tag p\u00e5 dessa produkter.&nbsp;<\/p>\n<p style=\"text-align: justify;\">Dessa skulle vara perfekta att inkludera i en rea med aromaterapi- eller sk\u00f6nhetsprodukter, eller till och med i en presentkorg.&nbsp;<\/p>\n<p style=\"text-align: justify;\"><strong><span style=\"color: rgb(84, 172, 210);\">Best\u00e4ll n\u00e5gra idag f\u00f6r att f\u00e5 dina kunders ansikten att lysa upp med ett leende!<\/span><\/strong><\/p>\n","protected":false},"excerpt":{"rendered":"<p>F\u00e5 din hud att k\u00e4nnas str\u00e5lade \u00e4ven under vintern med v\u00e5r Dubbelsidiga Borste &amp; Fil i grossistledet.&nbsp; Huden beh\u00f6ver exfolieras \u00e5ret runt, men s\u00e4rskilt under kalla m\u00e5nader n\u00e4r den \u00e4r extra torr. Med v\u00e5r borste kan du uppn\u00e5 en ren och lyxig k\u00e4nsla samtidigt som du h\u00e5ller huden mjuk och len. Dina kunder kommer att [&hellip;]<\/p>\n","protected":false},"featured_media":296614,"comment_status":"closed","ping_status":"open","template":"","meta":{"_angie_page":false},"product_brand":[],"product_cat":[12600,12890],"product_tag":[],"class_list":{"0":"post-215727","1":"product","2":"type-product","3":"status-publish","4":"has-post-thumbnail","6":"product_cat-bad-och-dusch","7":"product_cat-borstar-skrubbor-och-skrapor","8":"pa_collection-brush-scrub-scrape-sv","9":"pa_made-in-kina","11":"first","12":"instock","13":"purchasable","14":"product-type-simple"},"supplier_id":null,"supplier_sku":"Scrub-08","barcode":null,"atum_controlled":true,"out_stock_date":null,"out_stock_threshold":null,"inheritable":false,"inbound_stock":null,"stock_on_hold":0,"sold_today":0,"sales_last_days":0,"reserved_stock":null,"customer_returns":null,"warehouse_damage":null,"lost_in_post":null,"other_logs":null,"out_stock_days":0,"lost_sales":0,"has_location":null,"update_date":"2026-04-27T07:20:36","atum_locations":[],"atum_stock_status":"instock","restock_status":false,"low_stock_amount":"","sales_update_date":"2026-02-06T00:01:22","calc_backorders":null,"_links":{"self":[{"href":"https:\/\/aromasentia.com\/sv\/wp-json\/wp\/v2\/product\/215727","targetHints":{"allow":["GET"]}}],"collection":[{"href":"https:\/\/aromasentia.com\/sv\/wp-json\/wp\/v2\/product"}],"about":[{"href":"https:\/\/aromasentia.com\/sv\/wp-json\/wp\/v2\/types\/product"}],"replies":[{"embeddable":true,"href":"https:\/\/aromasentia.com\/sv\/wp-json\/wp\/v2\/comments?post=215727"}],"version-history":[{"count":0,"href":"https:\/\/aromasentia.com\/sv\/wp-json\/wp\/v2\/product\/215727\/revisions"}],"wp:featuredmedia":[{"embeddable":true,"href":"https:\/\/aromasentia.com\/sv\/wp-json\/wp\/v2\/media\/296614"}],"wp:attachment":[{"href":"https:\/\/aromasentia.com\/sv\/wp-json\/wp\/v2\/media?parent=215727"}],"wp:term":[{"taxonomy":"product_brand","embeddable":true,"href":"https:\/\/aromasentia.com\/sv\/wp-json\/wp\/v2\/product_brand?post=215727"},{"taxonomy":"product_cat","embeddable":true,"href":"https:\/\/aromasentia.com\/sv\/wp-json\/wp\/v2\/product_cat?post=215727"},{"taxonomy":"product_tag","embeddable":true,"href":"https:\/\/aromasentia.com\/sv\/wp-json\/wp\/v2\/product_tag?post=215727"}],"curies":[{"name":"wp","href":"https:\/\/api.w.org\/{rel}","templated":true}]}}