{"id":215725,"date":"2025-03-20T17:44:02","date_gmt":"2025-03-20T17:44:02","guid":{"rendered":"https:\/\/aromasentia.com\/product\/natural-loofah-scrub-on-rope-5-12-7-cm\/"},"modified":"2025-12-31T15:34:27","modified_gmt":"2025-12-31T15:34:27","slug":"naturlig-luffasvamp-pa-rep","status":"publish","type":"product","link":"https:\/\/aromasentia.com\/sv\/naturlig-luffasvamp-pa-rep\/","title":{"rendered":"Naturlig Luffasvamp p\u00e5 Rep"},"content":{"rendered":"<p style=\"text-align: justify;\">Beh\u00e5ll din huds lyster \u00e4ven under vinterm\u00e5naderna med v\u00e5r <strong>Naturliga Luffasvamp p\u00e5 Rep<\/strong>.&nbsp;<\/p>\n<p style=\"text-align: justify;\">Oavsett \u00e5rstid \u00e4r regelbunden exfoliering viktig f\u00f6r huden, men s\u00e4rskilt under vintern n\u00e4r den \u00e4r som torrast. Med v\u00e5r naturliga luffasvamp kan du skapa den d\u00e4r underbara, lyxiga k\u00e4nslan och h\u00e5lla huden mjuk och behaglig att r\u00f6ra vid. Dina kunder kommer att vara glada \u00f6ver m\u00f6jligheten att skaffa dessa produkter.&nbsp;<\/p>\n<p style=\"text-align: justify;\">Dessa skulle vara ett utm\u00e4rkt till\u00e4gg till en rea tillsammans med aromaterapi- eller sk\u00f6nhetsprodukter, eller till och med som en del av en presentkorg.&nbsp;<\/p>\n<p style=\"text-align: justify;\"><strong><span style=\"color: rgb(84, 172, 210);\">Best\u00e4ll n\u00e5gra idag och se till att dina kunder ler fr\u00e5n \u00f6ra till \u00f6ra!<\/span><\/strong><\/p>\n","protected":false},"excerpt":{"rendered":"<p>Beh\u00e5ll din huds lyster \u00e4ven under vinterm\u00e5naderna med v\u00e5r Naturliga Luffasvamp p\u00e5 Rep.&nbsp; Oavsett \u00e5rstid \u00e4r regelbunden exfoliering viktig f\u00f6r huden, men s\u00e4rskilt under vintern n\u00e4r den \u00e4r som torrast. Med v\u00e5r naturliga luffasvamp kan du skapa den d\u00e4r underbara, lyxiga k\u00e4nslan och h\u00e5lla huden mjuk och behaglig att r\u00f6ra vid. Dina kunder kommer att [&hellip;]<\/p>\n","protected":false},"featured_media":296782,"comment_status":"closed","ping_status":"open","template":"","meta":{"_angie_page":false},"product_brand":[],"product_cat":[12600,12890],"product_tag":[],"class_list":{"0":"post-215725","1":"product","2":"type-product","3":"status-publish","4":"has-post-thumbnail","6":"product_cat-bad-och-dusch","7":"product_cat-borstar-skrubbor-och-skrapor","8":"pa_collection-brush-scrub-scrape-sv","9":"pa_made-in-kina","11":"first","12":"instock","13":"purchasable","14":"product-type-simple"},"supplier_id":null,"supplier_sku":"Scrub-12A","barcode":null,"atum_controlled":true,"out_stock_date":null,"out_stock_threshold":null,"inheritable":false,"inbound_stock":null,"stock_on_hold":0,"sold_today":0,"sales_last_days":0,"reserved_stock":null,"customer_returns":null,"warehouse_damage":null,"lost_in_post":null,"other_logs":null,"out_stock_days":0,"lost_sales":0,"has_location":null,"update_date":"2026-04-27T07:20:36","atum_locations":[],"atum_stock_status":"instock","restock_status":false,"low_stock_amount":"","sales_update_date":"2025-09-05T00:20:36","calc_backorders":null,"_links":{"self":[{"href":"https:\/\/aromasentia.com\/sv\/wp-json\/wp\/v2\/product\/215725","targetHints":{"allow":["GET"]}}],"collection":[{"href":"https:\/\/aromasentia.com\/sv\/wp-json\/wp\/v2\/product"}],"about":[{"href":"https:\/\/aromasentia.com\/sv\/wp-json\/wp\/v2\/types\/product"}],"replies":[{"embeddable":true,"href":"https:\/\/aromasentia.com\/sv\/wp-json\/wp\/v2\/comments?post=215725"}],"version-history":[{"count":0,"href":"https:\/\/aromasentia.com\/sv\/wp-json\/wp\/v2\/product\/215725\/revisions"}],"wp:featuredmedia":[{"embeddable":true,"href":"https:\/\/aromasentia.com\/sv\/wp-json\/wp\/v2\/media\/296782"}],"wp:attachment":[{"href":"https:\/\/aromasentia.com\/sv\/wp-json\/wp\/v2\/media?parent=215725"}],"wp:term":[{"taxonomy":"product_brand","embeddable":true,"href":"https:\/\/aromasentia.com\/sv\/wp-json\/wp\/v2\/product_brand?post=215725"},{"taxonomy":"product_cat","embeddable":true,"href":"https:\/\/aromasentia.com\/sv\/wp-json\/wp\/v2\/product_cat?post=215725"},{"taxonomy":"product_tag","embeddable":true,"href":"https:\/\/aromasentia.com\/sv\/wp-json\/wp\/v2\/product_tag?post=215725"}],"curies":[{"name":"wp","href":"https:\/\/api.w.org\/{rel}","templated":true}]}}