{"id":215722,"date":"2025-03-20T17:44:02","date_gmt":"2025-03-20T17:44:02","guid":{"rendered":"https:\/\/aromasentia.com\/product\/pair-of-professional-treatment-socks\/"},"modified":"2025-12-31T15:34:27","modified_gmt":"2025-12-31T15:34:27","slug":"professionella-strumpor-for-behandling","status":"publish","type":"product","link":"https:\/\/aromasentia.com\/sv\/professionella-strumpor-for-behandling\/","title":{"rendered":"Professionella Strumpor f\u00f6r Behandling"},"content":{"rendered":"<p style=\"text-align: justify;\">Ta en titt p\u00e5 v\u00e5ra lyxiga <strong>Professionella Strumpor f\u00f6r Behandling<\/strong> som s\u00e4ljs i tv\u00e5 olika f\u00e4rger &#8211; vitt och elfenben. De h\u00e5ller kr\u00e4mer och lotioner varma, vilket g\u00f6r att de kan verka ordentligt p\u00e5 f\u00f6tterna \u00f6ver natten medan personen sover.&nbsp;<\/p>\n<p style=\"text-align: justify;\">V\u00e5ra professionella behandlingsstrumpor kommer s\u00e4kert att s\u00e4ljas bra. Vem vill inte ha len och lyxig hud?&nbsp;<\/p>\n<p style=\"text-align: justify;\"><strong><span style=\"color: rgb(84, 172, 210);\">Best\u00e4ll n\u00e5gra idag f\u00f6r att ge din butik den lyx den f\u00f6rtj\u00e4nar!<\/span><\/strong><\/p>\n","protected":false},"excerpt":{"rendered":"<p>Ta en titt p\u00e5 v\u00e5ra lyxiga Professionella Strumpor f\u00f6r Behandling som s\u00e4ljs i tv\u00e5 olika f\u00e4rger &#8211; vitt och elfenben. De h\u00e5ller kr\u00e4mer och lotioner varma, vilket g\u00f6r att de kan verka ordentligt p\u00e5 f\u00f6tterna \u00f6ver natten medan personen sover.&nbsp; V\u00e5ra professionella behandlingsstrumpor kommer s\u00e4kert att s\u00e4ljas bra. Vem vill inte ha len och lyxig [&hellip;]<\/p>\n","protected":false},"featured_media":296723,"comment_status":"closed","ping_status":"open","template":"","meta":{"_angie_page":false},"product_brand":[],"product_cat":[12600,12890],"product_tag":[],"class_list":{"0":"post-215722","1":"product","2":"type-product","3":"status-publish","4":"has-post-thumbnail","6":"product_cat-bad-och-dusch","7":"product_cat-borstar-skrubbor-och-skrapor","8":"pa_collection-brush-scrub-scrape-sv","9":"pa_made-in-kina","11":"first","12":"instock","13":"purchasable","14":"product-type-simple"},"supplier_id":null,"supplier_sku":"Mitt-05","barcode":null,"atum_controlled":true,"out_stock_date":null,"out_stock_threshold":null,"inheritable":false,"inbound_stock":null,"stock_on_hold":0,"sold_today":0,"sales_last_days":0,"reserved_stock":null,"customer_returns":null,"warehouse_damage":null,"lost_in_post":null,"other_logs":null,"out_stock_days":0,"lost_sales":0,"has_location":null,"update_date":"2026-04-27T07:13:06","atum_locations":[],"atum_stock_status":"instock","restock_status":false,"low_stock_amount":"","sales_update_date":"2026-01-30T01:24:43","calc_backorders":null,"_links":{"self":[{"href":"https:\/\/aromasentia.com\/sv\/wp-json\/wp\/v2\/product\/215722","targetHints":{"allow":["GET"]}}],"collection":[{"href":"https:\/\/aromasentia.com\/sv\/wp-json\/wp\/v2\/product"}],"about":[{"href":"https:\/\/aromasentia.com\/sv\/wp-json\/wp\/v2\/types\/product"}],"replies":[{"embeddable":true,"href":"https:\/\/aromasentia.com\/sv\/wp-json\/wp\/v2\/comments?post=215722"}],"version-history":[{"count":0,"href":"https:\/\/aromasentia.com\/sv\/wp-json\/wp\/v2\/product\/215722\/revisions"}],"wp:featuredmedia":[{"embeddable":true,"href":"https:\/\/aromasentia.com\/sv\/wp-json\/wp\/v2\/media\/296723"}],"wp:attachment":[{"href":"https:\/\/aromasentia.com\/sv\/wp-json\/wp\/v2\/media?parent=215722"}],"wp:term":[{"taxonomy":"product_brand","embeddable":true,"href":"https:\/\/aromasentia.com\/sv\/wp-json\/wp\/v2\/product_brand?post=215722"},{"taxonomy":"product_cat","embeddable":true,"href":"https:\/\/aromasentia.com\/sv\/wp-json\/wp\/v2\/product_cat?post=215722"},{"taxonomy":"product_tag","embeddable":true,"href":"https:\/\/aromasentia.com\/sv\/wp-json\/wp\/v2\/product_tag?post=215722"}],"curies":[{"name":"wp","href":"https:\/\/api.w.org\/{rel}","templated":true}]}}