{"id":215721,"date":"2025-03-20T17:44:02","date_gmt":"2025-03-20T17:44:02","guid":{"rendered":"https:\/\/aromasentia.com\/product\/pair-of-professional-treatment-gloves\/"},"modified":"2025-12-31T15:34:27","modified_gmt":"2025-12-31T15:34:27","slug":"professionella-handskar-for-behandling","status":"publish","type":"product","link":"https:\/\/aromasentia.com\/sv\/professionella-handskar-for-behandling\/","title":{"rendered":"Professionella Handskar f\u00f6r Behandling"},"content":{"rendered":"<p style=\"text-align: justify;\">Dessa <strong>Professionella Behandlingshandskar i Grossistledet<\/strong> anv\u00e4nds ofta f\u00f6r att f\u00f6rb\u00e4ttra torr hud p\u00e5 h\u00e4nderna och \u00e4r l\u00e4mpliga f\u00f6r eksemdrabbade som beh\u00f6ver applicera hudkr\u00e4mer regelbundet. F\u00f6r b\u00e4sta resultat, applicera ett lager handkr\u00e4m innan du l\u00e4gger dig och ta sedan p\u00e5 dig handskarna medan du sover.&nbsp;<\/p>\n<p style=\"text-align: justify;\">Dessa vita bomullshandskar \u00e4r tillg\u00e4ngliga i universalstorlek och \u00e4r l\u00e4mpliga f\u00f6r sm\u00e5\/medelstora kvinnors h\u00e4nder. De \u00e4r gjorda av bomull med en liten m\u00e4ngd lycra, s\u00e5 de \u00e4r lite stretchiga. Handsken har ingen tight mudd, s\u00e5 de k\u00e4nns bekv\u00e4ma medan de \u00e4r p\u00e5.&nbsp;<\/p>\n<p style=\"text-align: justify;\">De \u00e4r gjorda av bomull och kan tv\u00e4ttas mellan anv\u00e4ndningarna.&nbsp;<\/p>\n<p style=\"text-align: justify;\">V\u00e5ra professionella behandlingshandskar kommer s\u00e4kert att s\u00e4ljas bra. Vem vill inte ha len och lyxig hud?&nbsp;<\/p>\n<p style=\"text-align: justify;\"><strong><span style=\"color: rgb(84, 172, 210);\">Best\u00e4ll n\u00e5gra idag f\u00f6r att ge din butik den lyx den f\u00f6rtj\u00e4nar!<\/span><\/strong><\/p>\n","protected":false},"excerpt":{"rendered":"<p>Dessa Professionella Behandlingshandskar i Grossistledet anv\u00e4nds ofta f\u00f6r att f\u00f6rb\u00e4ttra torr hud p\u00e5 h\u00e4nderna och \u00e4r l\u00e4mpliga f\u00f6r eksemdrabbade som beh\u00f6ver applicera hudkr\u00e4mer regelbundet. F\u00f6r b\u00e4sta resultat, applicera ett lager handkr\u00e4m innan du l\u00e4gger dig och ta sedan p\u00e5 dig handskarna medan du sover.&nbsp; Dessa vita bomullshandskar \u00e4r tillg\u00e4ngliga i universalstorlek och \u00e4r l\u00e4mpliga f\u00f6r [&hellip;]<\/p>\n","protected":false},"featured_media":296706,"comment_status":"closed","ping_status":"open","template":"","meta":{"_angie_page":false},"product_brand":[],"product_cat":[12600,12890],"product_tag":[],"class_list":{"0":"post-215721","1":"product","2":"type-product","3":"status-publish","4":"has-post-thumbnail","6":"product_cat-bad-och-dusch","7":"product_cat-borstar-skrubbor-och-skrapor","8":"pa_collection-brush-scrub-scrape-sv","9":"pa_made-in-kina","11":"first","12":"instock","13":"purchasable","14":"product-type-simple"},"supplier_id":null,"supplier_sku":"Mitt-04","barcode":null,"atum_controlled":true,"out_stock_date":null,"out_stock_threshold":null,"inheritable":false,"inbound_stock":null,"stock_on_hold":0,"sold_today":0,"sales_last_days":0,"reserved_stock":null,"customer_returns":null,"warehouse_damage":null,"lost_in_post":null,"other_logs":null,"out_stock_days":0,"lost_sales":0,"has_location":null,"update_date":"2026-04-27T07:13:06","atum_locations":[],"atum_stock_status":"instock","restock_status":false,"low_stock_amount":"","sales_update_date":"2026-01-30T01:24:41","calc_backorders":null,"_links":{"self":[{"href":"https:\/\/aromasentia.com\/sv\/wp-json\/wp\/v2\/product\/215721","targetHints":{"allow":["GET"]}}],"collection":[{"href":"https:\/\/aromasentia.com\/sv\/wp-json\/wp\/v2\/product"}],"about":[{"href":"https:\/\/aromasentia.com\/sv\/wp-json\/wp\/v2\/types\/product"}],"replies":[{"embeddable":true,"href":"https:\/\/aromasentia.com\/sv\/wp-json\/wp\/v2\/comments?post=215721"}],"version-history":[{"count":0,"href":"https:\/\/aromasentia.com\/sv\/wp-json\/wp\/v2\/product\/215721\/revisions"}],"wp:featuredmedia":[{"embeddable":true,"href":"https:\/\/aromasentia.com\/sv\/wp-json\/wp\/v2\/media\/296706"}],"wp:attachment":[{"href":"https:\/\/aromasentia.com\/sv\/wp-json\/wp\/v2\/media?parent=215721"}],"wp:term":[{"taxonomy":"product_brand","embeddable":true,"href":"https:\/\/aromasentia.com\/sv\/wp-json\/wp\/v2\/product_brand?post=215721"},{"taxonomy":"product_cat","embeddable":true,"href":"https:\/\/aromasentia.com\/sv\/wp-json\/wp\/v2\/product_cat?post=215721"},{"taxonomy":"product_tag","embeddable":true,"href":"https:\/\/aromasentia.com\/sv\/wp-json\/wp\/v2\/product_tag?post=215721"}],"curies":[{"name":"wp","href":"https:\/\/api.w.org\/{rel}","templated":true}]}}