{"id":215720,"date":"2025-03-20T17:44:22","date_gmt":"2025-03-20T17:44:22","guid":{"rendered":"https:\/\/aromasentia.com\/product\/standing-soap-flower-bouquet-orange\/"},"modified":"2025-12-31T15:34:27","modified_gmt":"2025-12-31T15:34:27","slug":"staende-bukett-med-tvalblommor-orange","status":"publish","type":"product","link":"https:\/\/aromasentia.com\/sv\/staende-bukett-med-tvalblommor-orange\/","title":{"rendered":"St\u00e5ende Bukett med Tv\u00e5lblommor &#8211; Orange"},"content":{"rendered":"<p style=\"text-align: justify;\">Vackert arrangerade <strong>tv\u00e5lblommor i grossistledet&nbsp;<\/strong>\u00e4r en perfekt present till f\u00f6delsedagar, br\u00f6llop, jul eller bara som ett litet n\u00f6je till dig sj\u00e4lv.&nbsp;<\/p>\n<p style=\"text-align: justify;\">Du kommer att \u00e4lska denna bukett som n\u00e4sta ser ut som riktiga blommor. Buketten \u00e4r konstn\u00e4rligt arrangerad och vackert presenterad. Det finns 6 buketter med olika f\u00e4rgtema. Varje bukett inneh\u00e5ller 6 delikat doftande rosor, 2 nejlikor, 2 zinnia och hortensia.<\/p>\n<p style=\"text-align: justify;\">L\u00e4gg bara en eller tv\u00e5 blommor i ditt varma bad, slappna av och se de vackra blommorna l\u00f6sas upp framf\u00f6r dig. Du kommer s\u00e4kerligen att njuta av det f\u00e4rgglada vattnet och den milda doften. Den f\u00e5r din hud att bli mjuk, silkeslen och underbart doftande.<\/p>\n","protected":false},"excerpt":{"rendered":"<p>Vackert arrangerade tv\u00e5lblommor i grossistledet&nbsp;\u00e4r en perfekt present till f\u00f6delsedagar, br\u00f6llop, jul eller bara som ett litet n\u00f6je till dig sj\u00e4lv.&nbsp; Du kommer att \u00e4lska denna bukett som n\u00e4sta ser ut som riktiga blommor. Buketten \u00e4r konstn\u00e4rligt arrangerad och vackert presenterad. Det finns 6 buketter med olika f\u00e4rgtema. Varje bukett inneh\u00e5ller 6 delikat doftande rosor, [&hellip;]<\/p>\n","protected":false},"featured_media":296923,"comment_status":"closed","ping_status":"open","template":"","meta":{"_angie_page":false},"product_brand":[],"product_cat":[26047,12600,26822,25845,12884],"product_tag":[],"class_list":{"0":"post-215720","1":"product","2":"type-product","3":"status-publish","4":"has-post-thumbnail","6":"product_cat-apelsin","7":"product_cat-bad-och-dusch","8":"product_cat-citrus","9":"product_cat-dofter-aromer","10":"product_cat-naturliga-tvalar","11":"pa_collection-soap-flower-bouquets-sv","12":"pa_made-in-kina","14":"first","15":"instock","16":"purchasable","17":"product-type-simple"},"supplier_id":null,"supplier_sku":"SFB-01","barcode":null,"atum_controlled":true,"out_stock_date":null,"out_stock_threshold":null,"inheritable":false,"inbound_stock":null,"stock_on_hold":0,"sold_today":0,"sales_last_days":0,"reserved_stock":null,"customer_returns":null,"warehouse_damage":null,"lost_in_post":null,"other_logs":null,"out_stock_days":0,"lost_sales":0,"has_location":null,"update_date":"2026-05-08T05:19:07","atum_locations":[],"atum_stock_status":"instock","restock_status":false,"low_stock_amount":"","sales_update_date":"2025-09-05T00:20:36","calc_backorders":null,"_links":{"self":[{"href":"https:\/\/aromasentia.com\/sv\/wp-json\/wp\/v2\/product\/215720","targetHints":{"allow":["GET"]}}],"collection":[{"href":"https:\/\/aromasentia.com\/sv\/wp-json\/wp\/v2\/product"}],"about":[{"href":"https:\/\/aromasentia.com\/sv\/wp-json\/wp\/v2\/types\/product"}],"replies":[{"embeddable":true,"href":"https:\/\/aromasentia.com\/sv\/wp-json\/wp\/v2\/comments?post=215720"}],"version-history":[{"count":0,"href":"https:\/\/aromasentia.com\/sv\/wp-json\/wp\/v2\/product\/215720\/revisions"}],"wp:featuredmedia":[{"embeddable":true,"href":"https:\/\/aromasentia.com\/sv\/wp-json\/wp\/v2\/media\/296923"}],"wp:attachment":[{"href":"https:\/\/aromasentia.com\/sv\/wp-json\/wp\/v2\/media?parent=215720"}],"wp:term":[{"taxonomy":"product_brand","embeddable":true,"href":"https:\/\/aromasentia.com\/sv\/wp-json\/wp\/v2\/product_brand?post=215720"},{"taxonomy":"product_cat","embeddable":true,"href":"https:\/\/aromasentia.com\/sv\/wp-json\/wp\/v2\/product_cat?post=215720"},{"taxonomy":"product_tag","embeddable":true,"href":"https:\/\/aromasentia.com\/sv\/wp-json\/wp\/v2\/product_tag?post=215720"}],"curies":[{"name":"wp","href":"https:\/\/api.w.org\/{rel}","templated":true}]}}